{"id":954,"date":"2015-11-22T18:41:23","date_gmt":"2015-11-22T18:41:23","guid":{"rendered":"http:\/\/www.nina-sh.de\/?page_id=954"},"modified":"2020-12-11T08:20:27","modified_gmt":"2020-12-11T08:20:27","slug":"geschaeftsfuehrung","status":"publish","type":"page","link":"https:\/\/www.nina-sh.de\/?page_id=954","title":{"rendered":"Gesch\u00e4ftsf\u00fchrung"},"content":{"rendered":"\t\t<div data-elementor-type=\"wp-page\" data-elementor-id=\"954\" class=\"elementor elementor-954\">\n\t\t\t\t\t\t<section class=\"elementor-section elementor-top-section elementor-element elementor-element-f8a00fa elementor-section-boxed elementor-section-height-default elementor-section-height-default\" data-id=\"f8a00fa\" data-element_type=\"section\" data-e-type=\"section\">\n\t\t\t\t\t\t<div class=\"elementor-container elementor-column-gap-default\">\n\t\t\t\t\t<div class=\"elementor-column elementor-col-100 elementor-top-column elementor-element elementor-element-c2611e5\" data-id=\"c2611e5\" data-element_type=\"column\" data-e-type=\"column\">\n\t\t\t<div class=\"elementor-widget-wrap elementor-element-populated\">\n\t\t\t\t\t\t<div class=\"elementor-element elementor-element-f5fb9af elementor-widget-divider--view-line elementor-widget elementor-widget-divider\" data-id=\"f5fb9af\" data-element_type=\"widget\" data-e-type=\"widget\" data-widget_type=\"divider.default\">\n\t\t\t\t<div class=\"elementor-widget-container\">\n\t\t\t\t\t\t\t<div class=\"elementor-divider\">\n\t\t\t<span class=\"elementor-divider-separator\">\n\t\t\t\t\t\t<\/span>\n\t\t<\/div>\n\t\t\t\t\t\t<\/div>\n\t\t\t\t<\/div>\n\t\t\t\t\t<\/div>\n\t\t<\/div>\n\t\t\t\t\t<\/div>\n\t\t<\/section>\n\t\t\t\t<section class=\"elementor-section elementor-top-section elementor-element elementor-element-6283caa elementor-section-full_width elementor-hidden-phone elementor-section-height-default elementor-section-height-default\" data-id=\"6283caa\" data-element_type=\"section\" data-e-type=\"section\">\n\t\t\t\t\t\t<div class=\"elementor-container elementor-column-gap-default\">\n\t\t\t\t\t<div class=\"elementor-column elementor-col-50 elementor-top-column elementor-element elementor-element-ecb4137\" data-id=\"ecb4137\" data-element_type=\"column\" data-e-type=\"column\">\n\t\t\t<div class=\"elementor-widget-wrap elementor-element-populated\">\n\t\t\t\t\t\t<div class=\"elementor-element elementor-element-a81e8f7 elementor-widget elementor-widget-image\" data-id=\"a81e8f7\" data-element_type=\"widget\" data-e-type=\"widget\" data-widget_type=\"image.default\">\n\t\t\t\t<div class=\"elementor-widget-container\">\n\t\t\t\t\t\t\t\t\t\t\t\t\t\t\t<img decoding=\"async\" src=\"https:\/\/www.nina-sh.de\/wp-content\/uploads\/elementor\/thumbs\/NINa_Ohrt-e1598340962241-q9al0s4s3rxw6gqkhijlxpn0hdlhno4iceglbo7shs.jpg\" title=\"NINa_Ohrt\" alt=\"NINa_Ohrt\" loading=\"lazy\" \/>\t\t\t\t\t\t\t\t\t\t\t\t\t\t\t<\/div>\n\t\t\t\t<\/div>\n\t\t\t\t\t<\/div>\n\t\t<\/div>\n\t\t\t\t<div class=\"elementor-column elementor-col-50 elementor-top-column elementor-element elementor-element-47a7e4a\" data-id=\"47a7e4a\" data-element_type=\"column\" data-e-type=\"column\">\n\t\t\t<div class=\"elementor-widget-wrap elementor-element-populated\">\n\t\t\t\t\t\t<section class=\"elementor-section elementor-inner-section elementor-element elementor-element-68e971b elementor-section-boxed elementor-section-height-default elementor-section-height-default\" data-id=\"68e971b\" data-element_type=\"section\" data-e-type=\"section\">\n\t\t\t\t\t\t<div class=\"elementor-container elementor-column-gap-default\">\n\t\t\t\t\t<div class=\"elementor-column elementor-col-100 elementor-inner-column elementor-element elementor-element-fe724d5\" data-id=\"fe724d5\" data-element_type=\"column\" data-e-type=\"column\">\n\t\t\t<div class=\"elementor-widget-wrap elementor-element-populated\">\n\t\t\t\t\t\t<div class=\"elementor-element elementor-element-00504da elementor-widget elementor-widget-text-editor\" data-id=\"00504da\" data-element_type=\"widget\" data-e-type=\"widget\" data-widget_type=\"text-editor.default\">\n\t\t\t\t<div class=\"elementor-widget-container\">\n\t\t\t\t\t\t\t\t\t<p><strong>Dr. Christian Ohrt<\/strong> verantwortet die hauptamtliche Gesch\u00e4ftsf\u00fchrung der NINa SH seit Juli 2015. Er ist promovierter Materialwissenschaftler und arbeitet bereits seit dem Jahre 2012 f\u00fcr NINa.<\/p><p>Er steht Ihnen als Ansprechpartner f\u00fcr alle Anfragen rund um NINa SH e.V. zur Verf\u00fcgung:<\/p><p>E-Mail:<a href=\"mailto:ohrt@nina-sh.de\"> ohrt@nina-sh.de<\/a><br \/>Telefon: +49 (0) 431 880-6245<\/p>\t\t\t\t\t\t\t\t<\/div>\n\t\t\t\t<\/div>\n\t\t\t\t\t<\/div>\n\t\t<\/div>\n\t\t\t\t\t<\/div>\n\t\t<\/section>\n\t\t\t\t\t<\/div>\n\t\t<\/div>\n\t\t\t\t\t<\/div>\n\t\t<\/section>\n\t\t\t\t<section class=\"elementor-section elementor-top-section elementor-element elementor-element-23deb60 elementor-hidden-desktop elementor-hidden-tablet elementor-section-boxed elementor-section-height-default elementor-section-height-default\" data-id=\"23deb60\" data-element_type=\"section\" data-e-type=\"section\">\n\t\t\t\t\t\t<div class=\"elementor-container elementor-column-gap-default\">\n\t\t\t\t\t<div class=\"elementor-column elementor-col-100 elementor-top-column elementor-element elementor-element-70c497c\" data-id=\"70c497c\" data-element_type=\"column\" data-e-type=\"column\">\n\t\t\t<div class=\"elementor-widget-wrap elementor-element-populated\">\n\t\t\t\t\t\t<section class=\"elementor-section elementor-inner-section elementor-element elementor-element-4dce1ae elementor-section-boxed elementor-section-height-default elementor-section-height-default\" data-id=\"4dce1ae\" data-element_type=\"section\" data-e-type=\"section\">\n\t\t\t\t\t\t<div class=\"elementor-container elementor-column-gap-default\">\n\t\t\t\t\t<div class=\"elementor-column elementor-col-50 elementor-inner-column elementor-element elementor-element-be2eaf7\" data-id=\"be2eaf7\" data-element_type=\"column\" data-e-type=\"column\">\n\t\t\t<div class=\"elementor-widget-wrap elementor-element-populated\">\n\t\t\t\t\t\t<div class=\"elementor-element elementor-element-42030d8 elementor-widget elementor-widget-image\" data-id=\"42030d8\" data-element_type=\"widget\" data-e-type=\"widget\" data-widget_type=\"image.default\">\n\t\t\t\t<div class=\"elementor-widget-container\">\n\t\t\t\t\t\t\t\t\t\t\t\t\t\t\t<img fetchpriority=\"high\" decoding=\"async\" width=\"234\" height=\"300\" src=\"https:\/\/www.nina-sh.de\/wp-content\/uploads\/2020\/08\/NINa_Ohrt-e1598340962241-234x300.jpg\" class=\"attachment-medium size-medium wp-image-2843\" alt=\"\" srcset=\"https:\/\/www.nina-sh.de\/wp-content\/uploads\/2020\/08\/NINa_Ohrt-e1598340962241-234x300.jpg 234w, https:\/\/www.nina-sh.de\/wp-content\/uploads\/2020\/08\/NINa_Ohrt-e1598340962241-230x295.jpg 230w, https:\/\/www.nina-sh.de\/wp-content\/uploads\/2020\/08\/NINa_Ohrt-e1598340962241-350x449.jpg 350w, https:\/\/www.nina-sh.de\/wp-content\/uploads\/2020\/08\/NINa_Ohrt-e1598340962241-480x615.jpg 480w, https:\/\/www.nina-sh.de\/wp-content\/uploads\/2020\/08\/NINa_Ohrt-e1598340962241.jpg 756w\" sizes=\"(max-width: 234px) 100vw, 234px\" \/>\t\t\t\t\t\t\t\t\t\t\t\t\t\t\t<\/div>\n\t\t\t\t<\/div>\n\t\t\t\t\t<\/div>\n\t\t<\/div>\n\t\t\t\t<div class=\"elementor-column elementor-col-50 elementor-inner-column elementor-element elementor-element-f92fc26\" data-id=\"f92fc26\" data-element_type=\"column\" data-e-type=\"column\">\n\t\t\t<div class=\"elementor-widget-wrap elementor-element-populated\">\n\t\t\t\t\t\t<div class=\"elementor-element elementor-element-0d8ecc3 elementor-widget elementor-widget-text-editor\" data-id=\"0d8ecc3\" data-element_type=\"widget\" data-e-type=\"widget\" data-widget_type=\"text-editor.default\">\n\t\t\t\t<div class=\"elementor-widget-container\">\n\t\t\t\t\t\t\t\t\t<p><strong>Dr. Christian Ohrt<\/strong> verantwortet die hauptamtliche Gesch\u00e4ftsf\u00fchrung der NINa SH seit Juli 2015. Er ist promovierter Materialwissenschaftler und arbeitet bereits seit dem Jahre 2012 f\u00fcr NINa.<\/p><p>Er steht Ihnen als Ansprechpartner f\u00fcr alle Anfragen rund um NINa SH e.V. zur Verf\u00fcgung:<\/p><p>E-Mail:<a href=\"mailto:ohrt@nina-sh.de\"> ohrt@nina-sh.de<\/a><br \/>Telefon: +49 (0) 431 880-6245<\/p>\t\t\t\t\t\t\t\t<\/div>\n\t\t\t\t<\/div>\n\t\t\t\t\t<\/div>\n\t\t<\/div>\n\t\t\t\t\t<\/div>\n\t\t<\/section>\n\t\t\t\t\t<\/div>\n\t\t<\/div>\n\t\t\t\t\t<\/div>\n\t\t<\/section>\n\t\t\t\t<\/div>\n\t\t","protected":false},"excerpt":{"rendered":"<p>Dr. Christian Ohrt verantwortet die hauptamtliche Gesch\u00e4ftsf\u00fchrung der NINa SH seit Juli 2015. Er ist promovierter Materialwissenschaftler und arbeitet bereits seit dem Jahre 2012 f\u00fcr NINa. Er steht Ihnen als Ansprechpartner f\u00fcr alle Anfragen rund um NINa SH e.V. zur Verf\u00fcgung: E-Mail: ohrt@nina-sh.deTelefon: +49 (0) 431 880-6245 Dr. Christian Ohrt verantwortet die hauptamtliche Gesch\u00e4ftsf\u00fchrung der [&hellip;]<\/p>\n","protected":false},"author":1,"featured_media":0,"parent":0,"menu_order":0,"comment_status":"closed","ping_status":"closed","template":"page-templates\/page_fullwidth.php","meta":{"footnotes":""},"class_list":["post-954","page","type-page","status-publish","hentry"],"yoast_head":"<!-- This site is optimized with the Yoast SEO plugin v27.3 - https:\/\/yoast.com\/product\/yoast-seo-wordpress\/ -->\n<title>Gesch\u00e4ftsf\u00fchrung - NINa e.V.<\/title>\n<meta name=\"robots\" content=\"index, follow, max-snippet:-1, max-image-preview:large, max-video-preview:-1\" \/>\n<link rel=\"canonical\" href=\"https:\/\/www.nina-sh.de\/?page_id=954\" \/>\n<meta property=\"og:locale\" content=\"de_DE\" \/>\n<meta property=\"og:type\" content=\"article\" \/>\n<meta property=\"og:title\" content=\"Gesch\u00e4ftsf\u00fchrung - NINa e.V.\" \/>\n<meta property=\"og:description\" content=\"Dr. Christian Ohrt verantwortet die hauptamtliche Gesch\u00e4ftsf\u00fchrung der NINa SH seit Juli 2015. Er ist promovierter Materialwissenschaftler und arbeitet bereits seit dem Jahre 2012 f\u00fcr NINa. Er steht Ihnen als Ansprechpartner f\u00fcr alle Anfragen rund um NINa SH e.V. zur Verf\u00fcgung: E-Mail: ohrt@nina-sh.deTelefon: +49 (0) 431 880-6245 Dr. Christian Ohrt verantwortet die hauptamtliche Gesch\u00e4ftsf\u00fchrung der [&hellip;]\" \/>\n<meta property=\"og:url\" content=\"https:\/\/www.nina-sh.de\/?page_id=954\" \/>\n<meta property=\"og:site_name\" content=\"NINa e.V.\" \/>\n<meta property=\"article:modified_time\" content=\"2020-12-11T08:20:27+00:00\" \/>\n<meta property=\"og:image\" content=\"https:\/\/www.nina-sh.de\/wp-content\/uploads\/elementor\/thumbs\/NINa_Ohrt-e1598340962241-ouh6s5impn6zlidekwj9rpuh4zaqwdusnmez6aa328.jpg\" \/>\n<meta name=\"twitter:card\" content=\"summary_large_image\" \/>\n<meta name=\"twitter:label1\" content=\"Gesch\u00e4tzte Lesezeit\" \/>\n\t<meta name=\"twitter:data1\" content=\"1\u00a0Minute\" \/>\n<script type=\"application\/ld+json\" class=\"yoast-schema-graph\">{\"@context\":\"https:\\\/\\\/schema.org\",\"@graph\":[{\"@type\":\"WebPage\",\"@id\":\"https:\\\/\\\/www.nina-sh.de\\\/?page_id=954\",\"url\":\"https:\\\/\\\/www.nina-sh.de\\\/?page_id=954\",\"name\":\"Gesch\u00e4ftsf\u00fchrung - NINa e.V.\",\"isPartOf\":{\"@id\":\"https:\\\/\\\/www.nina-sh.de\\\/#website\"},\"primaryImageOfPage\":{\"@id\":\"https:\\\/\\\/www.nina-sh.de\\\/?page_id=954#primaryimage\"},\"image\":{\"@id\":\"https:\\\/\\\/www.nina-sh.de\\\/?page_id=954#primaryimage\"},\"thumbnailUrl\":\"https:\\\/\\\/www.nina-sh.de\\\/wp-content\\\/uploads\\\/elementor\\\/thumbs\\\/NINa_Ohrt-e1598340962241-ouh6s5impn6zlidekwj9rpuh4zaqwdusnmez6aa328.jpg\",\"datePublished\":\"2015-11-22T18:41:23+00:00\",\"dateModified\":\"2020-12-11T08:20:27+00:00\",\"breadcrumb\":{\"@id\":\"https:\\\/\\\/www.nina-sh.de\\\/?page_id=954#breadcrumb\"},\"inLanguage\":\"de\",\"potentialAction\":[{\"@type\":\"ReadAction\",\"target\":[\"https:\\\/\\\/www.nina-sh.de\\\/?page_id=954\"]}]},{\"@type\":\"ImageObject\",\"inLanguage\":\"de\",\"@id\":\"https:\\\/\\\/www.nina-sh.de\\\/?page_id=954#primaryimage\",\"url\":\"https:\\\/\\\/www.nina-sh.de\\\/wp-content\\\/uploads\\\/elementor\\\/thumbs\\\/NINa_Ohrt-e1598340962241-ouh6s5impn6zlidekwj9rpuh4zaqwdusnmez6aa328.jpg\",\"contentUrl\":\"https:\\\/\\\/www.nina-sh.de\\\/wp-content\\\/uploads\\\/elementor\\\/thumbs\\\/NINa_Ohrt-e1598340962241-ouh6s5impn6zlidekwj9rpuh4zaqwdusnmez6aa328.jpg\"},{\"@type\":\"BreadcrumbList\",\"@id\":\"https:\\\/\\\/www.nina-sh.de\\\/?page_id=954#breadcrumb\",\"itemListElement\":[{\"@type\":\"ListItem\",\"position\":1,\"name\":\"Startseite\",\"item\":\"https:\\\/\\\/www.nina-sh.de\\\/?page_id=9\"},{\"@type\":\"ListItem\",\"position\":2,\"name\":\"Gesch\u00e4ftsf\u00fchrung\"}]},{\"@type\":\"WebSite\",\"@id\":\"https:\\\/\\\/www.nina-sh.de\\\/#website\",\"url\":\"https:\\\/\\\/www.nina-sh.de\\\/\",\"name\":\"NINa e.V.\",\"description\":\"\",\"publisher\":{\"@id\":\"https:\\\/\\\/www.nina-sh.de\\\/#organization\"},\"potentialAction\":[{\"@type\":\"SearchAction\",\"target\":{\"@type\":\"EntryPoint\",\"urlTemplate\":\"https:\\\/\\\/www.nina-sh.de\\\/?s={search_term_string}\"},\"query-input\":{\"@type\":\"PropertyValueSpecification\",\"valueRequired\":true,\"valueName\":\"search_term_string\"}}],\"inLanguage\":\"de\"},{\"@type\":\"Organization\",\"@id\":\"https:\\\/\\\/www.nina-sh.de\\\/#organization\",\"name\":\"NINa e.V.\",\"url\":\"https:\\\/\\\/www.nina-sh.de\\\/\",\"logo\":{\"@type\":\"ImageObject\",\"inLanguage\":\"de\",\"@id\":\"https:\\\/\\\/www.nina-sh.de\\\/#\\\/schema\\\/logo\\\/image\\\/\",\"url\":\"https:\\\/\\\/www.nina-sh.de\\\/wp-content\\\/uploads\\\/2024\\\/10\\\/Logo_NINa-EU_var1-scaled.jpg\",\"contentUrl\":\"https:\\\/\\\/www.nina-sh.de\\\/wp-content\\\/uploads\\\/2024\\\/10\\\/Logo_NINa-EU_var1-scaled.jpg\",\"width\":2560,\"height\":805,\"caption\":\"NINa e.V.\"},\"image\":{\"@id\":\"https:\\\/\\\/www.nina-sh.de\\\/#\\\/schema\\\/logo\\\/image\\\/\"}}]}<\/script>\n<!-- \/ Yoast SEO plugin. -->","yoast_head_json":{"title":"Gesch\u00e4ftsf\u00fchrung - NINa e.V.","robots":{"index":"index","follow":"follow","max-snippet":"max-snippet:-1","max-image-preview":"max-image-preview:large","max-video-preview":"max-video-preview:-1"},"canonical":"https:\/\/www.nina-sh.de\/?page_id=954","og_locale":"de_DE","og_type":"article","og_title":"Gesch\u00e4ftsf\u00fchrung - NINa e.V.","og_description":"Dr. Christian Ohrt verantwortet die hauptamtliche Gesch\u00e4ftsf\u00fchrung der NINa SH seit Juli 2015. Er ist promovierter Materialwissenschaftler und arbeitet bereits seit dem Jahre 2012 f\u00fcr NINa. Er steht Ihnen als Ansprechpartner f\u00fcr alle Anfragen rund um NINa SH e.V. zur Verf\u00fcgung: E-Mail: ohrt@nina-sh.deTelefon: +49 (0) 431 880-6245 Dr. Christian Ohrt verantwortet die hauptamtliche Gesch\u00e4ftsf\u00fchrung der [&hellip;]","og_url":"https:\/\/www.nina-sh.de\/?page_id=954","og_site_name":"NINa e.V.","article_modified_time":"2020-12-11T08:20:27+00:00","og_image":[{"url":"https:\/\/www.nina-sh.de\/wp-content\/uploads\/elementor\/thumbs\/NINa_Ohrt-e1598340962241-ouh6s5impn6zlidekwj9rpuh4zaqwdusnmez6aa328.jpg","type":"","width":"","height":""}],"twitter_card":"summary_large_image","twitter_misc":{"Gesch\u00e4tzte Lesezeit":"1\u00a0Minute"},"schema":{"@context":"https:\/\/schema.org","@graph":[{"@type":"WebPage","@id":"https:\/\/www.nina-sh.de\/?page_id=954","url":"https:\/\/www.nina-sh.de\/?page_id=954","name":"Gesch\u00e4ftsf\u00fchrung - NINa e.V.","isPartOf":{"@id":"https:\/\/www.nina-sh.de\/#website"},"primaryImageOfPage":{"@id":"https:\/\/www.nina-sh.de\/?page_id=954#primaryimage"},"image":{"@id":"https:\/\/www.nina-sh.de\/?page_id=954#primaryimage"},"thumbnailUrl":"https:\/\/www.nina-sh.de\/wp-content\/uploads\/elementor\/thumbs\/NINa_Ohrt-e1598340962241-ouh6s5impn6zlidekwj9rpuh4zaqwdusnmez6aa328.jpg","datePublished":"2015-11-22T18:41:23+00:00","dateModified":"2020-12-11T08:20:27+00:00","breadcrumb":{"@id":"https:\/\/www.nina-sh.de\/?page_id=954#breadcrumb"},"inLanguage":"de","potentialAction":[{"@type":"ReadAction","target":["https:\/\/www.nina-sh.de\/?page_id=954"]}]},{"@type":"ImageObject","inLanguage":"de","@id":"https:\/\/www.nina-sh.de\/?page_id=954#primaryimage","url":"https:\/\/www.nina-sh.de\/wp-content\/uploads\/elementor\/thumbs\/NINa_Ohrt-e1598340962241-ouh6s5impn6zlidekwj9rpuh4zaqwdusnmez6aa328.jpg","contentUrl":"https:\/\/www.nina-sh.de\/wp-content\/uploads\/elementor\/thumbs\/NINa_Ohrt-e1598340962241-ouh6s5impn6zlidekwj9rpuh4zaqwdusnmez6aa328.jpg"},{"@type":"BreadcrumbList","@id":"https:\/\/www.nina-sh.de\/?page_id=954#breadcrumb","itemListElement":[{"@type":"ListItem","position":1,"name":"Startseite","item":"https:\/\/www.nina-sh.de\/?page_id=9"},{"@type":"ListItem","position":2,"name":"Gesch\u00e4ftsf\u00fchrung"}]},{"@type":"WebSite","@id":"https:\/\/www.nina-sh.de\/#website","url":"https:\/\/www.nina-sh.de\/","name":"NINa e.V.","description":"","publisher":{"@id":"https:\/\/www.nina-sh.de\/#organization"},"potentialAction":[{"@type":"SearchAction","target":{"@type":"EntryPoint","urlTemplate":"https:\/\/www.nina-sh.de\/?s={search_term_string}"},"query-input":{"@type":"PropertyValueSpecification","valueRequired":true,"valueName":"search_term_string"}}],"inLanguage":"de"},{"@type":"Organization","@id":"https:\/\/www.nina-sh.de\/#organization","name":"NINa e.V.","url":"https:\/\/www.nina-sh.de\/","logo":{"@type":"ImageObject","inLanguage":"de","@id":"https:\/\/www.nina-sh.de\/#\/schema\/logo\/image\/","url":"https:\/\/www.nina-sh.de\/wp-content\/uploads\/2024\/10\/Logo_NINa-EU_var1-scaled.jpg","contentUrl":"https:\/\/www.nina-sh.de\/wp-content\/uploads\/2024\/10\/Logo_NINa-EU_var1-scaled.jpg","width":2560,"height":805,"caption":"NINa e.V."},"image":{"@id":"https:\/\/www.nina-sh.de\/#\/schema\/logo\/image\/"}}]}},"_links":{"self":[{"href":"https:\/\/www.nina-sh.de\/index.php?rest_route=\/wp\/v2\/pages\/954","targetHints":{"allow":["GET"]}}],"collection":[{"href":"https:\/\/www.nina-sh.de\/index.php?rest_route=\/wp\/v2\/pages"}],"about":[{"href":"https:\/\/www.nina-sh.de\/index.php?rest_route=\/wp\/v2\/types\/page"}],"author":[{"embeddable":true,"href":"https:\/\/www.nina-sh.de\/index.php?rest_route=\/wp\/v2\/users\/1"}],"replies":[{"embeddable":true,"href":"https:\/\/www.nina-sh.de\/index.php?rest_route=%2Fwp%2Fv2%2Fcomments&post=954"}],"version-history":[{"count":23,"href":"https:\/\/www.nina-sh.de\/index.php?rest_route=\/wp\/v2\/pages\/954\/revisions"}],"predecessor-version":[{"id":3041,"href":"https:\/\/www.nina-sh.de\/index.php?rest_route=\/wp\/v2\/pages\/954\/revisions\/3041"}],"wp:attachment":[{"href":"https:\/\/www.nina-sh.de\/index.php?rest_route=%2Fwp%2Fv2%2Fmedia&parent=954"}],"curies":[{"name":"wp","href":"https:\/\/api.w.org\/{rel}","templated":true}]}}