{"id":3569,"date":"2021-10-15T10:00:19","date_gmt":"2021-10-15T10:00:19","guid":{"rendered":"https:\/\/www.nina-sh.de\/?page_id=3569"},"modified":"2021-10-15T10:29:33","modified_gmt":"2021-10-15T10:29:33","slug":"nibs2021-2","status":"publish","type":"page","link":"https:\/\/www.nina-sh.de\/?page_id=3569","title":{"rendered":"NIBS2021"},"content":{"rendered":"\t\t<div data-elementor-type=\"wp-page\" data-elementor-id=\"3569\" class=\"elementor elementor-3569\">\n\t\t\t\t\t\t<section class=\"elementor-section elementor-top-section elementor-element elementor-element-f35d620 elementor-section-boxed elementor-section-height-default elementor-section-height-default\" data-id=\"f35d620\" data-element_type=\"section\" data-e-type=\"section\">\n\t\t\t\t\t\t<div class=\"elementor-container elementor-column-gap-default\">\n\t\t\t\t\t<div class=\"elementor-column elementor-col-100 elementor-top-column elementor-element elementor-element-c8ad564\" data-id=\"c8ad564\" data-element_type=\"column\" data-e-type=\"column\">\n\t\t\t<div class=\"elementor-widget-wrap elementor-element-populated\">\n\t\t\t\t\t\t<div class=\"elementor-element elementor-element-c233a31 elementor-widget-divider--view-line elementor-widget elementor-widget-divider\" data-id=\"c233a31\" data-element_type=\"widget\" data-e-type=\"widget\" data-widget_type=\"divider.default\">\n\t\t\t\t<div class=\"elementor-widget-container\">\n\t\t\t\t\t\t\t<div class=\"elementor-divider\">\n\t\t\t<span class=\"elementor-divider-separator\">\n\t\t\t\t\t\t<\/span>\n\t\t<\/div>\n\t\t\t\t\t\t<\/div>\n\t\t\t\t<\/div>\n\t\t\t\t\t<\/div>\n\t\t<\/div>\n\t\t\t\t\t<\/div>\n\t\t<\/section>\n\t\t\t\t<section class=\"elementor-section elementor-top-section elementor-element elementor-element-2b54ef0 elementor-section-boxed elementor-section-height-default elementor-section-height-default\" data-id=\"2b54ef0\" data-element_type=\"section\" data-e-type=\"section\">\n\t\t\t\t\t\t<div class=\"elementor-container elementor-column-gap-default\">\n\t\t\t\t\t<div class=\"elementor-column elementor-col-100 elementor-top-column elementor-element elementor-element-a0d13c0\" data-id=\"a0d13c0\" data-element_type=\"column\" data-e-type=\"column\">\n\t\t\t<div class=\"elementor-widget-wrap elementor-element-populated\">\n\t\t\t\t\t\t<div class=\"elementor-element elementor-element-f689a57 elementor-widget elementor-widget-image\" data-id=\"f689a57\" data-element_type=\"widget\" data-e-type=\"widget\" data-widget_type=\"image.default\">\n\t\t\t\t<div class=\"elementor-widget-container\">\n\t\t\t\t\t\t\t\t\t\t\t\t\t\t\t<img fetchpriority=\"high\" decoding=\"async\" width=\"867\" height=\"250\" src=\"https:\/\/www.nina-sh.de\/wp-content\/uploads\/2021\/10\/cropped-logo_nibs_4c-2021-wide.png\" class=\"attachment-large size-large wp-image-3356\" alt=\"\" srcset=\"https:\/\/www.nina-sh.de\/wp-content\/uploads\/2021\/10\/cropped-logo_nibs_4c-2021-wide.png 867w, https:\/\/www.nina-sh.de\/wp-content\/uploads\/2021\/10\/cropped-logo_nibs_4c-2021-wide-300x87.png 300w, https:\/\/www.nina-sh.de\/wp-content\/uploads\/2021\/10\/cropped-logo_nibs_4c-2021-wide-768x221.png 768w, https:\/\/www.nina-sh.de\/wp-content\/uploads\/2021\/10\/cropped-logo_nibs_4c-2021-wide-830x239.png 830w, https:\/\/www.nina-sh.de\/wp-content\/uploads\/2021\/10\/cropped-logo_nibs_4c-2021-wide-230x66.png 230w, https:\/\/www.nina-sh.de\/wp-content\/uploads\/2021\/10\/cropped-logo_nibs_4c-2021-wide-350x101.png 350w, https:\/\/www.nina-sh.de\/wp-content\/uploads\/2021\/10\/cropped-logo_nibs_4c-2021-wide-480x138.png 480w\" sizes=\"(max-width: 867px) 100vw, 867px\" \/>\t\t\t\t\t\t\t\t\t\t\t\t\t\t\t<\/div>\n\t\t\t\t<\/div>\n\t\t\t\t<div class=\"elementor-element elementor-element-08c7f87 elementor-widget elementor-widget-text-editor\" data-id=\"08c7f87\" data-element_type=\"widget\" data-e-type=\"widget\" data-widget_type=\"text-editor.default\">\n\t\t\t\t<div class=\"elementor-widget-container\">\n\t\t\t\t\t\t\t\t\t<h3 style=\"text-align: center;\"><strong>Nanotechnology and Innovation in the Baltic Sea Region 2021<\/strong><\/h3><h3 style=\"text-align: center;\"><strong><em>4. Konferenz, 4. &#8211; 6. August 2021, virtuell<br \/><\/em><\/strong><\/h3>\t\t\t\t\t\t\t\t<\/div>\n\t\t\t\t<\/div>\n\t\t\t\t\t<\/div>\n\t\t<\/div>\n\t\t\t\t\t<\/div>\n\t\t<\/section>\n\t\t\t\t<section class=\"elementor-section elementor-top-section elementor-element elementor-element-e96f731 elementor-section-boxed elementor-section-height-default elementor-section-height-default\" data-id=\"e96f731\" data-element_type=\"section\" data-e-type=\"section\">\n\t\t\t\t\t\t<div class=\"elementor-container elementor-column-gap-default\">\n\t\t\t\t\t<div class=\"elementor-column elementor-col-100 elementor-top-column elementor-element elementor-element-cfef8ee\" data-id=\"cfef8ee\" data-element_type=\"column\" data-e-type=\"column\">\n\t\t\t<div class=\"elementor-widget-wrap elementor-element-populated\">\n\t\t\t\t\t\t<div class=\"elementor-element elementor-element-5d259c1 elementor-widget elementor-widget-toggle\" data-id=\"5d259c1\" data-element_type=\"widget\" data-e-type=\"widget\" data-widget_type=\"toggle.default\">\n\t\t\t\t<div class=\"elementor-widget-container\">\n\t\t\t\t\t\t\t<div class=\"elementor-toggle\">\n\t\t\t\t\t\t\t<div class=\"elementor-toggle-item\">\n\t\t\t\t\t<h4 id=\"elementor-tab-title-9761\" class=\"elementor-tab-title\" data-tab=\"1\" role=\"button\" aria-controls=\"elementor-tab-content-9761\" aria-expanded=\"false\">\n\t\t\t\t\t\t\t\t\t\t\t\t<span class=\"elementor-toggle-icon elementor-toggle-icon-left\" aria-hidden=\"true\">\n\t\t\t\t\t\t\t\t\t\t\t\t\t\t\t<span class=\"elementor-toggle-icon-closed\"><i class=\"fas fa-caret-right\"><\/i><\/span>\n\t\t\t\t\t\t\t\t<span class=\"elementor-toggle-icon-opened\"><i class=\"elementor-toggle-icon-opened fas fa-caret-up\"><\/i><\/span>\n\t\t\t\t\t\t\t\t\t\t\t\t\t<\/span>\n\t\t\t\t\t\t\t\t\t\t\t\t<a class=\"elementor-toggle-title\" tabindex=\"0\">\u00dcber NIBS<\/a>\n\t\t\t\t\t<\/h4>\n\n\t\t\t\t\t<div id=\"elementor-tab-content-9761\" class=\"elementor-tab-content elementor-clearfix\" data-tab=\"1\" role=\"region\" aria-labelledby=\"elementor-tab-title-9761\"><p>Die NIBS-Konferenzreihe bietet eine ideale Gelegenheit, Ihre Sichtbarkeit als Wissenschaftler, Unternehmen oder sonstigen Akteur auf dem Gebiet der Nanotechnologie im Ostseeraum zu erh\u00f6hen. Teilnehmer aus Industrie, Wissenschaft und Politik treten in einen Dialog \u00fcber das Potenzial von interdisziplin\u00e4ren Anwendungen und neuen Produkten aus der Nanotechnologie.<\/p><p>Im Gegensatz zu nationalen Veranstaltungen bringt die NIBS-Konferenzreihe Forscher und Wirtschaftsakteure aus dem Ostseeraum (BSR) sowie Beteiligte an der Zusammenarbeit mit den BSR-Partnern zusammen, um die neuesten Errungenschaften der Forschung, innovative L\u00f6sungen und Anwendungen aus dem Gebiet der Nanotechnologie auszutauschen. Die NIBS konzentriert sich auf den Ostseeraum, in dem das Innovationspotenzial neuester Technologien \u00e4u\u00dferst hoch ist.<\/p><p>Zu den Themen der NIBS2021 geh\u00f6ren<\/p><ul><li>Nanotechnologie f\u00fcr die Biowissenschaften<\/li><li>Nano-Energie<\/li><li>Nanowerkstoffe<\/li><li>Nano-Optik<\/li><li>Nanoelektronik<\/li><li>Sensoren auf der Basis von Nanotechnologie<\/li><li>Nachhaltige Nanotechnologie<\/li><\/ul><\/div>\n\t\t\t\t<\/div>\n\t\t\t\t\t\t\t<div class=\"elementor-toggle-item\">\n\t\t\t\t\t<h4 id=\"elementor-tab-title-9762\" class=\"elementor-tab-title\" data-tab=\"2\" role=\"button\" aria-controls=\"elementor-tab-content-9762\" aria-expanded=\"false\">\n\t\t\t\t\t\t\t\t\t\t\t\t<span class=\"elementor-toggle-icon elementor-toggle-icon-left\" aria-hidden=\"true\">\n\t\t\t\t\t\t\t\t\t\t\t\t\t\t\t<span class=\"elementor-toggle-icon-closed\"><i class=\"fas fa-caret-right\"><\/i><\/span>\n\t\t\t\t\t\t\t\t<span class=\"elementor-toggle-icon-opened\"><i class=\"elementor-toggle-icon-opened fas fa-caret-up\"><\/i><\/span>\n\t\t\t\t\t\t\t\t\t\t\t\t\t<\/span>\n\t\t\t\t\t\t\t\t\t\t\t\t<a class=\"elementor-toggle-title\" tabindex=\"0\">Organisatoren<\/a>\n\t\t\t\t\t<\/h4>\n\n\t\t\t\t\t<div id=\"elementor-tab-content-9762\" class=\"elementor-tab-content elementor-clearfix\" data-tab=\"2\" role=\"region\" aria-labelledby=\"elementor-tab-title-9762\"><p>Die NIBS2021-Konferenz wird vom Mads Clausen Institut der University of Southern Denmark, der Kaunas University of Technology, Litauen, und der Norddeutschen Initiative Nanotechnologie Schleswig-Holstein e.V. (NINa SH eV) unter Leitung der Christian-Albrechts-Universit\u00e4t zu Kiel organisiert.<\/p><p><img decoding=\"async\" class=\"alignleft size-full wp-image-3357\" src=\"https:\/\/www.nina-sh.de\/wp-content\/uploads\/2021\/10\/nina-BALTIC.png\" alt=\"\" width=\"227\" height=\"100\" \/><img decoding=\"async\" class=\"alignnone wp-image-3358\" src=\"https:\/\/www.nina-sh.de\/wp-content\/uploads\/2021\/10\/cau-norm-en-lilagrey-rgb-0720-300x100.png\" alt=\"\" width=\"200\" height=\"67\" srcset=\"https:\/\/www.nina-sh.de\/wp-content\/uploads\/2021\/10\/cau-norm-en-lilagrey-rgb-0720-300x100.png 300w, https:\/\/www.nina-sh.de\/wp-content\/uploads\/2021\/10\/cau-norm-en-lilagrey-rgb-0720-230x77.png 230w, https:\/\/www.nina-sh.de\/wp-content\/uploads\/2021\/10\/cau-norm-en-lilagrey-rgb-0720-350x117.png 350w, https:\/\/www.nina-sh.de\/wp-content\/uploads\/2021\/10\/cau-norm-en-lilagrey-rgb-0720-480x160.png 480w, https:\/\/www.nina-sh.de\/wp-content\/uploads\/2021\/10\/cau-norm-en-lilagrey-rgb-0720.png 720w\" sizes=\"(max-width: 200px) 100vw, 200px\" \/><img loading=\"lazy\" decoding=\"async\" class=\"alignleft wp-image-3359 size-full\" src=\"https:\/\/www.nina-sh.de\/wp-content\/uploads\/2021\/10\/sdu-BALTIC.png\" alt=\"\" width=\"186\" height=\"100\" \/><img loading=\"lazy\" decoding=\"async\" class=\"alignleft wp-image-3360\" src=\"https:\/\/www.nina-sh.de\/wp-content\/uploads\/2021\/10\/kaunas-university-of-technology-ktu-logo-300x166.png\" alt=\"\" width=\"200\" height=\"111\" srcset=\"https:\/\/www.nina-sh.de\/wp-content\/uploads\/2021\/10\/kaunas-university-of-technology-ktu-logo-300x166.png 300w, https:\/\/www.nina-sh.de\/wp-content\/uploads\/2021\/10\/kaunas-university-of-technology-ktu-logo-1024x567.png 1024w, https:\/\/www.nina-sh.de\/wp-content\/uploads\/2021\/10\/kaunas-university-of-technology-ktu-logo-768x426.png 768w, https:\/\/www.nina-sh.de\/wp-content\/uploads\/2021\/10\/kaunas-university-of-technology-ktu-logo-830x460.png 830w, https:\/\/www.nina-sh.de\/wp-content\/uploads\/2021\/10\/kaunas-university-of-technology-ktu-logo-230x127.png 230w, https:\/\/www.nina-sh.de\/wp-content\/uploads\/2021\/10\/kaunas-university-of-technology-ktu-logo-350x194.png 350w, https:\/\/www.nina-sh.de\/wp-content\/uploads\/2021\/10\/kaunas-university-of-technology-ktu-logo-480x266.png 480w, https:\/\/www.nina-sh.de\/wp-content\/uploads\/2021\/10\/kaunas-university-of-technology-ktu-logo.png 1220w\" sizes=\"(max-width: 200px) 100vw, 200px\" \/><\/p><\/div>\n\t\t\t\t<\/div>\n\t\t\t\t\t\t\t<div class=\"elementor-toggle-item\">\n\t\t\t\t\t<h4 id=\"elementor-tab-title-9763\" class=\"elementor-tab-title\" data-tab=\"3\" role=\"button\" aria-controls=\"elementor-tab-content-9763\" aria-expanded=\"false\">\n\t\t\t\t\t\t\t\t\t\t\t\t<span class=\"elementor-toggle-icon elementor-toggle-icon-left\" aria-hidden=\"true\">\n\t\t\t\t\t\t\t\t\t\t\t\t\t\t\t<span class=\"elementor-toggle-icon-closed\"><i class=\"fas fa-caret-right\"><\/i><\/span>\n\t\t\t\t\t\t\t\t<span class=\"elementor-toggle-icon-opened\"><i class=\"elementor-toggle-icon-opened fas fa-caret-up\"><\/i><\/span>\n\t\t\t\t\t\t\t\t\t\t\t\t\t<\/span>\n\t\t\t\t\t\t\t\t\t\t\t\t<a class=\"elementor-toggle-title\" tabindex=\"0\">Download NIBS2021 Zusammenfassung<\/a>\n\t\t\t\t\t<\/h4>\n\n\t\t\t\t\t<div id=\"elementor-tab-content-9763\" class=\"elementor-tab-content elementor-clearfix\" data-tab=\"3\" role=\"region\" aria-labelledby=\"elementor-tab-title-9763\"><p><a href=\"https:\/\/www.nina-sh.de\/wp-content\/uploads\/2021\/10\/NIBS2021_Technical_Digest.pdf\" target=\"_blank\" rel=\"noopener\"><img loading=\"lazy\" decoding=\"async\" class=\"alignleft wp-image-3365 size-medium\" src=\"https:\/\/www.nina-sh.de\/wp-content\/uploads\/2021\/10\/NIBSDigest_thumb-300x211.png\" alt=\"\" width=\"300\" height=\"211\" srcset=\"https:\/\/www.nina-sh.de\/wp-content\/uploads\/2021\/10\/NIBSDigest_thumb-300x211.png 300w, https:\/\/www.nina-sh.de\/wp-content\/uploads\/2021\/10\/NIBSDigest_thumb-1024x722.png 1024w, https:\/\/www.nina-sh.de\/wp-content\/uploads\/2021\/10\/NIBSDigest_thumb-768x541.png 768w, https:\/\/www.nina-sh.de\/wp-content\/uploads\/2021\/10\/NIBSDigest_thumb-830x585.png 830w, https:\/\/www.nina-sh.de\/wp-content\/uploads\/2021\/10\/NIBSDigest_thumb-230x162.png 230w, https:\/\/www.nina-sh.de\/wp-content\/uploads\/2021\/10\/NIBSDigest_thumb-350x247.png 350w, https:\/\/www.nina-sh.de\/wp-content\/uploads\/2021\/10\/NIBSDigest_thumb-480x338.png 480w, https:\/\/www.nina-sh.de\/wp-content\/uploads\/2021\/10\/NIBSDigest_thumb.png 1294w\" sizes=\"(max-width: 300px) 100vw, 300px\" \/><\/a>Zusammenfassung des NBIS2021-Konferenzprogramms mit den Abstracts aller Vortr\u00e4ge und Poster.<\/p><h5><a href=\"https:\/\/www.nina-sh.de\/wp-content\/uploads\/2021\/10\/NIBS2021_Technical_Digest.pdf\" target=\"_blank\" rel=\"noopener\">\u27a4 Download als pdf<\/a><\/h5><\/div>\n\t\t\t\t<\/div>\n\t\t\t\t\t\t\t<div class=\"elementor-toggle-item\">\n\t\t\t\t\t<h4 id=\"elementor-tab-title-9764\" class=\"elementor-tab-title\" data-tab=\"4\" role=\"button\" aria-controls=\"elementor-tab-content-9764\" aria-expanded=\"false\">\n\t\t\t\t\t\t\t\t\t\t\t\t<span class=\"elementor-toggle-icon elementor-toggle-icon-left\" aria-hidden=\"true\">\n\t\t\t\t\t\t\t\t\t\t\t\t\t\t\t<span class=\"elementor-toggle-icon-closed\"><i class=\"fas fa-caret-right\"><\/i><\/span>\n\t\t\t\t\t\t\t\t<span class=\"elementor-toggle-icon-opened\"><i class=\"elementor-toggle-icon-opened fas fa-caret-up\"><\/i><\/span>\n\t\t\t\t\t\t\t\t\t\t\t\t\t<\/span>\n\t\t\t\t\t\t\t\t\t\t\t\t<a class=\"elementor-toggle-title\" tabindex=\"0\">Konferenzbeitr\u00e4ge<\/a>\n\t\t\t\t\t<\/h4>\n\n\t\t\t\t\t<div id=\"elementor-tab-content-9764\" class=\"elementor-tab-content elementor-clearfix\" data-tab=\"4\" role=\"region\" aria-labelledby=\"elementor-tab-title-9764\"><p>Die Pr\u00e4sentationen der Konferenz sind f\u00fcr Konferenzteilnehmer verf\u00fcgbar (passwortgesch\u00fctzt).<img loading=\"lazy\" decoding=\"async\" class=\"alignright wp-image-3366 size-medium\" src=\"https:\/\/www.nina-sh.de\/wp-content\/uploads\/2021\/10\/Video_ff-300x169.png\" alt=\"\" width=\"300\" height=\"169\" srcset=\"https:\/\/www.nina-sh.de\/wp-content\/uploads\/2021\/10\/Video_ff-300x169.png 300w, https:\/\/www.nina-sh.de\/wp-content\/uploads\/2021\/10\/Video_ff-230x130.png 230w, https:\/\/www.nina-sh.de\/wp-content\/uploads\/2021\/10\/Video_ff-350x197.png 350w, https:\/\/www.nina-sh.de\/wp-content\/uploads\/2021\/10\/Video_ff-480x270.png 480w, https:\/\/www.nina-sh.de\/wp-content\/uploads\/2021\/10\/Video_ff.png 483w\" sizes=\"(max-width: 300px) 100vw, 300px\" \/><\/p><h5><a href=\"https:\/\/www.nina-sh.de\/?page_id=3553\">\u27a4 Zu den Konferenzbeitr\u00e4gen<\/a><\/h5><\/div>\n\t\t\t\t<\/div>\n\t\t\t\t\t\t\t<div class=\"elementor-toggle-item\">\n\t\t\t\t\t<h4 id=\"elementor-tab-title-9765\" class=\"elementor-tab-title\" data-tab=\"5\" role=\"button\" aria-controls=\"elementor-tab-content-9765\" aria-expanded=\"false\">\n\t\t\t\t\t\t\t\t\t\t\t\t<span class=\"elementor-toggle-icon elementor-toggle-icon-left\" aria-hidden=\"true\">\n\t\t\t\t\t\t\t\t\t\t\t\t\t\t\t<span class=\"elementor-toggle-icon-closed\"><i class=\"fas fa-caret-right\"><\/i><\/span>\n\t\t\t\t\t\t\t\t<span class=\"elementor-toggle-icon-opened\"><i class=\"elementor-toggle-icon-opened fas fa-caret-up\"><\/i><\/span>\n\t\t\t\t\t\t\t\t\t\t\t\t\t<\/span>\n\t\t\t\t\t\t\t\t\t\t\t\t<a class=\"elementor-toggle-title\" tabindex=\"0\">Fr\u00fchere NIBS Konferenzen<\/a>\n\t\t\t\t\t<\/h4>\n\n\t\t\t\t\t<div id=\"elementor-tab-content-9765\" class=\"elementor-tab-content elementor-clearfix\" data-tab=\"5\" role=\"region\" aria-labelledby=\"elementor-tab-title-9765\"><ul><li><a href=\"https:\/\/nibsconference.ktu.edu\/nibs-2017\/\" target=\"_blank\" rel=\"noreferrer noopener\" aria-label=\"NIBS 2017 at the Kaunas University of Technology, Lithuania (opens in a new tab)\">NIBS 2017 an der Kaunas University of Technology, Litauen<\/a><\/li><li><a href=\"https:\/\/www.sdu.dk\/en\/nibs2018\" target=\"_blank\" rel=\"noreferrer noopener\" aria-label=\"NIBS 2018 at the University of Southern Denmark in Sonderborg (opens in a new tab)\">NIBS 2018 an der University of Southern Denmark in Sonderburg<\/a><\/li><li><a href=\"http:\/\/nanotechpoland.amu.edu.pl\/nibs2019\/index.html\" target=\"_blank\" rel=\"noreferrer noopener\" aria-label=\"NIBS 2019 at the Adam Mickiewicz University in Pozna\u0144, Poland (opens in a new tab)\">NIBS 2019 an der Adam Mickiewicz University in Posen, Polen<\/a><\/li><\/ul><\/div>\n\t\t\t\t<\/div>\n\t\t\t\t\t\t\t\t<\/div>\n\t\t\t\t\t\t<\/div>\n\t\t\t\t<\/div>\n\t\t\t\t\t<\/div>\n\t\t<\/div>\n\t\t\t\t\t<\/div>\n\t\t<\/section>\n\t\t\t\t<\/div>\n\t\t","protected":false},"excerpt":{"rendered":"<p>Nanotechnology and Innovation in the Baltic Sea Region 2021 4. Konferenz, 4. &#8211; 6. August 2021, virtuell \u00dcber NIBS Die NIBS-Konferenzreihe bietet eine ideale Gelegenheit, Ihre Sichtbarkeit als Wissenschaftler, Unternehmen oder sonstigen Akteur auf dem Gebiet der Nanotechnologie im Ostseeraum zu erh\u00f6hen. Teilnehmer aus Industrie, Wissenschaft und Politik treten in einen Dialog \u00fcber das Potenzial [&hellip;]<\/p>\n","protected":false},"author":1,"featured_media":0,"parent":0,"menu_order":0,"comment_status":"closed","ping_status":"closed","template":"page-templates\/page_fullwidth.php","meta":{"footnotes":""},"class_list":["post-3569","page","type-page","status-publish","hentry"],"yoast_head":"<!-- This site is optimized with the Yoast SEO plugin v27.3 - https:\/\/yoast.com\/product\/yoast-seo-wordpress\/ -->\n<title>NIBS2021 - NINa e.V.<\/title>\n<meta name=\"robots\" content=\"index, follow, max-snippet:-1, max-image-preview:large, max-video-preview:-1\" \/>\n<link rel=\"canonical\" href=\"https:\/\/www.nina-sh.de\/?page_id=3569\" \/>\n<meta property=\"og:locale\" content=\"de_DE\" \/>\n<meta property=\"og:type\" content=\"article\" \/>\n<meta property=\"og:title\" content=\"NIBS2021 - NINa e.V.\" \/>\n<meta property=\"og:description\" content=\"Nanotechnology and Innovation in the Baltic Sea Region 2021 4. Konferenz, 4. &#8211; 6. August 2021, virtuell \u00dcber NIBS Die NIBS-Konferenzreihe bietet eine ideale Gelegenheit, Ihre Sichtbarkeit als Wissenschaftler, Unternehmen oder sonstigen Akteur auf dem Gebiet der Nanotechnologie im Ostseeraum zu erh\u00f6hen. Teilnehmer aus Industrie, Wissenschaft und Politik treten in einen Dialog \u00fcber das Potenzial [&hellip;]\" \/>\n<meta property=\"og:url\" content=\"https:\/\/www.nina-sh.de\/?page_id=3569\" \/>\n<meta property=\"og:site_name\" content=\"NINa e.V.\" \/>\n<meta property=\"article:modified_time\" content=\"2021-10-15T10:29:33+00:00\" \/>\n<meta property=\"og:image\" content=\"https:\/\/www.nina-sh.de\/wp-content\/uploads\/2021\/10\/cropped-logo_nibs_4c-2021-wide.png\" \/>\n\t<meta property=\"og:image:width\" content=\"867\" \/>\n\t<meta property=\"og:image:height\" content=\"250\" \/>\n\t<meta property=\"og:image:type\" content=\"image\/png\" \/>\n<meta name=\"twitter:card\" content=\"summary_large_image\" \/>\n<meta name=\"twitter:label1\" content=\"Gesch\u00e4tzte Lesezeit\" \/>\n\t<meta name=\"twitter:data1\" content=\"1\u00a0Minute\" \/>\n<script type=\"application\/ld+json\" class=\"yoast-schema-graph\">{\"@context\":\"https:\\\/\\\/schema.org\",\"@graph\":[{\"@type\":\"WebPage\",\"@id\":\"https:\\\/\\\/www.nina-sh.de\\\/?page_id=3569\",\"url\":\"https:\\\/\\\/www.nina-sh.de\\\/?page_id=3569\",\"name\":\"NIBS2021 - NINa e.V.\",\"isPartOf\":{\"@id\":\"https:\\\/\\\/www.nina-sh.de\\\/#website\"},\"primaryImageOfPage\":{\"@id\":\"https:\\\/\\\/www.nina-sh.de\\\/?page_id=3569#primaryimage\"},\"image\":{\"@id\":\"https:\\\/\\\/www.nina-sh.de\\\/?page_id=3569#primaryimage\"},\"thumbnailUrl\":\"https:\\\/\\\/www.nina-sh.de\\\/wp-content\\\/uploads\\\/2021\\\/10\\\/cropped-logo_nibs_4c-2021-wide.png\",\"datePublished\":\"2021-10-15T10:00:19+00:00\",\"dateModified\":\"2021-10-15T10:29:33+00:00\",\"breadcrumb\":{\"@id\":\"https:\\\/\\\/www.nina-sh.de\\\/?page_id=3569#breadcrumb\"},\"inLanguage\":\"de\",\"potentialAction\":[{\"@type\":\"ReadAction\",\"target\":[\"https:\\\/\\\/www.nina-sh.de\\\/?page_id=3569\"]}]},{\"@type\":\"ImageObject\",\"inLanguage\":\"de\",\"@id\":\"https:\\\/\\\/www.nina-sh.de\\\/?page_id=3569#primaryimage\",\"url\":\"https:\\\/\\\/www.nina-sh.de\\\/wp-content\\\/uploads\\\/2021\\\/10\\\/cropped-logo_nibs_4c-2021-wide.png\",\"contentUrl\":\"https:\\\/\\\/www.nina-sh.de\\\/wp-content\\\/uploads\\\/2021\\\/10\\\/cropped-logo_nibs_4c-2021-wide.png\",\"width\":867,\"height\":250},{\"@type\":\"BreadcrumbList\",\"@id\":\"https:\\\/\\\/www.nina-sh.de\\\/?page_id=3569#breadcrumb\",\"itemListElement\":[{\"@type\":\"ListItem\",\"position\":1,\"name\":\"Startseite\",\"item\":\"https:\\\/\\\/www.nina-sh.de\\\/?page_id=9\"},{\"@type\":\"ListItem\",\"position\":2,\"name\":\"NIBS2021\"}]},{\"@type\":\"WebSite\",\"@id\":\"https:\\\/\\\/www.nina-sh.de\\\/#website\",\"url\":\"https:\\\/\\\/www.nina-sh.de\\\/\",\"name\":\"NINa e.V.\",\"description\":\"\",\"publisher\":{\"@id\":\"https:\\\/\\\/www.nina-sh.de\\\/#organization\"},\"potentialAction\":[{\"@type\":\"SearchAction\",\"target\":{\"@type\":\"EntryPoint\",\"urlTemplate\":\"https:\\\/\\\/www.nina-sh.de\\\/?s={search_term_string}\"},\"query-input\":{\"@type\":\"PropertyValueSpecification\",\"valueRequired\":true,\"valueName\":\"search_term_string\"}}],\"inLanguage\":\"de\"},{\"@type\":\"Organization\",\"@id\":\"https:\\\/\\\/www.nina-sh.de\\\/#organization\",\"name\":\"NINa e.V.\",\"url\":\"https:\\\/\\\/www.nina-sh.de\\\/\",\"logo\":{\"@type\":\"ImageObject\",\"inLanguage\":\"de\",\"@id\":\"https:\\\/\\\/www.nina-sh.de\\\/#\\\/schema\\\/logo\\\/image\\\/\",\"url\":\"https:\\\/\\\/www.nina-sh.de\\\/wp-content\\\/uploads\\\/2024\\\/10\\\/Logo_NINa-EU_var1-scaled.jpg\",\"contentUrl\":\"https:\\\/\\\/www.nina-sh.de\\\/wp-content\\\/uploads\\\/2024\\\/10\\\/Logo_NINa-EU_var1-scaled.jpg\",\"width\":2560,\"height\":805,\"caption\":\"NINa e.V.\"},\"image\":{\"@id\":\"https:\\\/\\\/www.nina-sh.de\\\/#\\\/schema\\\/logo\\\/image\\\/\"}}]}<\/script>\n<!-- \/ Yoast SEO plugin. -->","yoast_head_json":{"title":"NIBS2021 - NINa e.V.","robots":{"index":"index","follow":"follow","max-snippet":"max-snippet:-1","max-image-preview":"max-image-preview:large","max-video-preview":"max-video-preview:-1"},"canonical":"https:\/\/www.nina-sh.de\/?page_id=3569","og_locale":"de_DE","og_type":"article","og_title":"NIBS2021 - NINa e.V.","og_description":"Nanotechnology and Innovation in the Baltic Sea Region 2021 4. Konferenz, 4. &#8211; 6. August 2021, virtuell \u00dcber NIBS Die NIBS-Konferenzreihe bietet eine ideale Gelegenheit, Ihre Sichtbarkeit als Wissenschaftler, Unternehmen oder sonstigen Akteur auf dem Gebiet der Nanotechnologie im Ostseeraum zu erh\u00f6hen. Teilnehmer aus Industrie, Wissenschaft und Politik treten in einen Dialog \u00fcber das Potenzial [&hellip;]","og_url":"https:\/\/www.nina-sh.de\/?page_id=3569","og_site_name":"NINa e.V.","article_modified_time":"2021-10-15T10:29:33+00:00","og_image":[{"width":867,"height":250,"url":"https:\/\/www.nina-sh.de\/wp-content\/uploads\/2021\/10\/cropped-logo_nibs_4c-2021-wide.png","type":"image\/png"}],"twitter_card":"summary_large_image","twitter_misc":{"Gesch\u00e4tzte Lesezeit":"1\u00a0Minute"},"schema":{"@context":"https:\/\/schema.org","@graph":[{"@type":"WebPage","@id":"https:\/\/www.nina-sh.de\/?page_id=3569","url":"https:\/\/www.nina-sh.de\/?page_id=3569","name":"NIBS2021 - NINa e.V.","isPartOf":{"@id":"https:\/\/www.nina-sh.de\/#website"},"primaryImageOfPage":{"@id":"https:\/\/www.nina-sh.de\/?page_id=3569#primaryimage"},"image":{"@id":"https:\/\/www.nina-sh.de\/?page_id=3569#primaryimage"},"thumbnailUrl":"https:\/\/www.nina-sh.de\/wp-content\/uploads\/2021\/10\/cropped-logo_nibs_4c-2021-wide.png","datePublished":"2021-10-15T10:00:19+00:00","dateModified":"2021-10-15T10:29:33+00:00","breadcrumb":{"@id":"https:\/\/www.nina-sh.de\/?page_id=3569#breadcrumb"},"inLanguage":"de","potentialAction":[{"@type":"ReadAction","target":["https:\/\/www.nina-sh.de\/?page_id=3569"]}]},{"@type":"ImageObject","inLanguage":"de","@id":"https:\/\/www.nina-sh.de\/?page_id=3569#primaryimage","url":"https:\/\/www.nina-sh.de\/wp-content\/uploads\/2021\/10\/cropped-logo_nibs_4c-2021-wide.png","contentUrl":"https:\/\/www.nina-sh.de\/wp-content\/uploads\/2021\/10\/cropped-logo_nibs_4c-2021-wide.png","width":867,"height":250},{"@type":"BreadcrumbList","@id":"https:\/\/www.nina-sh.de\/?page_id=3569#breadcrumb","itemListElement":[{"@type":"ListItem","position":1,"name":"Startseite","item":"https:\/\/www.nina-sh.de\/?page_id=9"},{"@type":"ListItem","position":2,"name":"NIBS2021"}]},{"@type":"WebSite","@id":"https:\/\/www.nina-sh.de\/#website","url":"https:\/\/www.nina-sh.de\/","name":"NINa e.V.","description":"","publisher":{"@id":"https:\/\/www.nina-sh.de\/#organization"},"potentialAction":[{"@type":"SearchAction","target":{"@type":"EntryPoint","urlTemplate":"https:\/\/www.nina-sh.de\/?s={search_term_string}"},"query-input":{"@type":"PropertyValueSpecification","valueRequired":true,"valueName":"search_term_string"}}],"inLanguage":"de"},{"@type":"Organization","@id":"https:\/\/www.nina-sh.de\/#organization","name":"NINa e.V.","url":"https:\/\/www.nina-sh.de\/","logo":{"@type":"ImageObject","inLanguage":"de","@id":"https:\/\/www.nina-sh.de\/#\/schema\/logo\/image\/","url":"https:\/\/www.nina-sh.de\/wp-content\/uploads\/2024\/10\/Logo_NINa-EU_var1-scaled.jpg","contentUrl":"https:\/\/www.nina-sh.de\/wp-content\/uploads\/2024\/10\/Logo_NINa-EU_var1-scaled.jpg","width":2560,"height":805,"caption":"NINa e.V."},"image":{"@id":"https:\/\/www.nina-sh.de\/#\/schema\/logo\/image\/"}}]}},"_links":{"self":[{"href":"https:\/\/www.nina-sh.de\/index.php?rest_route=\/wp\/v2\/pages\/3569","targetHints":{"allow":["GET"]}}],"collection":[{"href":"https:\/\/www.nina-sh.de\/index.php?rest_route=\/wp\/v2\/pages"}],"about":[{"href":"https:\/\/www.nina-sh.de\/index.php?rest_route=\/wp\/v2\/types\/page"}],"author":[{"embeddable":true,"href":"https:\/\/www.nina-sh.de\/index.php?rest_route=\/wp\/v2\/users\/1"}],"replies":[{"embeddable":true,"href":"https:\/\/www.nina-sh.de\/index.php?rest_route=%2Fwp%2Fv2%2Fcomments&post=3569"}],"version-history":[{"count":7,"href":"https:\/\/www.nina-sh.de\/index.php?rest_route=\/wp\/v2\/pages\/3569\/revisions"}],"predecessor-version":[{"id":4662,"href":"https:\/\/www.nina-sh.de\/index.php?rest_route=\/wp\/v2\/pages\/3569\/revisions\/4662"}],"wp:attachment":[{"href":"https:\/\/www.nina-sh.de\/index.php?rest_route=%2Fwp%2Fv2%2Fmedia&parent=3569"}],"curies":[{"name":"wp","href":"https:\/\/api.w.org\/{rel}","templated":true}]}}