{"id":3032,"date":"2020-11-05T16:17:42","date_gmt":"2020-11-05T16:17:42","guid":{"rendered":"https:\/\/www.nina-sh.de\/?page_id=3032"},"modified":"2020-11-05T16:20:29","modified_gmt":"2020-11-05T16:20:29","slug":"nanotechnologie-in-schleswig-holstein","status":"publish","type":"page","link":"https:\/\/www.nina-sh.de\/?page_id=3032","title":{"rendered":"Nanotechnologie in Schleswig-Holstein"},"content":{"rendered":"\n<hr class=\"wp-block-separator is-style-wide; title-separator\"\/>\n\n\n\n<div class=\"wp-block-columns alignwide is-layout-flex wp-container-core-columns-is-layout-9d6595d7 wp-block-columns-is-layout-flex\">\n<div class=\"wp-block-column is-layout-flow wp-block-column-is-layout-flow\">\n<div class=\"wp-block-image\"><figure class=\"aligncenter size-full is-resized\"><a href=\"https:\/\/www.nina-sh.de\/wp-content\/uploads\/2020\/11\/NINaSH_Magazin_NanoTechSH.pdf\" target=\"_blank\" rel=\"noopener noreferrer\"><img fetchpriority=\"high\" decoding=\"async\" src=\"https:\/\/www.nina-sh.de\/wp-content\/uploads\/2020\/11\/NINaSH_NanoTechSH_Magazin_Thumb.jpg\" alt=\"\" class=\"wp-image-2967\" width=\"330\" height=\"463\" srcset=\"https:\/\/www.nina-sh.de\/wp-content\/uploads\/2020\/11\/NINaSH_NanoTechSH_Magazin_Thumb.jpg 660w, https:\/\/www.nina-sh.de\/wp-content\/uploads\/2020\/11\/NINaSH_NanoTechSH_Magazin_Thumb-214x300.jpg 214w, https:\/\/www.nina-sh.de\/wp-content\/uploads\/2020\/11\/NINaSH_NanoTechSH_Magazin_Thumb-230x323.jpg 230w, https:\/\/www.nina-sh.de\/wp-content\/uploads\/2020\/11\/NINaSH_NanoTechSH_Magazin_Thumb-350x491.jpg 350w, https:\/\/www.nina-sh.de\/wp-content\/uploads\/2020\/11\/NINaSH_NanoTechSH_Magazin_Thumb-480x673.jpg 480w\" sizes=\"(max-width: 330px) 100vw, 330px\" \/><\/a><\/figure><\/div>\n<\/div>\n\n\n\n<div class=\"wp-block-column is-layout-flow wp-block-column-is-layout-flow\">\n<div style=\"height:44px\" aria-hidden=\"true\" class=\"wp-block-spacer\"><\/div>\n\n\n\n<div class=\"wp-block-columns is-layout-flex wp-container-core-columns-is-layout-9d6595d7 wp-block-columns-is-layout-flex\">\n<div class=\"wp-block-column is-layout-flow wp-block-column-is-layout-flow\" style=\"flex-basis:66.66%\">\n<p class=\"pj\">Die Brosch\u00fcre gibt einen \u00dcberblick \u00fcber Akteure, Trends und Perspektiven der Nanotechnologie in Schleswig-Holstein. Landesminister Dr. Bernd Buchholz erl\u00e4utert die Bedeutung der Nanotechnologie f\u00fcr das Bundesland.<\/p>\n<\/div>\n\n\n\n<div class=\"wp-block-column is-layout-flow wp-block-column-is-layout-flow\" style=\"flex-basis:33.33%\"><\/div>\n<\/div>\n\n\n\n<div style=\"height:35px\" aria-hidden=\"true\" class=\"wp-block-spacer\"><\/div>\n\n\n\n<p><\/p>\n<\/div>\n<\/div>\n\n\n\n<p><\/p>\n","protected":false},"excerpt":{"rendered":"<p>Die Brosch\u00fcre gibt einen \u00dcberblick \u00fcber Akteure, Trends und Perspektiven der Nanotechnologie in Schleswig-Holstein. Landesminister Dr. Bernd Buchholz erl\u00e4utert die Bedeutung der Nanotechnologie f\u00fcr das Bundesland.<\/p>\n","protected":false},"author":1,"featured_media":0,"parent":0,"menu_order":0,"comment_status":"closed","ping_status":"closed","template":"page-templates\/page_fullwidth.php","meta":{"footnotes":""},"class_list":["post-3032","page","type-page","status-publish","hentry"],"yoast_head":"<!-- This site is optimized with the Yoast SEO plugin v27.3 - https:\/\/yoast.com\/product\/yoast-seo-wordpress\/ -->\n<title>Nanotechnologie in Schleswig-Holstein - NINa e.V.<\/title>\n<meta name=\"robots\" content=\"index, follow, max-snippet:-1, max-image-preview:large, max-video-preview:-1\" \/>\n<link rel=\"canonical\" href=\"https:\/\/www.nina-sh.de\/?page_id=3032\" \/>\n<meta property=\"og:locale\" content=\"de_DE\" \/>\n<meta property=\"og:type\" content=\"article\" \/>\n<meta property=\"og:title\" content=\"Nanotechnologie in Schleswig-Holstein - NINa e.V.\" \/>\n<meta property=\"og:description\" content=\"Die Brosch\u00fcre gibt einen \u00dcberblick \u00fcber Akteure, Trends und Perspektiven der Nanotechnologie in Schleswig-Holstein. Landesminister Dr. Bernd Buchholz erl\u00e4utert die Bedeutung der Nanotechnologie f\u00fcr das Bundesland.\" \/>\n<meta property=\"og:url\" content=\"https:\/\/www.nina-sh.de\/?page_id=3032\" \/>\n<meta property=\"og:site_name\" content=\"NINa e.V.\" \/>\n<meta property=\"article:modified_time\" content=\"2020-11-05T16:20:29+00:00\" \/>\n<meta property=\"og:image\" content=\"https:\/\/www.nina-sh.de\/wp-content\/uploads\/2020\/11\/NINaSH_NanoTechSH_Magazin_Thumb.jpg\" \/>\n\t<meta property=\"og:image:width\" content=\"660\" \/>\n\t<meta property=\"og:image:height\" content=\"926\" \/>\n\t<meta property=\"og:image:type\" content=\"image\/jpeg\" \/>\n<meta name=\"twitter:card\" content=\"summary_large_image\" \/>\n<script type=\"application\/ld+json\" class=\"yoast-schema-graph\">{\"@context\":\"https:\\\/\\\/schema.org\",\"@graph\":[{\"@type\":\"WebPage\",\"@id\":\"https:\\\/\\\/www.nina-sh.de\\\/?page_id=3032\",\"url\":\"https:\\\/\\\/www.nina-sh.de\\\/?page_id=3032\",\"name\":\"Nanotechnologie in Schleswig-Holstein - NINa e.V.\",\"isPartOf\":{\"@id\":\"https:\\\/\\\/www.nina-sh.de\\\/#website\"},\"primaryImageOfPage\":{\"@id\":\"https:\\\/\\\/www.nina-sh.de\\\/?page_id=3032#primaryimage\"},\"image\":{\"@id\":\"https:\\\/\\\/www.nina-sh.de\\\/?page_id=3032#primaryimage\"},\"thumbnailUrl\":\"https:\\\/\\\/www.nina-sh.de\\\/wp-content\\\/uploads\\\/2020\\\/11\\\/NINaSH_NanoTechSH_Magazin_Thumb.jpg\",\"datePublished\":\"2020-11-05T16:17:42+00:00\",\"dateModified\":\"2020-11-05T16:20:29+00:00\",\"breadcrumb\":{\"@id\":\"https:\\\/\\\/www.nina-sh.de\\\/?page_id=3032#breadcrumb\"},\"inLanguage\":\"de\",\"potentialAction\":[{\"@type\":\"ReadAction\",\"target\":[\"https:\\\/\\\/www.nina-sh.de\\\/?page_id=3032\"]}]},{\"@type\":\"ImageObject\",\"inLanguage\":\"de\",\"@id\":\"https:\\\/\\\/www.nina-sh.de\\\/?page_id=3032#primaryimage\",\"url\":\"https:\\\/\\\/www.nina-sh.de\\\/wp-content\\\/uploads\\\/2020\\\/11\\\/NINaSH_NanoTechSH_Magazin_Thumb.jpg\",\"contentUrl\":\"https:\\\/\\\/www.nina-sh.de\\\/wp-content\\\/uploads\\\/2020\\\/11\\\/NINaSH_NanoTechSH_Magazin_Thumb.jpg\",\"width\":660,\"height\":926},{\"@type\":\"BreadcrumbList\",\"@id\":\"https:\\\/\\\/www.nina-sh.de\\\/?page_id=3032#breadcrumb\",\"itemListElement\":[{\"@type\":\"ListItem\",\"position\":1,\"name\":\"Startseite\",\"item\":\"https:\\\/\\\/www.nina-sh.de\\\/?page_id=9\"},{\"@type\":\"ListItem\",\"position\":2,\"name\":\"Nanotechnologie in Schleswig-Holstein\"}]},{\"@type\":\"WebSite\",\"@id\":\"https:\\\/\\\/www.nina-sh.de\\\/#website\",\"url\":\"https:\\\/\\\/www.nina-sh.de\\\/\",\"name\":\"NINa e.V.\",\"description\":\"\",\"publisher\":{\"@id\":\"https:\\\/\\\/www.nina-sh.de\\\/#organization\"},\"potentialAction\":[{\"@type\":\"SearchAction\",\"target\":{\"@type\":\"EntryPoint\",\"urlTemplate\":\"https:\\\/\\\/www.nina-sh.de\\\/?s={search_term_string}\"},\"query-input\":{\"@type\":\"PropertyValueSpecification\",\"valueRequired\":true,\"valueName\":\"search_term_string\"}}],\"inLanguage\":\"de\"},{\"@type\":\"Organization\",\"@id\":\"https:\\\/\\\/www.nina-sh.de\\\/#organization\",\"name\":\"NINa e.V.\",\"url\":\"https:\\\/\\\/www.nina-sh.de\\\/\",\"logo\":{\"@type\":\"ImageObject\",\"inLanguage\":\"de\",\"@id\":\"https:\\\/\\\/www.nina-sh.de\\\/#\\\/schema\\\/logo\\\/image\\\/\",\"url\":\"https:\\\/\\\/www.nina-sh.de\\\/wp-content\\\/uploads\\\/2024\\\/10\\\/Logo_NINa-EU_var1-scaled.jpg\",\"contentUrl\":\"https:\\\/\\\/www.nina-sh.de\\\/wp-content\\\/uploads\\\/2024\\\/10\\\/Logo_NINa-EU_var1-scaled.jpg\",\"width\":2560,\"height\":805,\"caption\":\"NINa e.V.\"},\"image\":{\"@id\":\"https:\\\/\\\/www.nina-sh.de\\\/#\\\/schema\\\/logo\\\/image\\\/\"}}]}<\/script>\n<!-- \/ Yoast SEO plugin. -->","yoast_head_json":{"title":"Nanotechnologie in Schleswig-Holstein - NINa e.V.","robots":{"index":"index","follow":"follow","max-snippet":"max-snippet:-1","max-image-preview":"max-image-preview:large","max-video-preview":"max-video-preview:-1"},"canonical":"https:\/\/www.nina-sh.de\/?page_id=3032","og_locale":"de_DE","og_type":"article","og_title":"Nanotechnologie in Schleswig-Holstein - NINa e.V.","og_description":"Die Brosch\u00fcre gibt einen \u00dcberblick \u00fcber Akteure, Trends und Perspektiven der Nanotechnologie in Schleswig-Holstein. Landesminister Dr. Bernd Buchholz erl\u00e4utert die Bedeutung der Nanotechnologie f\u00fcr das Bundesland.","og_url":"https:\/\/www.nina-sh.de\/?page_id=3032","og_site_name":"NINa e.V.","article_modified_time":"2020-11-05T16:20:29+00:00","og_image":[{"width":660,"height":926,"url":"https:\/\/www.nina-sh.de\/wp-content\/uploads\/2020\/11\/NINaSH_NanoTechSH_Magazin_Thumb.jpg","type":"image\/jpeg"}],"twitter_card":"summary_large_image","schema":{"@context":"https:\/\/schema.org","@graph":[{"@type":"WebPage","@id":"https:\/\/www.nina-sh.de\/?page_id=3032","url":"https:\/\/www.nina-sh.de\/?page_id=3032","name":"Nanotechnologie in Schleswig-Holstein - NINa e.V.","isPartOf":{"@id":"https:\/\/www.nina-sh.de\/#website"},"primaryImageOfPage":{"@id":"https:\/\/www.nina-sh.de\/?page_id=3032#primaryimage"},"image":{"@id":"https:\/\/www.nina-sh.de\/?page_id=3032#primaryimage"},"thumbnailUrl":"https:\/\/www.nina-sh.de\/wp-content\/uploads\/2020\/11\/NINaSH_NanoTechSH_Magazin_Thumb.jpg","datePublished":"2020-11-05T16:17:42+00:00","dateModified":"2020-11-05T16:20:29+00:00","breadcrumb":{"@id":"https:\/\/www.nina-sh.de\/?page_id=3032#breadcrumb"},"inLanguage":"de","potentialAction":[{"@type":"ReadAction","target":["https:\/\/www.nina-sh.de\/?page_id=3032"]}]},{"@type":"ImageObject","inLanguage":"de","@id":"https:\/\/www.nina-sh.de\/?page_id=3032#primaryimage","url":"https:\/\/www.nina-sh.de\/wp-content\/uploads\/2020\/11\/NINaSH_NanoTechSH_Magazin_Thumb.jpg","contentUrl":"https:\/\/www.nina-sh.de\/wp-content\/uploads\/2020\/11\/NINaSH_NanoTechSH_Magazin_Thumb.jpg","width":660,"height":926},{"@type":"BreadcrumbList","@id":"https:\/\/www.nina-sh.de\/?page_id=3032#breadcrumb","itemListElement":[{"@type":"ListItem","position":1,"name":"Startseite","item":"https:\/\/www.nina-sh.de\/?page_id=9"},{"@type":"ListItem","position":2,"name":"Nanotechnologie in Schleswig-Holstein"}]},{"@type":"WebSite","@id":"https:\/\/www.nina-sh.de\/#website","url":"https:\/\/www.nina-sh.de\/","name":"NINa e.V.","description":"","publisher":{"@id":"https:\/\/www.nina-sh.de\/#organization"},"potentialAction":[{"@type":"SearchAction","target":{"@type":"EntryPoint","urlTemplate":"https:\/\/www.nina-sh.de\/?s={search_term_string}"},"query-input":{"@type":"PropertyValueSpecification","valueRequired":true,"valueName":"search_term_string"}}],"inLanguage":"de"},{"@type":"Organization","@id":"https:\/\/www.nina-sh.de\/#organization","name":"NINa e.V.","url":"https:\/\/www.nina-sh.de\/","logo":{"@type":"ImageObject","inLanguage":"de","@id":"https:\/\/www.nina-sh.de\/#\/schema\/logo\/image\/","url":"https:\/\/www.nina-sh.de\/wp-content\/uploads\/2024\/10\/Logo_NINa-EU_var1-scaled.jpg","contentUrl":"https:\/\/www.nina-sh.de\/wp-content\/uploads\/2024\/10\/Logo_NINa-EU_var1-scaled.jpg","width":2560,"height":805,"caption":"NINa e.V."},"image":{"@id":"https:\/\/www.nina-sh.de\/#\/schema\/logo\/image\/"}}]}},"_links":{"self":[{"href":"https:\/\/www.nina-sh.de\/index.php?rest_route=\/wp\/v2\/pages\/3032","targetHints":{"allow":["GET"]}}],"collection":[{"href":"https:\/\/www.nina-sh.de\/index.php?rest_route=\/wp\/v2\/pages"}],"about":[{"href":"https:\/\/www.nina-sh.de\/index.php?rest_route=\/wp\/v2\/types\/page"}],"author":[{"embeddable":true,"href":"https:\/\/www.nina-sh.de\/index.php?rest_route=\/wp\/v2\/users\/1"}],"replies":[{"embeddable":true,"href":"https:\/\/www.nina-sh.de\/index.php?rest_route=%2Fwp%2Fv2%2Fcomments&post=3032"}],"version-history":[{"count":1,"href":"https:\/\/www.nina-sh.de\/index.php?rest_route=\/wp\/v2\/pages\/3032\/revisions"}],"predecessor-version":[{"id":3033,"href":"https:\/\/www.nina-sh.de\/index.php?rest_route=\/wp\/v2\/pages\/3032\/revisions\/3033"}],"wp:attachment":[{"href":"https:\/\/www.nina-sh.de\/index.php?rest_route=%2Fwp%2Fv2%2Fmedia&parent=3032"}],"curies":[{"name":"wp","href":"https:\/\/api.w.org\/{rel}","templated":true}]}}