{"id":2602,"date":"2020-05-02T12:26:38","date_gmt":"2020-05-02T12:26:38","guid":{"rendered":"http:\/\/www.nina-sh.de\/?page_id=2602"},"modified":"2020-05-26T07:47:11","modified_gmt":"2020-05-26T07:47:11","slug":"network-news","status":"publish","type":"page","link":"https:\/\/www.nina-sh.de\/?page_id=2602","title":{"rendered":"Network news"},"content":{"rendered":"\n<hr class=\"wp-block-separator is-style-wide title-separator\"\/>\n\n\n      <div id=\"post-grid-lazy-2766\" class=\"post-grid-lazy\"><img decoding=\"async\" alt=\"\" src=\"\" \/><\/div>\n    <script>\n      jQuery('#post-grid-lazy-2766').ready(function($) {\n        $('#post-grid-lazy-2766').fadeOut();\n        $('#post-grid-2766   ').fadeIn();\n      })\n    <\/script>\n    <style type=\"text\/css\">\n      #post-grid-2766 {\n        display: none;\n      }\n\n      .post-grid-lazy {\n        text-align: center;\n      }\n    <\/style>\n    <div data-options='{&quot;id&quot;:&quot;2766&quot;,&quot;lazy_load&quot;:&quot;yes&quot;,&quot;masonry_enable&quot;:&quot;no&quot;,&quot;view_type&quot;:&quot;grid&quot;}' id=\"post-grid-2766\" class=\"post-grid grid\">\n    \n\n\n    <div class=\"grid-items\">\n      <div class=\"item item-5339 skin flat even 0 \">\n        <div class=\"layer-wrapper layout-2595\">\n          <div class=\" element_1589808219073\"\r\n        id=\"\">\r\n        <div\r\n        class=\"element element_1589808221906  element-media \">\r\n        <a target=\"\" href=\"https:\/\/www.nina-sh.de\/?p=5339\"><img decoding=\"async\" src=\"https:\/\/www.nina-sh.de\/wp-content\/uploads\/2026\/02\/NIBS2026-300x234.png\" \/><\/a>    <\/div>\r\n    <div class=\"element element_1589808234934  title_link \">\r\n                    <a target=\"_blank\"\r\n                href=\"https:\/\/www.nina-sh.de\/?p=5339\">Save the Date: NIBS &amp; Nanotech Poland 2026, June 8-11, 2026, Adam Mickiewicz University in Pozna\u0144, Poland<\/a>\r\n            <\/div>\r\n    <div class=\"element element_1589808240203  excerpt \">\r\n        Die internationale Konferenzreihe Nanotechnology and Innovation in the Baltic Sea Region (NIBS) findet vom 8. bis 11. Juni 2026 zum neunten Mal statt \u2013 gemeinsam                    <a target=\"_blank\"\r\n                href=\"https:\/\/www.nina-sh.de\/?p=5339\">...<\/a>\r\n            <\/div>\r\n            <a class=\"element element_1589808244593  read_more \"\r\n            target=\"_blank\"\r\n            href=\"https:\/\/www.nina-sh.de\/?p=5339\">&gt;&gt;&gt; read more<\/a>\r\n        <\/div>\r\n    <\/div>\n  <\/div><div class=\"item item-5327 skin flat odd 1 \">\n        <div class=\"layer-wrapper layout-2595\">\n          <div class=\" element_1589808219073\"\r\n        id=\"\">\r\n        <div\r\n        class=\"element element_1589808221906  element-media \">\r\n        <a target=\"\" href=\"https:\/\/www.nina-sh.de\/?p=5327\"><img decoding=\"async\" src=\"https:\/\/www.nina-sh.de\/wp-content\/uploads\/2026\/02\/Newsletter26.png\" \/><\/a>    <\/div>\r\n    <div class=\"element element_1589808234934  title_link \">\r\n                    <a target=\"_blank\"\r\n                href=\"https:\/\/www.nina-sh.de\/?p=5327\">NINa-Newsletter Ausgabe 26<\/a>\r\n            <\/div>\r\n    <div class=\"element element_1589808240203  excerpt \">\r\n        From Research to Impact: Academic Spin-offs as Drivers of Innovation in Schleswig-Holstein; AERO MATERIALS GmbH - Vacuum without the annoying parts; QuantView - Imaging of                    <a target=\"_blank\"\r\n                href=\"https:\/\/www.nina-sh.de\/?p=5327\">...<\/a>\r\n            <\/div>\r\n            <a class=\"element element_1589808244593  read_more \"\r\n            target=\"_blank\"\r\n            href=\"https:\/\/www.nina-sh.de\/?p=5327\">&gt;&gt;&gt; read more<\/a>\r\n        <\/div>\r\n    <\/div>\n  <\/div><div class=\"item item-5262 skin flat even 2 \">\n        <div class=\"layer-wrapper layout-2595\">\n          <div class=\" element_1589808219073\"\r\n        id=\"\">\r\n        <div\r\n        class=\"element element_1589808221906  element-media \">\r\n        <a target=\"\" href=\"https:\/\/www.nina-sh.de\/?p=5262\"><img decoding=\"async\" src=\"https:\/\/www.nina-sh.de\/wp-content\/uploads\/2025\/08\/Newsletter_de-2-723x1024.jpg\" \/><\/a>    <\/div>\r\n    <div class=\"element element_1589808234934  title_link \">\r\n                    <a target=\"_blank\"\r\n                href=\"https:\/\/www.nina-sh.de\/?p=5262\">NINa-Newsletter Ausgabe 25<\/a>\r\n            <\/div>\r\n    <div class=\"element element_1589808240203  excerpt \">\r\n        Grenz\u00fcberschreitende Innovation \u2013 Nanotechnologie als Br\u00fccke zwischen Forschung und Anwendung; Nanoform: Nanopartikel f\u00fcr bessere Arzneimittel; microdrop Technologies GmbH: Leistungsf\u00e4hige kleine Tr\u00f6pfchen; FOM Technologies: Von den                    <a target=\"_blank\"\r\n                href=\"https:\/\/www.nina-sh.de\/?p=5262\">...<\/a>\r\n            <\/div>\r\n            <a class=\"element element_1589808244593  read_more \"\r\n            target=\"_blank\"\r\n            href=\"https:\/\/www.nina-sh.de\/?p=5262\">&gt;&gt;&gt; read more<\/a>\r\n        <\/div>\r\n    <\/div>\n  <\/div><div class=\"item item-5230 skin flat odd 3 \">\n        <div class=\"layer-wrapper layout-2595\">\n          <div class=\" element_1589808219073\"\r\n        id=\"\">\r\n        <div\r\n        class=\"element element_1589808221906  element-media \">\r\n        <a target=\"\" href=\"https:\/\/www.nina-sh.de\/?p=5230\"><img decoding=\"async\" src=\"https:\/\/www.nina-sh.de\/wp-content\/uploads\/2025\/04\/2220A968-FE0A-F011-84D3-00155D0B0940-300x233.png\" \/><\/a>    <\/div>\r\n    <div class=\"element element_1589808234934  title_link \">\r\n                    <a target=\"_blank\"\r\n                href=\"https:\/\/www.nina-sh.de\/?p=5230\">8te NIBS-Konferenz &#8211; 20. bis 22. Oktober 2025, Schloss Pl\u00f6n \/ Deutschland.<\/a>\r\n            <\/div>\r\n    <div class=\"element element_1589808240203  excerpt \">\r\n        Die internationale Konferenzreihe Nanotechnology and Innovation in the Baltic Sea Region (NIBS) findet vom 20. bis 22. Oktober 2025 zum achten Mal statt \u2013 diesmal                    <a target=\"_blank\"\r\n                href=\"https:\/\/www.nina-sh.de\/?p=5230\">...<\/a>\r\n            <\/div>\r\n            <a class=\"element element_1589808244593  read_more \"\r\n            target=\"_blank\"\r\n            href=\"https:\/\/www.nina-sh.de\/?p=5230\">&gt;&gt;&gt; read more<\/a>\r\n        <\/div>\r\n    <\/div>\n  <\/div><div class=\"item item-5208 skin flat even 4 \">\n        <div class=\"layer-wrapper layout-2595\">\n          <div class=\" element_1589808219073\"\r\n        id=\"\">\r\n        <div\r\n        class=\"element element_1589808221906  element-media \">\r\n        <a target=\"\" href=\"https:\/\/www.nina-sh.de\/?p=5208\"><img decoding=\"async\" src=\"https:\/\/www.nina-sh.de\/wp-content\/uploads\/2025\/04\/csm_Webheader_Nano_2025_2560x560_HL_april26_b9ce38ade0-1024x224.jpg\" \/><\/a>    <\/div>\r\n    <div class=\"element element_1589808234934  title_link \">\r\n                    <a target=\"_blank\"\r\n                href=\"https:\/\/www.nina-sh.de\/?p=5208\">Nanotech in Life Science<\/a>\r\n            <\/div>\r\n    <div class=\"element element_1589808240203  excerpt \">\r\n        Konferenz-Update: Die Konferenz Nanotech in Life Science wurde auf den 14.-15. April 2026 am Fraunhofer IMTE in L\u00fcbeck verschoben. Diese Entscheidung erm\u00f6glicht zus\u00e4tzliche Programmentwicklung und                    <a target=\"_blank\"\r\n                href=\"https:\/\/www.nina-sh.de\/?p=5208\">...<\/a>\r\n            <\/div>\r\n            <a class=\"element element_1589808244593  read_more \"\r\n            target=\"_blank\"\r\n            href=\"https:\/\/www.nina-sh.de\/?p=5208\">&gt;&gt;&gt; read more<\/a>\r\n        <\/div>\r\n    <\/div>\n  <\/div><div class=\"item item-5143 skin flat odd 5 \">\n        <div class=\"layer-wrapper layout-2595\">\n          <div class=\" element_1589808219073\"\r\n        id=\"\">\r\n        <div\r\n        class=\"element element_1589808221906  element-media \">\r\n        <a target=\"\" href=\"https:\/\/www.nina-sh.de\/?p=5143\"><img decoding=\"async\" src=\"https:\/\/www.nina-sh.de\/wp-content\/uploads\/2025\/02\/Newsletter24de-2-723x1024.jpg\" \/><\/a>    <\/div>\r\n    <div class=\"element element_1589808234934  title_link \">\r\n                    <a target=\"_blank\"\r\n                href=\"https:\/\/www.nina-sh.de\/?p=5143\">NINa-Newsletter Ausgabe 24<\/a>\r\n            <\/div>\r\n    <div class=\"element element_1589808240203  excerpt \">\r\n        Innovation und Technologie im Fokus: Die Rolle der Nanotechnologie in Schleswig-Holstein, NINa in eigener Sache: North European Initiative Nanotechnology e.V., Flexible funktionale Materialien f\u00fcr innovative                    <a target=\"_blank\"\r\n                href=\"https:\/\/www.nina-sh.de\/?p=5143\">...<\/a>\r\n            <\/div>\r\n            <a class=\"element element_1589808244593  read_more \"\r\n            target=\"_blank\"\r\n            href=\"https:\/\/www.nina-sh.de\/?p=5143\">&gt;&gt;&gt; read more<\/a>\r\n        <\/div>\r\n    <\/div>\n  <\/div>    <\/div>\n    <div class=\"pagination\">\n      <div class=\"paginate\">\n    <span aria-current=\"page\" class=\"page-numbers current\">1<\/span>\n<a class=\"page-numbers\" href=\"https:\/\/www.nina-sh.de\/index.php?rest_route=%2Fwp%2Fv2%2Fpages%2F2602&#038;paged=2\">2<\/a>\n<a class=\"page-numbers\" href=\"https:\/\/www.nina-sh.de\/index.php?rest_route=%2Fwp%2Fv2%2Fpages%2F2602&#038;paged=3\">3<\/a>\n<span class=\"page-numbers dots\">&hellip;<\/span>\n<a class=\"page-numbers\" href=\"https:\/\/www.nina-sh.de\/index.php?rest_route=%2Fwp%2Fv2%2Fpages%2F2602&#038;paged=13\">13<\/a>\n<a class=\"next page-numbers\" href=\"https:\/\/www.nina-sh.de\/index.php?rest_route=%2Fwp%2Fv2%2Fpages%2F2602&#038;paged=2\">Next \u00bb<\/a>  <\/div>\n  <style type=\"text\/css\">\n    #post-grid-2766 .pagination .page-numbers {\n      font-size: 16px;\n      color: #fff;\n      background: #ffb700;\n    }\n\n    #post-grid-2766 .pagination .page-numbers:hover,\n    #post-grid-2766 .pagination .page-numbers.current {\n      background: #ffcb46;\n    }\n  <\/style>\n  <\/div>\n        <style type=\"text\/css\">\r\n            .layout-2595 .element_1589808219073 {\r\n                            }\r\n\r\n                    <\/style>\r\n        <style type=\"text\/css\">\r\n        .layout-2595 .element_1589808221906 {\r\n            margin: 0px 0px 15px;\r\n            overflow: hidden;\r\n                    }\r\n\r\n        .layout-2595 .element_1589808221906 img {\r\n            max-width: 100%;\r\n            height: auto;\r\n        }\r\n\r\n        @media only screen and (min-width: 1024px) {\r\n            .layout-2595 .element_1589808221906 {\r\n                max-height: 200px;\r\n                            }\r\n        }\r\n\r\n        @media only screen and (min-width: 768px) and (max-width: 1023px) {\r\n            .layout-2595 .element_1589808221906 {\r\n                max-height: 200px;\r\n                            }\r\n        }\r\n\r\n        @media only screen and (min-width: 0px) and (max-width: 767px) {\r\n            .layout-2595 .element_1589808221906 {\r\n                max-height: 200px;\r\n                            }\r\n        }\r\n    <\/style>\r\n    <style type=\"text\/css\">\r\n        .layout-2595 .element_1589808234934 {\r\n            color: #1e73be;\r\n            font-size: 18px;\r\n            margin: 5px 20px 0px 20px;\r\n            text-align: left;\r\n            font-weight: bold;        }\r\n\r\n        .layout-2595 .element_1589808234934:hover {\r\n            text-decoration: underline;        }\r\n\r\n        .layout-2595 .element_1589808234934 a {\r\n            color: #1e73be;\r\n            font-size: 18px;\r\n                    }\r\n    <\/style>\r\n    <style type=\"text\/css\">\r\n        .layout-2595 .element_1589808240203 {\r\n            color: #000000;\r\n            font-size: 15px;\r\n            margin: 20px;\r\n            text-align: left;\r\n                    }\r\n\r\n        .layout-2595 .element_1589808240203 a {\r\n            color: #000000;\r\n            font-size: 15px;\r\n                    }\r\n    <\/style>\r\n    <style type=\"text\/css\">\r\n        .layout-2595 .element_1589808244593 {\r\n            color: #dd9933 !important;\r\n            ;\r\n            margin: 0px 125px 0px 0px;\r\n            text-align: right;\r\n                    }\r\n\r\n        .layout-2595 .element_1589808244593 a {\r\n            color: #dd9933 !important;\r\n            ;\r\n                    }\r\n    <\/style>\r\n      <script>\n          <\/script>\n    <style type=\"text\/css\">\n    #post-grid-2766 {\n      padding: 10px;\n          }\n\n    #post-grid-2766 .item {\n      padding: 0px;\n      background: #fff;\n          }\n\n    #post-grid-2766 .item .layer-media {\n      height:auto;    }\n\n    @media only screen and (min-width: 0px) and (max-width: 767px) {\n      #post-grid-2766 .grid-items {\n        text-align: center;\n              }\n\n      #post-grid-2766 .item {\n        width: 90%;\n        margin: 10px 10px 40px 10px;\n        display: inline-block;\n        vertical-align: top;\n        height:auto;      }\n    }\n\n    @media only screen and (min-width: 768px) and (max-width: 1023px) {\n      #post-grid-2766 .grid-items {\n        text-align: center;\n              }\n\n      #post-grid-2766 .item {\n        width: 280px;\n        margin: 10px 10px 40px 10px;\n        display: inline-block;\n        vertical-align: top;\n        max-height:auto;      }\n    }\n\n    @media only screen and (min-width: 1024px) {\n      #post-grid-2766 .grid-items {\n        text-align: center;\n              }\n\n      #post-grid-2766 .item {\n        width: 280px;\n        display: inline-block;\n        margin: 10px 10px 40px 10px;\n        vertical-align: top;\n        height:auto;      }\n    }\n\n      <\/style>\n  <\/div>\n\n","protected":false},"excerpt":{"rendered":"","protected":false},"author":1,"featured_media":0,"parent":0,"menu_order":0,"comment_status":"closed","ping_status":"closed","template":"page-templates\/page_fullwidth.php","meta":{"footnotes":""},"class_list":["post-2602","page","type-page","status-publish","hentry"],"yoast_head":"<!-- This site is optimized with the Yoast SEO plugin v27.3 - https:\/\/yoast.com\/product\/yoast-seo-wordpress\/ -->\n<title>Network news - NINa e.V.<\/title>\n<meta name=\"robots\" content=\"index, follow, max-snippet:-1, max-image-preview:large, max-video-preview:-1\" \/>\n<link rel=\"canonical\" href=\"https:\/\/www.nina-sh.de\/?page_id=2602\" \/>\n<meta property=\"og:locale\" content=\"de_DE\" \/>\n<meta property=\"og:type\" content=\"article\" \/>\n<meta property=\"og:title\" content=\"Network news - NINa e.V.\" \/>\n<meta property=\"og:url\" content=\"https:\/\/www.nina-sh.de\/?page_id=2602\" \/>\n<meta property=\"og:site_name\" content=\"NINa e.V.\" \/>\n<meta property=\"article:modified_time\" content=\"2020-05-26T07:47:11+00:00\" \/>\n<meta name=\"twitter:card\" content=\"summary_large_image\" \/>\n<script type=\"application\/ld+json\" class=\"yoast-schema-graph\">{\"@context\":\"https:\\\/\\\/schema.org\",\"@graph\":[{\"@type\":\"WebPage\",\"@id\":\"https:\\\/\\\/www.nina-sh.de\\\/?page_id=2602\",\"url\":\"https:\\\/\\\/www.nina-sh.de\\\/?page_id=2602\",\"name\":\"Network news - NINa e.V.\",\"isPartOf\":{\"@id\":\"https:\\\/\\\/www.nina-sh.de\\\/#website\"},\"datePublished\":\"2020-05-02T12:26:38+00:00\",\"dateModified\":\"2020-05-26T07:47:11+00:00\",\"breadcrumb\":{\"@id\":\"https:\\\/\\\/www.nina-sh.de\\\/?page_id=2602#breadcrumb\"},\"inLanguage\":\"de\",\"potentialAction\":[{\"@type\":\"ReadAction\",\"target\":[\"https:\\\/\\\/www.nina-sh.de\\\/?page_id=2602\"]}]},{\"@type\":\"BreadcrumbList\",\"@id\":\"https:\\\/\\\/www.nina-sh.de\\\/?page_id=2602#breadcrumb\",\"itemListElement\":[{\"@type\":\"ListItem\",\"position\":1,\"name\":\"Startseite\",\"item\":\"https:\\\/\\\/www.nina-sh.de\\\/?page_id=9\"},{\"@type\":\"ListItem\",\"position\":2,\"name\":\"Network news\"}]},{\"@type\":\"WebSite\",\"@id\":\"https:\\\/\\\/www.nina-sh.de\\\/#website\",\"url\":\"https:\\\/\\\/www.nina-sh.de\\\/\",\"name\":\"NINa e.V.\",\"description\":\"\",\"publisher\":{\"@id\":\"https:\\\/\\\/www.nina-sh.de\\\/#organization\"},\"potentialAction\":[{\"@type\":\"SearchAction\",\"target\":{\"@type\":\"EntryPoint\",\"urlTemplate\":\"https:\\\/\\\/www.nina-sh.de\\\/?s={search_term_string}\"},\"query-input\":{\"@type\":\"PropertyValueSpecification\",\"valueRequired\":true,\"valueName\":\"search_term_string\"}}],\"inLanguage\":\"de\"},{\"@type\":\"Organization\",\"@id\":\"https:\\\/\\\/www.nina-sh.de\\\/#organization\",\"name\":\"NINa e.V.\",\"url\":\"https:\\\/\\\/www.nina-sh.de\\\/\",\"logo\":{\"@type\":\"ImageObject\",\"inLanguage\":\"de\",\"@id\":\"https:\\\/\\\/www.nina-sh.de\\\/#\\\/schema\\\/logo\\\/image\\\/\",\"url\":\"https:\\\/\\\/www.nina-sh.de\\\/wp-content\\\/uploads\\\/2024\\\/10\\\/Logo_NINa-EU_var1-scaled.jpg\",\"contentUrl\":\"https:\\\/\\\/www.nina-sh.de\\\/wp-content\\\/uploads\\\/2024\\\/10\\\/Logo_NINa-EU_var1-scaled.jpg\",\"width\":2560,\"height\":805,\"caption\":\"NINa e.V.\"},\"image\":{\"@id\":\"https:\\\/\\\/www.nina-sh.de\\\/#\\\/schema\\\/logo\\\/image\\\/\"}}]}<\/script>\n<!-- \/ Yoast SEO plugin. -->","yoast_head_json":{"title":"Network news - NINa e.V.","robots":{"index":"index","follow":"follow","max-snippet":"max-snippet:-1","max-image-preview":"max-image-preview:large","max-video-preview":"max-video-preview:-1"},"canonical":"https:\/\/www.nina-sh.de\/?page_id=2602","og_locale":"de_DE","og_type":"article","og_title":"Network news - NINa e.V.","og_url":"https:\/\/www.nina-sh.de\/?page_id=2602","og_site_name":"NINa e.V.","article_modified_time":"2020-05-26T07:47:11+00:00","twitter_card":"summary_large_image","schema":{"@context":"https:\/\/schema.org","@graph":[{"@type":"WebPage","@id":"https:\/\/www.nina-sh.de\/?page_id=2602","url":"https:\/\/www.nina-sh.de\/?page_id=2602","name":"Network news - NINa e.V.","isPartOf":{"@id":"https:\/\/www.nina-sh.de\/#website"},"datePublished":"2020-05-02T12:26:38+00:00","dateModified":"2020-05-26T07:47:11+00:00","breadcrumb":{"@id":"https:\/\/www.nina-sh.de\/?page_id=2602#breadcrumb"},"inLanguage":"de","potentialAction":[{"@type":"ReadAction","target":["https:\/\/www.nina-sh.de\/?page_id=2602"]}]},{"@type":"BreadcrumbList","@id":"https:\/\/www.nina-sh.de\/?page_id=2602#breadcrumb","itemListElement":[{"@type":"ListItem","position":1,"name":"Startseite","item":"https:\/\/www.nina-sh.de\/?page_id=9"},{"@type":"ListItem","position":2,"name":"Network news"}]},{"@type":"WebSite","@id":"https:\/\/www.nina-sh.de\/#website","url":"https:\/\/www.nina-sh.de\/","name":"NINa e.V.","description":"","publisher":{"@id":"https:\/\/www.nina-sh.de\/#organization"},"potentialAction":[{"@type":"SearchAction","target":{"@type":"EntryPoint","urlTemplate":"https:\/\/www.nina-sh.de\/?s={search_term_string}"},"query-input":{"@type":"PropertyValueSpecification","valueRequired":true,"valueName":"search_term_string"}}],"inLanguage":"de"},{"@type":"Organization","@id":"https:\/\/www.nina-sh.de\/#organization","name":"NINa e.V.","url":"https:\/\/www.nina-sh.de\/","logo":{"@type":"ImageObject","inLanguage":"de","@id":"https:\/\/www.nina-sh.de\/#\/schema\/logo\/image\/","url":"https:\/\/www.nina-sh.de\/wp-content\/uploads\/2024\/10\/Logo_NINa-EU_var1-scaled.jpg","contentUrl":"https:\/\/www.nina-sh.de\/wp-content\/uploads\/2024\/10\/Logo_NINa-EU_var1-scaled.jpg","width":2560,"height":805,"caption":"NINa e.V."},"image":{"@id":"https:\/\/www.nina-sh.de\/#\/schema\/logo\/image\/"}}]}},"_links":{"self":[{"href":"https:\/\/www.nina-sh.de\/index.php?rest_route=\/wp\/v2\/pages\/2602","targetHints":{"allow":["GET"]}}],"collection":[{"href":"https:\/\/www.nina-sh.de\/index.php?rest_route=\/wp\/v2\/pages"}],"about":[{"href":"https:\/\/www.nina-sh.de\/index.php?rest_route=\/wp\/v2\/types\/page"}],"author":[{"embeddable":true,"href":"https:\/\/www.nina-sh.de\/index.php?rest_route=\/wp\/v2\/users\/1"}],"replies":[{"embeddable":true,"href":"https:\/\/www.nina-sh.de\/index.php?rest_route=%2Fwp%2Fv2%2Fcomments&post=2602"}],"version-history":[{"count":4,"href":"https:\/\/www.nina-sh.de\/index.php?rest_route=\/wp\/v2\/pages\/2602\/revisions"}],"predecessor-version":[{"id":2767,"href":"https:\/\/www.nina-sh.de\/index.php?rest_route=\/wp\/v2\/pages\/2602\/revisions\/2767"}],"wp:attachment":[{"href":"https:\/\/www.nina-sh.de\/index.php?rest_route=%2Fwp%2Fv2%2Fmedia&parent=2602"}],"curies":[{"name":"wp","href":"https:\/\/api.w.org\/{rel}","templated":true}]}}