{"id":19,"date":"2015-02-19T10:32:01","date_gmt":"2015-02-19T10:32:01","guid":{"rendered":"http:\/\/www.nina-sh.de\/?page_id=19"},"modified":"2020-05-18T14:09:12","modified_gmt":"2020-05-18T14:09:12","slug":"veranstaltungen","status":"publish","type":"page","link":"https:\/\/www.nina-sh.de\/?page_id=19","title":{"rendered":"Veranstaltungen"},"content":{"rendered":"\n<hr class=\"wp-block-separator has-text-color has-background title-separator\" style=\"background-color:#0071a1;color:#0071a1\"\/>\n\n\n\n<h4 class=\"wp-block-heading\"><a href=\"http:\/\/eepurl.com\/dyOiVn\" target=\"_blank\" rel=\"noreferrer noopener\">Lassen Sie sich \u00fcber die Veranstaltungen der NINa SH per E-Mail informieren.<\/a><\/h4>\n\n\n      <div id=\"post-grid-lazy-2217\" class=\"post-grid-lazy\"><img decoding=\"async\" alt=\"\" src=\"\" \/><\/div>\n    <script>\n      jQuery('#post-grid-lazy-2217').ready(function($) {\n        $('#post-grid-lazy-2217').fadeOut();\n        $('#post-grid-2217   ').fadeIn();\n      })\n    <\/script>\n    <style type=\"text\/css\">\n      #post-grid-2217 {\n        display: none;\n      }\n\n      .post-grid-lazy {\n        text-align: center;\n      }\n    <\/style>\n    <div data-options='{&quot;id&quot;:&quot;2217&quot;,&quot;lazy_load&quot;:&quot;yes&quot;,&quot;masonry_enable&quot;:&quot;no&quot;,&quot;view_type&quot;:&quot;grid&quot;}' id=\"post-grid-2217\" class=\"post-grid grid\">\n    \n\n\n    <div class=\"grid-items\">\n      <div class=\"item item-5339 skin flat even 0 \">\n        <div class=\"layer-wrapper layout-2188\">\n          <div class=\" element_1588348485870\"\r\n        id=\"\">\r\n        <div\r\n        class=\"element element_1588333549055  element-media \">\r\n        <a target=\"_self\" href=\"https:\/\/www.nina-sh.de\/?p=5339\"><img decoding=\"async\" src=\"https:\/\/www.nina-sh.de\/wp-content\/uploads\/2026\/02\/NIBS2026-300x234.png\" \/><\/a>    <\/div>\r\n    <div class=\"element element_1588333556385  title_link \">\r\n                    <a target=\"_blank\"\r\n                href=\"https:\/\/www.nina-sh.de\/?p=5339\">Save the Date: NIBS &amp; Nanotech Poland 2026, June 8-11, 2026, Adam Mickiewicz University in Pozna\u0144, Poland<\/a>\r\n            <\/div>\r\n    <div class=\"element element_1588334731752  excerpt \">\r\n        Die internationale Konferenzreihe Nanotechnology and Innovation in the Baltic Sea Region (NIBS) findet vom 8. bis 11. Juni 2026 zum neunten Mal statt \u2013 gemeinsam                    <a target=\"_blank\"\r\n                href=\"https:\/\/www.nina-sh.de\/?p=5339\">...<\/a>\r\n            <\/div>\r\n            <a class=\"element element_1588507923018  read_more \"\r\n            target=\"_blank\"\r\n            href=\"https:\/\/www.nina-sh.de\/?p=5339\">&gt;&gt;&gt; weiterlesen<\/a>\r\n        <\/div>\r\n    <\/div>\n  <\/div><div class=\"item item-5230 skin flat odd 1 \">\n        <div class=\"layer-wrapper layout-2188\">\n          <div class=\" element_1588348485870\"\r\n        id=\"\">\r\n        <div\r\n        class=\"element element_1588333549055  element-media \">\r\n        <a target=\"_self\" href=\"https:\/\/www.nina-sh.de\/?p=5230\"><img decoding=\"async\" src=\"https:\/\/www.nina-sh.de\/wp-content\/uploads\/2025\/04\/2220A968-FE0A-F011-84D3-00155D0B0940-300x233.png\" \/><\/a>    <\/div>\r\n    <div class=\"element element_1588333556385  title_link \">\r\n                    <a target=\"_blank\"\r\n                href=\"https:\/\/www.nina-sh.de\/?p=5230\">8te NIBS-Konferenz &#8211; 20. bis 22. Oktober 2025, Schloss Pl\u00f6n \/ Deutschland.<\/a>\r\n            <\/div>\r\n    <div class=\"element element_1588334731752  excerpt \">\r\n        Die internationale Konferenzreihe Nanotechnology and Innovation in the Baltic Sea Region (NIBS) findet vom 20. bis 22. Oktober 2025 zum achten Mal statt \u2013 diesmal                    <a target=\"_blank\"\r\n                href=\"https:\/\/www.nina-sh.de\/?p=5230\">...<\/a>\r\n            <\/div>\r\n            <a class=\"element element_1588507923018  read_more \"\r\n            target=\"_blank\"\r\n            href=\"https:\/\/www.nina-sh.de\/?p=5230\">&gt;&gt;&gt; weiterlesen<\/a>\r\n        <\/div>\r\n    <\/div>\n  <\/div><div class=\"item item-5208 skin flat even 2 \">\n        <div class=\"layer-wrapper layout-2188\">\n          <div class=\" element_1588348485870\"\r\n        id=\"\">\r\n        <div\r\n        class=\"element element_1588333549055  element-media \">\r\n        <a target=\"_self\" href=\"https:\/\/www.nina-sh.de\/?p=5208\"><img decoding=\"async\" src=\"https:\/\/www.nina-sh.de\/wp-content\/uploads\/2025\/04\/csm_Webheader_Nano_2025_2560x560_HL_april26_b9ce38ade0-1024x224.jpg\" \/><\/a>    <\/div>\r\n    <div class=\"element element_1588333556385  title_link \">\r\n                    <a target=\"_blank\"\r\n                href=\"https:\/\/www.nina-sh.de\/?p=5208\">Nanotech in Life Science<\/a>\r\n            <\/div>\r\n    <div class=\"element element_1588334731752  excerpt \">\r\n        Konferenz-Update: Die Konferenz Nanotech in Life Science wurde auf den 14.-15. April 2026 am Fraunhofer IMTE in L\u00fcbeck verschoben. Diese Entscheidung erm\u00f6glicht zus\u00e4tzliche Programmentwicklung und                    <a target=\"_blank\"\r\n                href=\"https:\/\/www.nina-sh.de\/?p=5208\">...<\/a>\r\n            <\/div>\r\n            <a class=\"element element_1588507923018  read_more \"\r\n            target=\"_blank\"\r\n            href=\"https:\/\/www.nina-sh.de\/?p=5208\">&gt;&gt;&gt; weiterlesen<\/a>\r\n        <\/div>\r\n    <\/div>\n  <\/div><div class=\"item item-4672 skin flat odd 3 \">\n        <div class=\"layer-wrapper layout-2188\">\n          <div class=\" element_1588348485870\"\r\n        id=\"\">\r\n        <div\r\n        class=\"element element_1588333549055  element-media \">\r\n        <a target=\"_self\" href=\"https:\/\/www.nina-sh.de\/?p=4672\"><img decoding=\"async\" src=\"https:\/\/www.nina-sh.de\/wp-content\/uploads\/2023\/12\/image-1024x85.png\" \/><\/a>    <\/div>\r\n    <div class=\"element element_1588333556385  title_link \">\r\n                    <a target=\"_blank\"\r\n                href=\"https:\/\/www.nina-sh.de\/?p=4672\">Einladung: \u201c\u00dcbergabe des Zuwendungsbescheids f\u00fcr das Projekt \u201eScience and Technology Academy\u201c, 19. Januar 2024<\/a>\r\n            <\/div>\r\n    <div class=\"element element_1588334731752  excerpt \">\r\n        Informieren Sie sich \u00fcber das Thema \u201eWasserstoffenergie\u201c aus technologisch-wissenschaftlicher und standortpolitischer Sicht Norddeutschlands und diskutieren Sie gemeinsam dar\u00fcber.                    <a target=\"_blank\"\r\n                href=\"https:\/\/www.nina-sh.de\/?p=4672\">...<\/a>\r\n            <\/div>\r\n            <a class=\"element element_1588507923018  read_more \"\r\n            target=\"_blank\"\r\n            href=\"https:\/\/www.nina-sh.de\/?p=4672\">&gt;&gt;&gt; weiterlesen<\/a>\r\n        <\/div>\r\n    <\/div>\n  <\/div><div class=\"item item-4417 skin flat even 4 \">\n        <div class=\"layer-wrapper layout-2188\">\n          <div class=\" element_1588348485870\"\r\n        id=\"\">\r\n        <div\r\n        class=\"element element_1588333549055  element-media \">\r\n        <a target=\"_self\" href=\"https:\/\/www.nina-sh.de\/?p=4417\"><img decoding=\"async\" src=\"https:\/\/www.nina-sh.de\/wp-content\/uploads\/2023\/10\/1697106962576.jpeg\" \/><\/a>    <\/div>\r\n    <div class=\"element element_1588333556385  title_link \">\r\n                    <a target=\"_blank\"\r\n                href=\"https:\/\/www.nina-sh.de\/?p=4417\">&#8222;Dialog Nanotechnologie&#8220; &#8211; Digitalisierung in der Nanotechnologie &#8211; 18. Januar 2024<\/a>\r\n            <\/div>\r\n    <div class=\"element element_1588334731752  excerpt \">\r\n        Mit der digitalen Veranstaltungsreihe&nbsp;Dialog Nanotechnologie - Trends und Perspektiven&nbsp;wollen wir gemeinsam mit Industrie- und Beh\u00f6rdenvertreter*innen \u00fcber diese und weitere aktuelle und relevante Fragestellungen diskutieren, um                    <a target=\"_blank\"\r\n                href=\"https:\/\/www.nina-sh.de\/?p=4417\">...<\/a>\r\n            <\/div>\r\n            <a class=\"element element_1588507923018  read_more \"\r\n            target=\"_blank\"\r\n            href=\"https:\/\/www.nina-sh.de\/?p=4417\">&gt;&gt;&gt; weiterlesen<\/a>\r\n        <\/div>\r\n    <\/div>\n  <\/div>    <\/div>\n    <div class=\"pagination\">\n      <div class=\"paginate\">\n      <\/div>\n  <style type=\"text\/css\">\n    #post-grid-2217 .pagination .page-numbers {\n      font-size: 16px;\n      color: #fff;\n      background: #dd9933;\n    }\n\n    #post-grid-2217 .pagination .page-numbers:hover,\n    #post-grid-2217 .pagination .page-numbers.current {\n      background: #dd8500;\n    }\n  <\/style>\n  <\/div>\n        <style type=\"text\/css\">\r\n            .layout-2188 .element_1588348485870 {\r\n                            }\r\n\r\n                    <\/style>\r\n        <style type=\"text\/css\">\r\n        .layout-2188 .element_1588333549055 {\r\n            margin: 0px 0px 15px;\r\n            overflow: hidden;\r\n                    }\r\n\r\n        .layout-2188 .element_1588333549055 img {\r\n            max-width: 100%;\r\n            height: auto;\r\n        }\r\n\r\n        @media only screen and (min-width: 1024px) {\r\n            .layout-2188 .element_1588333549055 {\r\n                max-height: 200px;\r\n                            }\r\n        }\r\n\r\n        @media only screen and (min-width: 768px) and (max-width: 1023px) {\r\n            .layout-2188 .element_1588333549055 {\r\n                max-height: 200px;\r\n                            }\r\n        }\r\n\r\n        @media only screen and (min-width: 0px) and (max-width: 767px) {\r\n            .layout-2188 .element_1588333549055 {\r\n                max-height: 200px;\r\n                            }\r\n        }\r\n    <\/style>\r\n    <style type=\"text\/css\">\r\n        .layout-2188 .element_1588333556385 {\r\n            color: #1e73be;\r\n            font-size: 18;\r\n            margin: 5px 20px 0px 20px;\r\n            text-align: left;\r\n            font-weight: bold;        }\r\n\r\n        .layout-2188 .element_1588333556385:hover {\r\n            text-decoration: underline;        }\r\n\r\n        .layout-2188 .element_1588333556385 a {\r\n            color: #1e73be;\r\n            font-size: 18;\r\n                    }\r\n    <\/style>\r\n    <style type=\"text\/css\">\r\n        .layout-2188 .element_1588334731752 {\r\n            color: #000000;\r\n            font-size: 15px;\r\n            margin: 20px;\r\n            text-align: left;\r\n                    }\r\n\r\n        .layout-2188 .element_1588334731752 a {\r\n            color: #000000;\r\n            font-size: 15px;\r\n                    }\r\n    <\/style>\r\n    <style type=\"text\/css\">\r\n        .layout-2188 .element_1588507923018 {\r\n            color: #dd9933 !important;\r\n            ;\r\n            margin: 0px 125px 0px 0px;\r\n            text-align: right;\r\n                    }\r\n\r\n        .layout-2188 .element_1588507923018 a {\r\n            color: #dd9933 !important;\r\n            ;\r\n                    }\r\n    <\/style>\r\n      <script>\n          <\/script>\n    <style type=\"text\/css\">\n    #post-grid-2217 {\n      padding: 10px;\n          }\n\n    #post-grid-2217 .item {\n      padding: 0px;\n      background: #fff;\n          }\n\n    #post-grid-2217 .item .layer-media {\n      height:auto;    }\n\n    @media only screen and (min-width: 0px) and (max-width: 767px) {\n      #post-grid-2217 .grid-items {\n        text-align: center;\n              }\n\n      #post-grid-2217 .item {\n        width: 90%;\n        margin: 10px;\n        display: inline-block;\n        vertical-align: top;\n        height:500px;      }\n    }\n\n    @media only screen and (min-width: 768px) and (max-width: 1023px) {\n      #post-grid-2217 .grid-items {\n        text-align: center;\n              }\n\n      #post-grid-2217 .item {\n        width: 280px;\n        margin: 10px;\n        display: inline-block;\n        vertical-align: top;\n        height:500px;      }\n    }\n\n    @media only screen and (min-width: 1024px) {\n      #post-grid-2217 .grid-items {\n        text-align: center;\n              }\n\n      #post-grid-2217 .item {\n        width: 280px;\n        display: inline-block;\n        margin: 10px;\n        vertical-align: top;\n        height:500px;      }\n    }\n\n      <\/style>\n  <\/div>\n\n\n\n\n<hr class=\"wp-block-separator has-text-color has-background title-separator\" style=\"background-color:#0071a1;color:#0071a1\"\/>\n\n\n\n<div class=\"wp-block-media-text alignwide is-stacked-on-mobile\"><figure class=\"wp-block-media-text__media\"><img fetchpriority=\"high\" decoding=\"async\" width=\"1000\" height=\"667\" src=\"https:\/\/www.nina-sh.de\/wp-content\/uploads\/2020\/05\/DSC_5729_PS_small.jpg\" alt=\"\" class=\"wp-image-2223\" srcset=\"https:\/\/www.nina-sh.de\/wp-content\/uploads\/2020\/05\/DSC_5729_PS_small.jpg 1000w, https:\/\/www.nina-sh.de\/wp-content\/uploads\/2020\/05\/DSC_5729_PS_small-300x200.jpg 300w, https:\/\/www.nina-sh.de\/wp-content\/uploads\/2020\/05\/DSC_5729_PS_small-768x512.jpg 768w, https:\/\/www.nina-sh.de\/wp-content\/uploads\/2020\/05\/DSC_5729_PS_small-830x554.jpg 830w, https:\/\/www.nina-sh.de\/wp-content\/uploads\/2020\/05\/DSC_5729_PS_small-230x153.jpg 230w, https:\/\/www.nina-sh.de\/wp-content\/uploads\/2020\/05\/DSC_5729_PS_small-350x233.jpg 350w, https:\/\/www.nina-sh.de\/wp-content\/uploads\/2020\/05\/DSC_5729_PS_small-480x320.jpg 480w\" sizes=\"(max-width: 1000px) 100vw, 1000px\" \/><\/figure><div class=\"wp-block-media-text__content\">\n<h3 class=\"wp-block-heading\">Workshops<\/h3>\n\n\n\n<p>Die Workshops der NINa SH bieten den Akteuren der norddeutschen Nanotechnologie-Community ein Forum zum informellen Networking und Erfahrungsaustausch sowie Expertenbeitr\u00e4ge zu wechselnden Themen rund um innovative Nanotechnologie.<\/p>\n<\/div><\/div>\n\n\n\n<div class=\"wp-block-media-text alignwide has-media-on-the-right is-stacked-on-mobile\"><figure class=\"wp-block-media-text__media\"><img decoding=\"async\" width=\"1024\" height=\"682\" src=\"https:\/\/www.nina-sh.de\/wp-content\/uploads\/2020\/05\/PA_Berlin_DSC_6474_small-1024x682.jpg\" alt=\"\" class=\"wp-image-2222\" srcset=\"https:\/\/www.nina-sh.de\/wp-content\/uploads\/2020\/05\/PA_Berlin_DSC_6474_small-1024x682.jpg 1024w, https:\/\/www.nina-sh.de\/wp-content\/uploads\/2020\/05\/PA_Berlin_DSC_6474_small-300x200.jpg 300w, https:\/\/www.nina-sh.de\/wp-content\/uploads\/2020\/05\/PA_Berlin_DSC_6474_small-768x512.jpg 768w, https:\/\/www.nina-sh.de\/wp-content\/uploads\/2020\/05\/PA_Berlin_DSC_6474_small-1536x1024.jpg 1536w, https:\/\/www.nina-sh.de\/wp-content\/uploads\/2020\/05\/PA_Berlin_DSC_6474_small-830x553.jpg 830w, https:\/\/www.nina-sh.de\/wp-content\/uploads\/2020\/05\/PA_Berlin_DSC_6474_small-230x153.jpg 230w, https:\/\/www.nina-sh.de\/wp-content\/uploads\/2020\/05\/PA_Berlin_DSC_6474_small-350x233.jpg 350w, https:\/\/www.nina-sh.de\/wp-content\/uploads\/2020\/05\/PA_Berlin_DSC_6474_small-480x320.jpg 480w, https:\/\/www.nina-sh.de\/wp-content\/uploads\/2020\/05\/PA_Berlin_DSC_6474_small.jpg 2000w\" sizes=\"(max-width: 1024px) 100vw, 1024px\" \/><\/figure><div class=\"wp-block-media-text__content\">\n<h3 class=\"wp-block-heading\">Schwerpunkttreffen<\/h3>\n\n\n\n<p>NINa veranstaltet in etwa viertelj\u00e4hrlichem Rhythmus Schwerpunkttreffen, die ein aktuelles Thema der Nanotechnologie beleuchten. Neben Expertenvortr\u00e4gen aus Industrie und Forschung bieten die Treffen ein Forum zur interdisziplin\u00e4ren Diskussion und Vernetzung.<br>Einblicke in die Einrichtungen der wechselnden Gastgeber runden das Angebot der Schwerpunktreffen ab.<\/p>\n<\/div><\/div>\n\n\n\n<div class=\"wp-block-media-text alignwide is-stacked-on-mobile\"><figure class=\"wp-block-media-text__media\"><a href=\"dev.nina-sh.de\/?page_id=92(opens in a new tab)\"><img decoding=\"async\" width=\"640\" height=\"425\" src=\"https:\/\/www.nina-sh.de\/wp-content\/uploads\/2020\/05\/archive-2752940_640.jpg\" alt=\"\" class=\"wp-image-2220\" srcset=\"https:\/\/www.nina-sh.de\/wp-content\/uploads\/2020\/05\/archive-2752940_640.jpg 640w, https:\/\/www.nina-sh.de\/wp-content\/uploads\/2020\/05\/archive-2752940_640-300x199.jpg 300w, https:\/\/www.nina-sh.de\/wp-content\/uploads\/2020\/05\/archive-2752940_640-230x153.jpg 230w, https:\/\/www.nina-sh.de\/wp-content\/uploads\/2020\/05\/archive-2752940_640-350x232.jpg 350w, https:\/\/www.nina-sh.de\/wp-content\/uploads\/2020\/05\/archive-2752940_640-480x319.jpg 480w\" sizes=\"(max-width: 640px) 100vw, 640px\" \/><\/a><\/figure><div class=\"wp-block-media-text__content\">\n<h3 class=\"wp-block-heading\">Veranstaltungsarchiv<\/h3>\n\n\n\n<p>Die Veranstaltungen der vergangenen Jahre finden Sie <a href=\"https:\/\/www.nina-sh.de\/?page_id=92\">hier im Veranstaltungs-Archiv<\/a>.<\/p>\n<\/div><\/div>\n\n\n\n<p><\/p>\n","protected":false},"excerpt":{"rendered":"<p>Lassen Sie sich \u00fcber die Veranstaltungen der NINa SH per E-Mail informieren. Workshops Die Workshops der NINa SH bieten den Akteuren der norddeutschen Nanotechnologie-Community ein Forum zum informellen Networking und Erfahrungsaustausch sowie Expertenbeitr\u00e4ge zu wechselnden Themen rund um innovative Nanotechnologie. Schwerpunkttreffen NINa veranstaltet in etwa viertelj\u00e4hrlichem Rhythmus Schwerpunkttreffen, die ein aktuelles Thema der Nanotechnologie beleuchten. [&hellip;]<\/p>\n","protected":false},"author":1,"featured_media":0,"parent":0,"menu_order":0,"comment_status":"closed","ping_status":"closed","template":"page-templates\/page_fullwidth.php","meta":{"footnotes":""},"class_list":["post-19","page","type-page","status-publish","hentry"],"yoast_head":"<!-- This site is optimized with the Yoast SEO plugin v27.3 - https:\/\/yoast.com\/product\/yoast-seo-wordpress\/ -->\n<title>Veranstaltungen - NINa e.V.<\/title>\n<meta name=\"robots\" content=\"index, follow, max-snippet:-1, max-image-preview:large, max-video-preview:-1\" \/>\n<link rel=\"canonical\" href=\"https:\/\/www.nina-sh.de\/?page_id=19\" \/>\n<meta property=\"og:locale\" content=\"de_DE\" \/>\n<meta property=\"og:type\" content=\"article\" \/>\n<meta property=\"og:title\" content=\"Veranstaltungen - NINa e.V.\" \/>\n<meta property=\"og:description\" content=\"Lassen Sie sich \u00fcber die Veranstaltungen der NINa SH per E-Mail informieren. Workshops Die Workshops der NINa SH bieten den Akteuren der norddeutschen Nanotechnologie-Community ein Forum zum informellen Networking und Erfahrungsaustausch sowie Expertenbeitr\u00e4ge zu wechselnden Themen rund um innovative Nanotechnologie. Schwerpunkttreffen NINa veranstaltet in etwa viertelj\u00e4hrlichem Rhythmus Schwerpunkttreffen, die ein aktuelles Thema der Nanotechnologie beleuchten. [&hellip;]\" \/>\n<meta property=\"og:url\" content=\"https:\/\/www.nina-sh.de\/?page_id=19\" \/>\n<meta property=\"og:site_name\" content=\"NINa e.V.\" \/>\n<meta property=\"article:modified_time\" content=\"2020-05-18T14:09:12+00:00\" \/>\n<meta property=\"og:image\" content=\"https:\/\/www.nina-sh.de\/wp-content\/uploads\/2020\/05\/DSC_5729_PS_small.jpg\" \/>\n<meta name=\"twitter:card\" content=\"summary_large_image\" \/>\n<meta name=\"twitter:label1\" content=\"Gesch\u00e4tzte Lesezeit\" \/>\n\t<meta name=\"twitter:data1\" content=\"1\u00a0Minute\" \/>\n<script type=\"application\/ld+json\" class=\"yoast-schema-graph\">{\"@context\":\"https:\\\/\\\/schema.org\",\"@graph\":[{\"@type\":\"WebPage\",\"@id\":\"https:\\\/\\\/www.nina-sh.de\\\/?page_id=19\",\"url\":\"https:\\\/\\\/www.nina-sh.de\\\/?page_id=19\",\"name\":\"Veranstaltungen - NINa e.V.\",\"isPartOf\":{\"@id\":\"https:\\\/\\\/www.nina-sh.de\\\/#website\"},\"primaryImageOfPage\":{\"@id\":\"https:\\\/\\\/www.nina-sh.de\\\/?page_id=19#primaryimage\"},\"image\":{\"@id\":\"https:\\\/\\\/www.nina-sh.de\\\/?page_id=19#primaryimage\"},\"thumbnailUrl\":\"https:\\\/\\\/www.nina-sh.de\\\/wp-content\\\/uploads\\\/2020\\\/05\\\/DSC_5729_PS_small.jpg\",\"datePublished\":\"2015-02-19T10:32:01+00:00\",\"dateModified\":\"2020-05-18T14:09:12+00:00\",\"breadcrumb\":{\"@id\":\"https:\\\/\\\/www.nina-sh.de\\\/?page_id=19#breadcrumb\"},\"inLanguage\":\"de\",\"potentialAction\":[{\"@type\":\"ReadAction\",\"target\":[\"https:\\\/\\\/www.nina-sh.de\\\/?page_id=19\"]}]},{\"@type\":\"ImageObject\",\"inLanguage\":\"de\",\"@id\":\"https:\\\/\\\/www.nina-sh.de\\\/?page_id=19#primaryimage\",\"url\":\"https:\\\/\\\/www.nina-sh.de\\\/wp-content\\\/uploads\\\/2020\\\/05\\\/DSC_5729_PS_small.jpg\",\"contentUrl\":\"https:\\\/\\\/www.nina-sh.de\\\/wp-content\\\/uploads\\\/2020\\\/05\\\/DSC_5729_PS_small.jpg\",\"width\":1000,\"height\":667},{\"@type\":\"BreadcrumbList\",\"@id\":\"https:\\\/\\\/www.nina-sh.de\\\/?page_id=19#breadcrumb\",\"itemListElement\":[{\"@type\":\"ListItem\",\"position\":1,\"name\":\"Startseite\",\"item\":\"https:\\\/\\\/www.nina-sh.de\\\/?page_id=9\"},{\"@type\":\"ListItem\",\"position\":2,\"name\":\"Veranstaltungen\"}]},{\"@type\":\"WebSite\",\"@id\":\"https:\\\/\\\/www.nina-sh.de\\\/#website\",\"url\":\"https:\\\/\\\/www.nina-sh.de\\\/\",\"name\":\"NINa e.V.\",\"description\":\"\",\"publisher\":{\"@id\":\"https:\\\/\\\/www.nina-sh.de\\\/#organization\"},\"potentialAction\":[{\"@type\":\"SearchAction\",\"target\":{\"@type\":\"EntryPoint\",\"urlTemplate\":\"https:\\\/\\\/www.nina-sh.de\\\/?s={search_term_string}\"},\"query-input\":{\"@type\":\"PropertyValueSpecification\",\"valueRequired\":true,\"valueName\":\"search_term_string\"}}],\"inLanguage\":\"de\"},{\"@type\":\"Organization\",\"@id\":\"https:\\\/\\\/www.nina-sh.de\\\/#organization\",\"name\":\"NINa e.V.\",\"url\":\"https:\\\/\\\/www.nina-sh.de\\\/\",\"logo\":{\"@type\":\"ImageObject\",\"inLanguage\":\"de\",\"@id\":\"https:\\\/\\\/www.nina-sh.de\\\/#\\\/schema\\\/logo\\\/image\\\/\",\"url\":\"https:\\\/\\\/www.nina-sh.de\\\/wp-content\\\/uploads\\\/2024\\\/10\\\/Logo_NINa-EU_var1-scaled.jpg\",\"contentUrl\":\"https:\\\/\\\/www.nina-sh.de\\\/wp-content\\\/uploads\\\/2024\\\/10\\\/Logo_NINa-EU_var1-scaled.jpg\",\"width\":2560,\"height\":805,\"caption\":\"NINa e.V.\"},\"image\":{\"@id\":\"https:\\\/\\\/www.nina-sh.de\\\/#\\\/schema\\\/logo\\\/image\\\/\"}}]}<\/script>\n<!-- \/ Yoast SEO plugin. -->","yoast_head_json":{"title":"Veranstaltungen - NINa e.V.","robots":{"index":"index","follow":"follow","max-snippet":"max-snippet:-1","max-image-preview":"max-image-preview:large","max-video-preview":"max-video-preview:-1"},"canonical":"https:\/\/www.nina-sh.de\/?page_id=19","og_locale":"de_DE","og_type":"article","og_title":"Veranstaltungen - NINa e.V.","og_description":"Lassen Sie sich \u00fcber die Veranstaltungen der NINa SH per E-Mail informieren. Workshops Die Workshops der NINa SH bieten den Akteuren der norddeutschen Nanotechnologie-Community ein Forum zum informellen Networking und Erfahrungsaustausch sowie Expertenbeitr\u00e4ge zu wechselnden Themen rund um innovative Nanotechnologie. Schwerpunkttreffen NINa veranstaltet in etwa viertelj\u00e4hrlichem Rhythmus Schwerpunkttreffen, die ein aktuelles Thema der Nanotechnologie beleuchten. [&hellip;]","og_url":"https:\/\/www.nina-sh.de\/?page_id=19","og_site_name":"NINa e.V.","article_modified_time":"2020-05-18T14:09:12+00:00","og_image":[{"url":"https:\/\/www.nina-sh.de\/wp-content\/uploads\/2020\/05\/DSC_5729_PS_small.jpg","type":"","width":"","height":""}],"twitter_card":"summary_large_image","twitter_misc":{"Gesch\u00e4tzte Lesezeit":"1\u00a0Minute"},"schema":{"@context":"https:\/\/schema.org","@graph":[{"@type":"WebPage","@id":"https:\/\/www.nina-sh.de\/?page_id=19","url":"https:\/\/www.nina-sh.de\/?page_id=19","name":"Veranstaltungen - NINa e.V.","isPartOf":{"@id":"https:\/\/www.nina-sh.de\/#website"},"primaryImageOfPage":{"@id":"https:\/\/www.nina-sh.de\/?page_id=19#primaryimage"},"image":{"@id":"https:\/\/www.nina-sh.de\/?page_id=19#primaryimage"},"thumbnailUrl":"https:\/\/www.nina-sh.de\/wp-content\/uploads\/2020\/05\/DSC_5729_PS_small.jpg","datePublished":"2015-02-19T10:32:01+00:00","dateModified":"2020-05-18T14:09:12+00:00","breadcrumb":{"@id":"https:\/\/www.nina-sh.de\/?page_id=19#breadcrumb"},"inLanguage":"de","potentialAction":[{"@type":"ReadAction","target":["https:\/\/www.nina-sh.de\/?page_id=19"]}]},{"@type":"ImageObject","inLanguage":"de","@id":"https:\/\/www.nina-sh.de\/?page_id=19#primaryimage","url":"https:\/\/www.nina-sh.de\/wp-content\/uploads\/2020\/05\/DSC_5729_PS_small.jpg","contentUrl":"https:\/\/www.nina-sh.de\/wp-content\/uploads\/2020\/05\/DSC_5729_PS_small.jpg","width":1000,"height":667},{"@type":"BreadcrumbList","@id":"https:\/\/www.nina-sh.de\/?page_id=19#breadcrumb","itemListElement":[{"@type":"ListItem","position":1,"name":"Startseite","item":"https:\/\/www.nina-sh.de\/?page_id=9"},{"@type":"ListItem","position":2,"name":"Veranstaltungen"}]},{"@type":"WebSite","@id":"https:\/\/www.nina-sh.de\/#website","url":"https:\/\/www.nina-sh.de\/","name":"NINa e.V.","description":"","publisher":{"@id":"https:\/\/www.nina-sh.de\/#organization"},"potentialAction":[{"@type":"SearchAction","target":{"@type":"EntryPoint","urlTemplate":"https:\/\/www.nina-sh.de\/?s={search_term_string}"},"query-input":{"@type":"PropertyValueSpecification","valueRequired":true,"valueName":"search_term_string"}}],"inLanguage":"de"},{"@type":"Organization","@id":"https:\/\/www.nina-sh.de\/#organization","name":"NINa e.V.","url":"https:\/\/www.nina-sh.de\/","logo":{"@type":"ImageObject","inLanguage":"de","@id":"https:\/\/www.nina-sh.de\/#\/schema\/logo\/image\/","url":"https:\/\/www.nina-sh.de\/wp-content\/uploads\/2024\/10\/Logo_NINa-EU_var1-scaled.jpg","contentUrl":"https:\/\/www.nina-sh.de\/wp-content\/uploads\/2024\/10\/Logo_NINa-EU_var1-scaled.jpg","width":2560,"height":805,"caption":"NINa e.V."},"image":{"@id":"https:\/\/www.nina-sh.de\/#\/schema\/logo\/image\/"}}]}},"_links":{"self":[{"href":"https:\/\/www.nina-sh.de\/index.php?rest_route=\/wp\/v2\/pages\/19","targetHints":{"allow":["GET"]}}],"collection":[{"href":"https:\/\/www.nina-sh.de\/index.php?rest_route=\/wp\/v2\/pages"}],"about":[{"href":"https:\/\/www.nina-sh.de\/index.php?rest_route=\/wp\/v2\/types\/page"}],"author":[{"embeddable":true,"href":"https:\/\/www.nina-sh.de\/index.php?rest_route=\/wp\/v2\/users\/1"}],"replies":[{"embeddable":true,"href":"https:\/\/www.nina-sh.de\/index.php?rest_route=%2Fwp%2Fv2%2Fcomments&post=19"}],"version-history":[{"count":34,"href":"https:\/\/www.nina-sh.de\/index.php?rest_route=\/wp\/v2\/pages\/19\/revisions"}],"predecessor-version":[{"id":2633,"href":"https:\/\/www.nina-sh.de\/index.php?rest_route=\/wp\/v2\/pages\/19\/revisions\/2633"}],"wp:attachment":[{"href":"https:\/\/www.nina-sh.de\/index.php?rest_route=%2Fwp%2Fv2%2Fmedia&parent=19"}],"curies":[{"name":"wp","href":"https:\/\/api.w.org\/{rel}","templated":true}]}}