{"id":1645,"date":"2018-06-14T14:05:01","date_gmt":"2018-06-14T14:05:01","guid":{"rendered":"http:\/\/www.nina-sh.de\/?page_id=1645"},"modified":"2024-06-24T08:03:51","modified_gmt":"2024-06-24T07:03:51","slug":"innovatives-netzwerk-nanotechnologie","status":"publish","type":"page","link":"https:\/\/www.nina-sh.de\/?page_id=1645","title":{"rendered":"Innovatives Netzwerk Nanotechnologie"},"content":{"rendered":"\n<hr class=\"wp-block-separator has-text-color has-css-opacity has-background title-separator is-style-wide\" style=\"background-color:#0071a1;color:#0071a1\"\/>\n\n\n\n<div class=\"wp-block-media-text alignwide has-media-on-the-right is-vertically-aligned-center is-stacked-on-mobile\" style=\"grid-template-columns:auto 36%\"><div class=\"wp-block-media-text__content\">\n<p class=\"has-text-align-left pj\">Die Norddeutsche Initiative Nanotechnologie Schleswig-Holstein (NINa SH) errichtet ein innovatives Netzwerk in Schleswig-Holstein. Ziel des Projekts ist die Vernetzung aller Akteure im norddeutschen Raum und den Anrainerstaaten der Ostsee. Durch die Weiterentwicklung des interdisziplin\u00e4ren und grenz\u00fcberschreitenden Dialogs zwischen Wissenschaft und Wirtschaft soll das volle Potenzial der Nanotechnologie f\u00fcr Schleswig-Holsteins zuk\u00fcnftige Entwicklung genutzt werden. F\u00fcr den Aufbau des Innovativen Netzwerks Nanotechnologie erh\u00e4lt NINa SH eine F\u00f6rderung in H\u00f6he von 515.000 Euro vom Land Schleswig-Holstein und der Europ\u00e4ischen Union. Das Projekt ist 2023 ausgelaufen.<\/p>\n<\/div><figure class=\"wp-block-media-text__media\"><img fetchpriority=\"high\" decoding=\"async\" width=\"1024\" height=\"463\" src=\"https:\/\/www.nina-sh.de\/wp-content\/uploads\/2018\/06\/logo_LPW_deutsch-1024x463.jpg\" alt=\"\" class=\"wp-image-1663 size-full\"\/><\/figure><\/div>\n\n\n<div class=\"wp-block-image\">\n<figure class=\"aligncenter size-large\"><img decoding=\"async\" width=\"724\" height=\"1024\" src=\"https:\/\/www.nina-sh.de\/wp-content\/uploads\/2018\/06\/Organisation_NINa-724x1024.png\" alt=\"\" class=\"wp-image-1646\" srcset=\"https:\/\/www.nina-sh.de\/wp-content\/uploads\/2018\/06\/Organisation_NINa-724x1024.png 724w, https:\/\/www.nina-sh.de\/wp-content\/uploads\/2018\/06\/Organisation_NINa-212x300.png 212w, https:\/\/www.nina-sh.de\/wp-content\/uploads\/2018\/06\/Organisation_NINa.png 794w\" sizes=\"(max-width: 724px) 100vw, 724px\" \/><\/figure>\n<\/div>","protected":false},"excerpt":{"rendered":"<p>Die Norddeutsche Initiative Nanotechnologie Schleswig-Holstein (NINa SH) errichtet ein innovatives Netzwerk in Schleswig-Holstein. Ziel des Projekts ist die Vernetzung aller Akteure im norddeutschen Raum und den Anrainerstaaten der Ostsee. Durch die Weiterentwicklung des interdisziplin\u00e4ren und grenz\u00fcberschreitenden Dialogs zwischen Wissenschaft und Wirtschaft soll das volle Potenzial der Nanotechnologie f\u00fcr Schleswig-Holsteins zuk\u00fcnftige Entwicklung genutzt werden. F\u00fcr den [&hellip;]<\/p>\n","protected":false},"author":1,"featured_media":0,"parent":0,"menu_order":0,"comment_status":"closed","ping_status":"closed","template":"page-templates\/page_fullwidth.php","meta":{"footnotes":""},"class_list":["post-1645","page","type-page","status-publish","hentry"],"yoast_head":"<!-- This site is optimized with the Yoast SEO plugin v27.3 - https:\/\/yoast.com\/product\/yoast-seo-wordpress\/ -->\n<title>Innovatives Netzwerk Nanotechnologie - NINa e.V.<\/title>\n<meta name=\"robots\" content=\"index, follow, max-snippet:-1, max-image-preview:large, max-video-preview:-1\" \/>\n<link rel=\"canonical\" href=\"https:\/\/www.nina-sh.de\/?page_id=1645\" \/>\n<meta property=\"og:locale\" content=\"de_DE\" \/>\n<meta property=\"og:type\" content=\"article\" \/>\n<meta property=\"og:title\" content=\"Innovatives Netzwerk Nanotechnologie - NINa e.V.\" \/>\n<meta property=\"og:description\" content=\"Die Norddeutsche Initiative Nanotechnologie Schleswig-Holstein (NINa SH) errichtet ein innovatives Netzwerk in Schleswig-Holstein. Ziel des Projekts ist die Vernetzung aller Akteure im norddeutschen Raum und den Anrainerstaaten der Ostsee. Durch die Weiterentwicklung des interdisziplin\u00e4ren und grenz\u00fcberschreitenden Dialogs zwischen Wissenschaft und Wirtschaft soll das volle Potenzial der Nanotechnologie f\u00fcr Schleswig-Holsteins zuk\u00fcnftige Entwicklung genutzt werden. F\u00fcr den [&hellip;]\" \/>\n<meta property=\"og:url\" content=\"https:\/\/www.nina-sh.de\/?page_id=1645\" \/>\n<meta property=\"og:site_name\" content=\"NINa e.V.\" \/>\n<meta property=\"article:modified_time\" content=\"2024-06-24T07:03:51+00:00\" \/>\n<meta property=\"og:image\" content=\"https:\/\/www.nina-sh.de\/wp-content\/uploads\/2018\/06\/logo_LPW_deutsch-e1529061975804.jpg\" \/>\n\t<meta property=\"og:image:width\" content=\"800\" \/>\n\t<meta property=\"og:image:height\" content=\"362\" \/>\n\t<meta property=\"og:image:type\" content=\"image\/jpeg\" \/>\n<meta name=\"twitter:card\" content=\"summary_large_image\" \/>\n<script type=\"application\/ld+json\" class=\"yoast-schema-graph\">{\"@context\":\"https:\\\/\\\/schema.org\",\"@graph\":[{\"@type\":\"WebPage\",\"@id\":\"https:\\\/\\\/www.nina-sh.de\\\/?page_id=1645\",\"url\":\"https:\\\/\\\/www.nina-sh.de\\\/?page_id=1645\",\"name\":\"Innovatives Netzwerk Nanotechnologie - NINa e.V.\",\"isPartOf\":{\"@id\":\"https:\\\/\\\/www.nina-sh.de\\\/#website\"},\"primaryImageOfPage\":{\"@id\":\"https:\\\/\\\/www.nina-sh.de\\\/?page_id=1645#primaryimage\"},\"image\":{\"@id\":\"https:\\\/\\\/www.nina-sh.de\\\/?page_id=1645#primaryimage\"},\"thumbnailUrl\":\"https:\\\/\\\/www.nina-sh.de\\\/wp-content\\\/uploads\\\/2018\\\/06\\\/logo_LPW_deutsch-1024x463.jpg\",\"datePublished\":\"2018-06-14T14:05:01+00:00\",\"dateModified\":\"2024-06-24T07:03:51+00:00\",\"breadcrumb\":{\"@id\":\"https:\\\/\\\/www.nina-sh.de\\\/?page_id=1645#breadcrumb\"},\"inLanguage\":\"de\",\"potentialAction\":[{\"@type\":\"ReadAction\",\"target\":[\"https:\\\/\\\/www.nina-sh.de\\\/?page_id=1645\"]}]},{\"@type\":\"ImageObject\",\"inLanguage\":\"de\",\"@id\":\"https:\\\/\\\/www.nina-sh.de\\\/?page_id=1645#primaryimage\",\"url\":\"https:\\\/\\\/www.nina-sh.de\\\/wp-content\\\/uploads\\\/2018\\\/06\\\/logo_LPW_deutsch-e1529061975804.jpg\",\"contentUrl\":\"https:\\\/\\\/www.nina-sh.de\\\/wp-content\\\/uploads\\\/2018\\\/06\\\/logo_LPW_deutsch-e1529061975804.jpg\",\"width\":800,\"height\":362},{\"@type\":\"BreadcrumbList\",\"@id\":\"https:\\\/\\\/www.nina-sh.de\\\/?page_id=1645#breadcrumb\",\"itemListElement\":[{\"@type\":\"ListItem\",\"position\":1,\"name\":\"Startseite\",\"item\":\"https:\\\/\\\/www.nina-sh.de\\\/?page_id=9\"},{\"@type\":\"ListItem\",\"position\":2,\"name\":\"Innovatives Netzwerk Nanotechnologie\"}]},{\"@type\":\"WebSite\",\"@id\":\"https:\\\/\\\/www.nina-sh.de\\\/#website\",\"url\":\"https:\\\/\\\/www.nina-sh.de\\\/\",\"name\":\"NINa e.V.\",\"description\":\"\",\"publisher\":{\"@id\":\"https:\\\/\\\/www.nina-sh.de\\\/#organization\"},\"potentialAction\":[{\"@type\":\"SearchAction\",\"target\":{\"@type\":\"EntryPoint\",\"urlTemplate\":\"https:\\\/\\\/www.nina-sh.de\\\/?s={search_term_string}\"},\"query-input\":{\"@type\":\"PropertyValueSpecification\",\"valueRequired\":true,\"valueName\":\"search_term_string\"}}],\"inLanguage\":\"de\"},{\"@type\":\"Organization\",\"@id\":\"https:\\\/\\\/www.nina-sh.de\\\/#organization\",\"name\":\"NINa e.V.\",\"url\":\"https:\\\/\\\/www.nina-sh.de\\\/\",\"logo\":{\"@type\":\"ImageObject\",\"inLanguage\":\"de\",\"@id\":\"https:\\\/\\\/www.nina-sh.de\\\/#\\\/schema\\\/logo\\\/image\\\/\",\"url\":\"https:\\\/\\\/www.nina-sh.de\\\/wp-content\\\/uploads\\\/2024\\\/10\\\/Logo_NINa-EU_var1-scaled.jpg\",\"contentUrl\":\"https:\\\/\\\/www.nina-sh.de\\\/wp-content\\\/uploads\\\/2024\\\/10\\\/Logo_NINa-EU_var1-scaled.jpg\",\"width\":2560,\"height\":805,\"caption\":\"NINa e.V.\"},\"image\":{\"@id\":\"https:\\\/\\\/www.nina-sh.de\\\/#\\\/schema\\\/logo\\\/image\\\/\"}}]}<\/script>\n<!-- \/ Yoast SEO plugin. -->","yoast_head_json":{"title":"Innovatives Netzwerk Nanotechnologie - NINa e.V.","robots":{"index":"index","follow":"follow","max-snippet":"max-snippet:-1","max-image-preview":"max-image-preview:large","max-video-preview":"max-video-preview:-1"},"canonical":"https:\/\/www.nina-sh.de\/?page_id=1645","og_locale":"de_DE","og_type":"article","og_title":"Innovatives Netzwerk Nanotechnologie - NINa e.V.","og_description":"Die Norddeutsche Initiative Nanotechnologie Schleswig-Holstein (NINa SH) errichtet ein innovatives Netzwerk in Schleswig-Holstein. Ziel des Projekts ist die Vernetzung aller Akteure im norddeutschen Raum und den Anrainerstaaten der Ostsee. Durch die Weiterentwicklung des interdisziplin\u00e4ren und grenz\u00fcberschreitenden Dialogs zwischen Wissenschaft und Wirtschaft soll das volle Potenzial der Nanotechnologie f\u00fcr Schleswig-Holsteins zuk\u00fcnftige Entwicklung genutzt werden. F\u00fcr den [&hellip;]","og_url":"https:\/\/www.nina-sh.de\/?page_id=1645","og_site_name":"NINa e.V.","article_modified_time":"2024-06-24T07:03:51+00:00","og_image":[{"width":800,"height":362,"url":"https:\/\/www.nina-sh.de\/wp-content\/uploads\/2018\/06\/logo_LPW_deutsch-e1529061975804.jpg","type":"image\/jpeg"}],"twitter_card":"summary_large_image","schema":{"@context":"https:\/\/schema.org","@graph":[{"@type":"WebPage","@id":"https:\/\/www.nina-sh.de\/?page_id=1645","url":"https:\/\/www.nina-sh.de\/?page_id=1645","name":"Innovatives Netzwerk Nanotechnologie - NINa e.V.","isPartOf":{"@id":"https:\/\/www.nina-sh.de\/#website"},"primaryImageOfPage":{"@id":"https:\/\/www.nina-sh.de\/?page_id=1645#primaryimage"},"image":{"@id":"https:\/\/www.nina-sh.de\/?page_id=1645#primaryimage"},"thumbnailUrl":"https:\/\/www.nina-sh.de\/wp-content\/uploads\/2018\/06\/logo_LPW_deutsch-1024x463.jpg","datePublished":"2018-06-14T14:05:01+00:00","dateModified":"2024-06-24T07:03:51+00:00","breadcrumb":{"@id":"https:\/\/www.nina-sh.de\/?page_id=1645#breadcrumb"},"inLanguage":"de","potentialAction":[{"@type":"ReadAction","target":["https:\/\/www.nina-sh.de\/?page_id=1645"]}]},{"@type":"ImageObject","inLanguage":"de","@id":"https:\/\/www.nina-sh.de\/?page_id=1645#primaryimage","url":"https:\/\/www.nina-sh.de\/wp-content\/uploads\/2018\/06\/logo_LPW_deutsch-e1529061975804.jpg","contentUrl":"https:\/\/www.nina-sh.de\/wp-content\/uploads\/2018\/06\/logo_LPW_deutsch-e1529061975804.jpg","width":800,"height":362},{"@type":"BreadcrumbList","@id":"https:\/\/www.nina-sh.de\/?page_id=1645#breadcrumb","itemListElement":[{"@type":"ListItem","position":1,"name":"Startseite","item":"https:\/\/www.nina-sh.de\/?page_id=9"},{"@type":"ListItem","position":2,"name":"Innovatives Netzwerk Nanotechnologie"}]},{"@type":"WebSite","@id":"https:\/\/www.nina-sh.de\/#website","url":"https:\/\/www.nina-sh.de\/","name":"NINa e.V.","description":"","publisher":{"@id":"https:\/\/www.nina-sh.de\/#organization"},"potentialAction":[{"@type":"SearchAction","target":{"@type":"EntryPoint","urlTemplate":"https:\/\/www.nina-sh.de\/?s={search_term_string}"},"query-input":{"@type":"PropertyValueSpecification","valueRequired":true,"valueName":"search_term_string"}}],"inLanguage":"de"},{"@type":"Organization","@id":"https:\/\/www.nina-sh.de\/#organization","name":"NINa e.V.","url":"https:\/\/www.nina-sh.de\/","logo":{"@type":"ImageObject","inLanguage":"de","@id":"https:\/\/www.nina-sh.de\/#\/schema\/logo\/image\/","url":"https:\/\/www.nina-sh.de\/wp-content\/uploads\/2024\/10\/Logo_NINa-EU_var1-scaled.jpg","contentUrl":"https:\/\/www.nina-sh.de\/wp-content\/uploads\/2024\/10\/Logo_NINa-EU_var1-scaled.jpg","width":2560,"height":805,"caption":"NINa e.V."},"image":{"@id":"https:\/\/www.nina-sh.de\/#\/schema\/logo\/image\/"}}]}},"_links":{"self":[{"href":"https:\/\/www.nina-sh.de\/index.php?rest_route=\/wp\/v2\/pages\/1645","targetHints":{"allow":["GET"]}}],"collection":[{"href":"https:\/\/www.nina-sh.de\/index.php?rest_route=\/wp\/v2\/pages"}],"about":[{"href":"https:\/\/www.nina-sh.de\/index.php?rest_route=\/wp\/v2\/types\/page"}],"author":[{"embeddable":true,"href":"https:\/\/www.nina-sh.de\/index.php?rest_route=\/wp\/v2\/users\/1"}],"replies":[{"embeddable":true,"href":"https:\/\/www.nina-sh.de\/index.php?rest_route=%2Fwp%2Fv2%2Fcomments&post=1645"}],"version-history":[{"count":12,"href":"https:\/\/www.nina-sh.de\/index.php?rest_route=\/wp\/v2\/pages\/1645\/revisions"}],"predecessor-version":[{"id":4911,"href":"https:\/\/www.nina-sh.de\/index.php?rest_route=\/wp\/v2\/pages\/1645\/revisions\/4911"}],"wp:attachment":[{"href":"https:\/\/www.nina-sh.de\/index.php?rest_route=%2Fwp%2Fv2%2Fmedia&parent=1645"}],"curies":[{"name":"wp","href":"https:\/\/api.w.org\/{rel}","templated":true}]}}