{"id":1592,"date":"2018-05-25T06:40:33","date_gmt":"2018-05-25T06:40:33","guid":{"rendered":"http:\/\/www.nina-sh.de\/?page_id=1592"},"modified":"2026-03-04T09:19:20","modified_gmt":"2026-03-04T08:19:20","slug":"datenschutz","status":"publish","type":"page","link":"https:\/\/www.nina-sh.de\/?page_id=1592","title":{"rendered":"Datenschutz"},"content":{"rendered":"\n<hr class=\"wp-block-separator has-css-opacity is-style-wide; title-separator\"\/>\n\n\n<p>Die &#8222;North European Initiative Nanotechnology&#8220; (nachfolgend \u201eNINa e.V.\u201c. oder \u201ewir\u201c) nimmt den Schutz Ihrer personenbezogenen Daten sehr ernst. Die nachfolgende Erkl\u00e4rung informiert Sie dar\u00fcber, wie wir Ihre personenbezogenen Daten bei Besuch unserer Website www.nina-sh.de erheben, verarbeiten und nutzen (im Folgenden gemeinsam auch: \u201eVerwendung\u201c).<\/p>\n<h3>Verantwortlichkeit \/ Kontakt<\/h3>\n<p>Verantwortliche Stelle f\u00fcr die Erhebung, Verarbeitung und Nutzung personenbezogener Daten im Sinne des Bundesdatenschutzgesetzes (BDSG) und ab 25. Mai 2018 der Datenschutz-Grundverordnung (DSGVO) ist die &#8222;North European Initiative Nanotechnology e.V.&#8220;<br \/>Anschrift:<\/p>\n<p>North European Initiative Nanotechnology e.V.<br \/>c\/o Dr. Christian Ohrt<br \/>Zentrum f\u00fcr Entrepreneurship<br \/>Christian-Albrechts-Universit\u00e4t zu Kiel<br \/>Westring 423, 24118 Kiel<br \/>Telefon: +49 (0)431 880-4771<br \/>E-Mail: info@nina-sh.de<\/p>\n<p>NINa SH e.V. ist ein eingetragener Verein mit Sitz in Kiel und wird gesetzlich vertreten durch den gesch\u00e4ftsf\u00fchrenden Vorstand:<br \/>Prof. Dr. Franz Faupel, 1. Vorsitzender<br \/>Prof. Dr. Horst-G\u00fcnter Rubahn 2. Vorsitzender<br \/>PD Dr. Ralf Zimehl, Schatzmeister<br \/>Rechtliche Hinweise zur Organisationsform des Anbieters<br \/>NINa SH e.V. ist ein eingetragener Verein mit Sitz in Kiel.<br \/>Vereinsregisternummer: VR 6231 KI<br \/>Gl\u00e4ubiger-Identifikationsnummer: DE75ZZZ00001501537<br \/>Verantwortlich im Sinne des Pressegesetzes:<br \/>Der gesch\u00e4ftsf\u00fchrende Vorstand.<\/p>\n<p>Wenn Sie Einsicht und Aktualisierung Ihrer personenbezogenen Daten w\u00fcnschen oder Fragen zum Datenschutz auf unserer Website haben, wenden Sie sich bitte \u00fcber unsere angegebene E-Mail-Adresse info@nina-sh.de oder postalisch an uns.<\/p>\n<h3>Verwendung von personenbezogenen Daten<\/h3>\n<p>Personenbezogene Daten sind alle Informationen, die sich auf eine identifizierte oder identifizierbare nat\u00fcrliche Person beziehen; als identifizierbar wird eine nat\u00fcrliche Person angesehen, die direkt oder indirekt, insbesondere mittels Zuordnung zu einer Kennung wie einem Namen, zu einer Kennnummer, zu Standortdaten, zu einer Online-Kennung oder zu einem oder mehreren besonderen Merkmalen identifiziert werden kann, die Ausdruck der physischen, physiologischen, genetischen, psychischen, wirtschaftlichen, kulturellen oder sozialen Identit\u00e4t dieser nat\u00fcrlichen Person sind.<\/p>\n<p><strong>Erhebung unter Ihrer Mitwirkung<\/strong><br \/>Wir erheben und speichern im Zusammenhang mit der Nutzung dieser Website Ihre personenbezogenen Daten dann, wenn Sie uns diese von sich aus zur Verf\u00fcgung stellen. Wir verwenden solche personenbezogenen Daten ohne gesonderte Einwilligung ausschlie\u00dflich, um Ihr jeweiliges Anliegen bearbeiten zu k\u00f6nnen (Art. 6 Abs. 1 b) \u2013 f) DSGVO). Es ist Ihre freie Entscheidung, ob Sie uns Ihre Daten zu den genannten Zwecken mitteilen. Soweit es die Natur Ihres Anliegens erm\u00f6glicht, k\u00f6nnen Sie uns gegen\u00fcber auch anonym bzw. unter der Verwendung eines Pseudonyms auftreten. F\u00fcr die Verwendung Ihrer personenbezogenen Daten zu anderen Zwecken (insbesondere zu Werbezwecken) werden wir stets Ihre ausdr\u00fcckliche Einwilligung (Art. 6 Abs. 1 a) DSGVO) einholen.<\/p>\n<p><strong>1. Teilnahme an Veranstaltungen<\/strong><br \/>Wenn Sie sich \u00fcber das Kontaktformular an Veranstaltungen anmelden, werden wir Ihre personenbezogenen Daten wie folgt verwenden:<br \/>F\u00fcr die Bearbeitung werden personenbezogenen Daten erhoben und gespeichert. Hierzu geh\u00f6ren, abh\u00e4ngig vom Einzelfall, insbesondere die folgenden personenbezogenen Daten:<br \/>Titel<br \/>Vor- und Nachname<br \/>Firma<br \/>E-Mail<br \/>Vollst\u00e4ndige Anschrift als Rechnungsadresse (nur bei kostenpflichtigen Veranstaltungen)<br \/>Diese personenbezogenen Daten werden ausschlie\u00dflich zum Zweck der Organisation, Durchf\u00fchrung und Resonanzanalyse der Veranstaltung gespeichert, insbesondere zu Abrechnungszwecken, zur Erstellung von Namensschildern und Teilnehmerlisten, sowie zur Zusendung weiterer, die Veranstaltung betreffende, Informationen per E-Mail. Sofern wir die betreffende Veranstaltung in Kooperation mit Dritten anbieten, d\u00fcrfen wir die in das Anmeldeformular eingegebenen Daten zu den genannten Zwecken auch an unsere ausgewiesenen Kooperationspartner weitergeben. Sofern es sich bei der Veranstaltung um ein kostenpflichtiges Angebot handelt, m\u00fcssen Sie in dem Anmeldeformular Ihre vollst\u00e4ndige Anschrift als Rechnungsadresse angeben. Diese wird durch uns oder unsere Kooperationspartner bei Durchf\u00fchrung der Veranstaltung ausschlie\u00dflich zum Zwecke des Rechnungsversands genutzt.<br \/>Sofern Sie gesondert darin eingewilligt haben, nehmen wir Ihre im Anmeldeformular \u00fcbermittelten Angaben in eine Teilnehmerliste auf, die den anderen Teilnehmern verf\u00fcgbar gemacht wird.<br \/>Sollten Sie sich von der Veranstaltung per E-Mail an info@nina-sh.de wieder abmelden, werden die \u00fcbermittelten personenbezogenen Daten ausschlie\u00dflich zu dem Zweck verwendet, Ihre Abmeldung von der Veranstaltung durchzuf\u00fchren.<\/p>\n<p><strong>2. Newsletter<\/strong><br \/>Der Newsletter informiert \u00fcber Neuigkeiten, Veranstaltungen und Projekte aus dem Bereich der Nanotechnologie und von der Norddeutschen Initiative Nanotechnologie Schleswig-Holstein e.V.<br \/>Wenn Sie den Newsletter bestellen werden wir Ihre personenbezogenen Daten auf Basis von Art. 6 Abs. 1 a) DSGVO wie folgt verwenden:<br \/>Mit der Anmeldung des Newsletters wird Ihre E-Mail-Adresse gespeichert. Nach der Anmeldung zum Newsletter \u00fcbermitteln wir Ihnen eine Best\u00e4tigungs-E-Mail an die angegebene E-Mail-Adresse, in welcher wir Sie um Best\u00e4tigung bitten, dass Sie den Versand des Newsletters angefordert haben. Falls Sie die Anmeldung best\u00e4tigen, wird der Newsletter dauerhaft an Ihre E-Mail-Adresse \u00fcbersendet. Wenn Sie die Anmeldung hingegen nicht best\u00e4tigen, werden wir Ihnen unseren Newsletter nicht zusenden.<\/p>\n<p>Um die Abgabe Ihrer Einwilligungserkl\u00e4rung zu dokumentieren, speichern wir dar\u00fcber hinaus den jeweiligen Zeitpunkt der Anmeldung und Best\u00e4tigung der Teilnahme an dem Newsletter-Verteiler. Daneben erfassen wir den Zeitpunkt, in dem ein Newsletter an sie versendet worden ist.<br \/>Sollten Sie den Newsletter nicht mehr erhalten wollen, k\u00f6nnen Sie dem Erhalt des Newsletters jederzeit widersprechen und diesen entsprechend abbestellen. Klicken Sie dazu auf den in jedem Newsletter enthaltenen Link. Sie werden dann durch den Abmeldeprozess gef\u00fchrt. Alternativ k\u00f6nnen Sie uns Ihren Widerspruch gegen den Newsletter-Erhalt auch per E-Mail an info@nina-sh.de \u00fcbermitteln.<\/p>\n<p><strong>Erhebung ohne Ihre Mitwirkung<\/strong><br \/>Beim Besuch unserer Website werden ohne Ihre Mitwirkung die folgenden personenbezogenen Daten verarbeitet.<br \/>Nutzung von Webanalyse-Cookies<br \/>Wir verwenden f\u00fcr unsere Website Webanalysedienste. Webanalysedienste verwenden Textdateien, die auf ihrem Endger\u00e4t, mit dem Sie die Website aufrufen, gespeichert werden und die eine Analyse der Benutzung der Website durch Sie erm\u00f6glichen (\u201eCookies\u201c). Die hierdurch erhobenen Daten werden ausschlie\u00dflich durch NINa SH e.V.. genutzt, um das Nutzerverhalten kennenzulernen und die Website f\u00fcr den Gebrauch durch den Nutzer zu optimieren. Eine personenbezogene Verarbeitung findet hierbei nicht statt. Insbesondere sind die Datenschutzeinstellungen so gew\u00e4hlt, dass IP-Adressen anonymisiert werden.<\/p>\n<p><strong>Google Web Fonts<br \/><\/strong>Diese Seite nutzt so genannte Web Fonts, die von Google bereitgestellt werden. Beim Aufruf einer Seite l\u00e4dt Ihr Browser die ben\u00f6tigten Web Fonts in ihren Browsercache, um Texte und Schriftarten korrekt anzuzeigen.<\/p>\n<p>Zu diesem Zweck kontaktiert der von Ihnen verwendete Browser Server von Google. Dabei erh\u00e4lt Google Kenntnis dar\u00fcber, dass \u00fcber Ihre IP-Adresse unsere Website aufgerufen wurde. Die Nutzung von Google Web Fonts erfolgt zur einheitlichen und ansprechenden Darstellung unserer Online-Inhalte. Dies stellt ein berechtigtes Interesse im Sinne von Art. 6 Abs. 1 lit. f DSGVO dar.<\/p>\n<p>Wenn Ihr Browser Web Fonts nicht unterst\u00fctzt, wird eine Standardschrift von Ihrem Computer genutzt.<\/p>\n<p>Weitere Informationen zu Google Web Fonts finden Sie unter <a href=\"https:\/\/developers.google.com\/fonts\/faq\">https:\/\/developers.google.com\/fonts\/faq<\/a> und in der Datenschutzerkl\u00e4rung von Google: <a href=\"https:\/\/www.google.com\/policies\/privacy\/\">https:\/\/www.google.com\/policies\/privacy\/<\/a>.<\/p>\n<h3>Dauer der Speicherung Ihrer Daten<\/h3>\n<p>Die uns von Ihnen zur Verf\u00fcgung gestellten Daten werden von uns nur solange gespeichert, wie es f\u00fcr die Erf\u00fcllung des jeweiligen Zwecks, f\u00fcr den Sie uns Ihre Daten \u00fcbermittelt haben, oder f\u00fcr die Einhaltung gesetzlicher Bestimmungen erforderlich ist.<\/p>\n<h3>Weitergabe von Daten an Dritte<\/h3>\n<p>Die NINa SH e.V. \u00fcbermittelt Ihre personenbezogenen Daten ausschlie\u00dflich dann an Dritte, soweit<br \/>dies f\u00fcr die Durchf\u00fchrung von Veranstaltungen mit Kooperationspartnern wie oben beschrieben vorgesehen ist (Art. 6 Abs. 1 a) DGSVO)<br \/>ein Erf\u00fcllungsgehilfe f\u00fcr die Bereitstellung der Website oder dar\u00fcber angebotener personalisierter Dienste diese Daten ben\u00f6tigt, bspw. im Rahmen der Erbringung von IT-Dienstleistungen (Art. 6 Abs. 1 f) DSGVO)<br \/>NINa SH e.V. verlangt dabei von den genannten Dritten, dass diese Ihre personenbezogenen Daten ausschlie\u00dflich konform mit unseren Vorgaben und im Einklang mit dieser Datenschutzerkl\u00e4rung sowie dem geltenden Datenschutzrecht verarbeiten.<br \/>Wir behalten uns dar\u00fcber hinaus vor, Ihre personenbezogenen Daten offenzulegen, wenn wir gesetzlich hierzu verpflichtet sind oder deren Herausgabe seitens Beh\u00f6rden oder Strafverfolgungsorganen von uns verlangt wird.<\/p>\n<h3>Kontakt, Auskunft, Widerruf, Sperrung, Einschr\u00e4nkung, L\u00f6schung, \u00dcbertragbarkeit<\/h3>\n<p>Sie k\u00f6nnen jederzeit unentgeltlich der Nutzung Ihrer personenbezogenen Daten f\u00fcr die Zukunft widersprechen (Art. 21 DSGVO), eine teilweise oder vollst\u00e4ndige L\u00f6schung (Art. 17 DSGVO), Einschr\u00e4nkung der Verarbeitung oder Sperrung (Art. 18 DSGVO) veranlassen oder Auskunft (Art. 15 DSGVO) \u00fcber die von uns zu Ihrer Person gespeicherten Daten bzw. deren Berichtigung verlangen (Art. 16 DSGVO). Zudem haben Sie die M\u00f6glichkeit, die Sie betreffenden personenbezogenen Daten in einem strukturierten, g\u00e4ngigen und maschinenlesbaren Format zu erhalten (Art. 20 DSGVO). Die Einhaltung einer besonderen Form ist nicht erforderlich, schreiben Sie uns zum Beispiel per E-Mail unter info@nina-sh.de.<\/p>\n<h3>Sicherheit der Datenverarbeitung<\/h3>\n<p>Ihre pers\u00f6nlichen Daten sch\u00fctzen wir nach dem Stand der Technik mit angemessenen technischen und organisatorischen Ma\u00dfnahmen.<br \/>Daten, die f\u00fcr interne Verwaltungszwecke, insbesondere zu kaufm\u00e4nnischen Zwecken und zur Abwehr von Rechtsanspr\u00fcchen, erforderlich sind, werden erst nach entsprechendem Zweckfortfall gel\u00f6scht, bis dahin jedoch f\u00fcr s\u00e4mtliche sonstige Zwecke gesperrt.<\/p>","protected":false},"excerpt":{"rendered":"<p>Die &#8222;North European Initiative Nanotechnology&#8220; (nachfolgend \u201eNINa e.V.\u201c. oder \u201ewir\u201c) nimmt den Schutz Ihrer personenbezogenen Daten sehr ernst. Die nachfolgende Erkl\u00e4rung informiert Sie dar\u00fcber, wie wir Ihre personenbezogenen Daten bei Besuch unserer Website www.nina-sh.de erheben, verarbeiten und nutzen (im Folgenden gemeinsam auch: \u201eVerwendung\u201c). Verantwortlichkeit \/ Kontakt Verantwortliche Stelle f\u00fcr die Erhebung, Verarbeitung und Nutzung personenbezogener [&hellip;]<\/p>\n","protected":false},"author":1,"featured_media":0,"parent":0,"menu_order":0,"comment_status":"closed","ping_status":"closed","template":"page-templates\/page_fullwidth.php","meta":{"footnotes":""},"class_list":["post-1592","page","type-page","status-publish","hentry"],"yoast_head":"<!-- This site is optimized with the Yoast SEO plugin v27.3 - https:\/\/yoast.com\/product\/yoast-seo-wordpress\/ -->\n<title>Datenschutz - NINa e.V.<\/title>\n<meta name=\"robots\" content=\"index, follow, max-snippet:-1, max-image-preview:large, max-video-preview:-1\" \/>\n<link rel=\"canonical\" href=\"https:\/\/www.nina-sh.de\/?page_id=1592\" \/>\n<meta property=\"og:locale\" content=\"de_DE\" \/>\n<meta property=\"og:type\" content=\"article\" \/>\n<meta property=\"og:title\" content=\"Datenschutz - NINa e.V.\" \/>\n<meta property=\"og:description\" content=\"Die &#8222;North European Initiative Nanotechnology&#8220; (nachfolgend \u201eNINa e.V.\u201c. oder \u201ewir\u201c) nimmt den Schutz Ihrer personenbezogenen Daten sehr ernst. Die nachfolgende Erkl\u00e4rung informiert Sie dar\u00fcber, wie wir Ihre personenbezogenen Daten bei Besuch unserer Website www.nina-sh.de erheben, verarbeiten und nutzen (im Folgenden gemeinsam auch: \u201eVerwendung\u201c). Verantwortlichkeit \/ Kontakt Verantwortliche Stelle f\u00fcr die Erhebung, Verarbeitung und Nutzung personenbezogener [&hellip;]\" \/>\n<meta property=\"og:url\" content=\"https:\/\/www.nina-sh.de\/?page_id=1592\" \/>\n<meta property=\"og:site_name\" content=\"NINa e.V.\" \/>\n<meta property=\"article:modified_time\" content=\"2026-03-04T08:19:20+00:00\" \/>\n<meta name=\"twitter:card\" content=\"summary_large_image\" \/>\n<meta name=\"twitter:label1\" content=\"Gesch\u00e4tzte Lesezeit\" \/>\n\t<meta name=\"twitter:data1\" content=\"8\u00a0Minuten\" \/>\n<script type=\"application\/ld+json\" class=\"yoast-schema-graph\">{\"@context\":\"https:\\\/\\\/schema.org\",\"@graph\":[{\"@type\":\"WebPage\",\"@id\":\"https:\\\/\\\/www.nina-sh.de\\\/?page_id=1592\",\"url\":\"https:\\\/\\\/www.nina-sh.de\\\/?page_id=1592\",\"name\":\"Datenschutz - NINa e.V.\",\"isPartOf\":{\"@id\":\"https:\\\/\\\/www.nina-sh.de\\\/#website\"},\"datePublished\":\"2018-05-25T06:40:33+00:00\",\"dateModified\":\"2026-03-04T08:19:20+00:00\",\"breadcrumb\":{\"@id\":\"https:\\\/\\\/www.nina-sh.de\\\/?page_id=1592#breadcrumb\"},\"inLanguage\":\"de\",\"potentialAction\":[{\"@type\":\"ReadAction\",\"target\":[\"https:\\\/\\\/www.nina-sh.de\\\/?page_id=1592\"]}]},{\"@type\":\"BreadcrumbList\",\"@id\":\"https:\\\/\\\/www.nina-sh.de\\\/?page_id=1592#breadcrumb\",\"itemListElement\":[{\"@type\":\"ListItem\",\"position\":1,\"name\":\"Startseite\",\"item\":\"https:\\\/\\\/www.nina-sh.de\\\/?page_id=9\"},{\"@type\":\"ListItem\",\"position\":2,\"name\":\"Datenschutz\"}]},{\"@type\":\"WebSite\",\"@id\":\"https:\\\/\\\/www.nina-sh.de\\\/#website\",\"url\":\"https:\\\/\\\/www.nina-sh.de\\\/\",\"name\":\"NINa e.V.\",\"description\":\"\",\"publisher\":{\"@id\":\"https:\\\/\\\/www.nina-sh.de\\\/#organization\"},\"potentialAction\":[{\"@type\":\"SearchAction\",\"target\":{\"@type\":\"EntryPoint\",\"urlTemplate\":\"https:\\\/\\\/www.nina-sh.de\\\/?s={search_term_string}\"},\"query-input\":{\"@type\":\"PropertyValueSpecification\",\"valueRequired\":true,\"valueName\":\"search_term_string\"}}],\"inLanguage\":\"de\"},{\"@type\":\"Organization\",\"@id\":\"https:\\\/\\\/www.nina-sh.de\\\/#organization\",\"name\":\"NINa e.V.\",\"url\":\"https:\\\/\\\/www.nina-sh.de\\\/\",\"logo\":{\"@type\":\"ImageObject\",\"inLanguage\":\"de\",\"@id\":\"https:\\\/\\\/www.nina-sh.de\\\/#\\\/schema\\\/logo\\\/image\\\/\",\"url\":\"https:\\\/\\\/www.nina-sh.de\\\/wp-content\\\/uploads\\\/2024\\\/10\\\/Logo_NINa-EU_var1-scaled.jpg\",\"contentUrl\":\"https:\\\/\\\/www.nina-sh.de\\\/wp-content\\\/uploads\\\/2024\\\/10\\\/Logo_NINa-EU_var1-scaled.jpg\",\"width\":2560,\"height\":805,\"caption\":\"NINa e.V.\"},\"image\":{\"@id\":\"https:\\\/\\\/www.nina-sh.de\\\/#\\\/schema\\\/logo\\\/image\\\/\"}}]}<\/script>\n<!-- \/ Yoast SEO plugin. -->","yoast_head_json":{"title":"Datenschutz - NINa e.V.","robots":{"index":"index","follow":"follow","max-snippet":"max-snippet:-1","max-image-preview":"max-image-preview:large","max-video-preview":"max-video-preview:-1"},"canonical":"https:\/\/www.nina-sh.de\/?page_id=1592","og_locale":"de_DE","og_type":"article","og_title":"Datenschutz - NINa e.V.","og_description":"Die &#8222;North European Initiative Nanotechnology&#8220; (nachfolgend \u201eNINa e.V.\u201c. oder \u201ewir\u201c) nimmt den Schutz Ihrer personenbezogenen Daten sehr ernst. Die nachfolgende Erkl\u00e4rung informiert Sie dar\u00fcber, wie wir Ihre personenbezogenen Daten bei Besuch unserer Website www.nina-sh.de erheben, verarbeiten und nutzen (im Folgenden gemeinsam auch: \u201eVerwendung\u201c). Verantwortlichkeit \/ Kontakt Verantwortliche Stelle f\u00fcr die Erhebung, Verarbeitung und Nutzung personenbezogener [&hellip;]","og_url":"https:\/\/www.nina-sh.de\/?page_id=1592","og_site_name":"NINa e.V.","article_modified_time":"2026-03-04T08:19:20+00:00","twitter_card":"summary_large_image","twitter_misc":{"Gesch\u00e4tzte Lesezeit":"8\u00a0Minuten"},"schema":{"@context":"https:\/\/schema.org","@graph":[{"@type":"WebPage","@id":"https:\/\/www.nina-sh.de\/?page_id=1592","url":"https:\/\/www.nina-sh.de\/?page_id=1592","name":"Datenschutz - NINa e.V.","isPartOf":{"@id":"https:\/\/www.nina-sh.de\/#website"},"datePublished":"2018-05-25T06:40:33+00:00","dateModified":"2026-03-04T08:19:20+00:00","breadcrumb":{"@id":"https:\/\/www.nina-sh.de\/?page_id=1592#breadcrumb"},"inLanguage":"de","potentialAction":[{"@type":"ReadAction","target":["https:\/\/www.nina-sh.de\/?page_id=1592"]}]},{"@type":"BreadcrumbList","@id":"https:\/\/www.nina-sh.de\/?page_id=1592#breadcrumb","itemListElement":[{"@type":"ListItem","position":1,"name":"Startseite","item":"https:\/\/www.nina-sh.de\/?page_id=9"},{"@type":"ListItem","position":2,"name":"Datenschutz"}]},{"@type":"WebSite","@id":"https:\/\/www.nina-sh.de\/#website","url":"https:\/\/www.nina-sh.de\/","name":"NINa e.V.","description":"","publisher":{"@id":"https:\/\/www.nina-sh.de\/#organization"},"potentialAction":[{"@type":"SearchAction","target":{"@type":"EntryPoint","urlTemplate":"https:\/\/www.nina-sh.de\/?s={search_term_string}"},"query-input":{"@type":"PropertyValueSpecification","valueRequired":true,"valueName":"search_term_string"}}],"inLanguage":"de"},{"@type":"Organization","@id":"https:\/\/www.nina-sh.de\/#organization","name":"NINa e.V.","url":"https:\/\/www.nina-sh.de\/","logo":{"@type":"ImageObject","inLanguage":"de","@id":"https:\/\/www.nina-sh.de\/#\/schema\/logo\/image\/","url":"https:\/\/www.nina-sh.de\/wp-content\/uploads\/2024\/10\/Logo_NINa-EU_var1-scaled.jpg","contentUrl":"https:\/\/www.nina-sh.de\/wp-content\/uploads\/2024\/10\/Logo_NINa-EU_var1-scaled.jpg","width":2560,"height":805,"caption":"NINa e.V."},"image":{"@id":"https:\/\/www.nina-sh.de\/#\/schema\/logo\/image\/"}}]}},"_links":{"self":[{"href":"https:\/\/www.nina-sh.de\/index.php?rest_route=\/wp\/v2\/pages\/1592","targetHints":{"allow":["GET"]}}],"collection":[{"href":"https:\/\/www.nina-sh.de\/index.php?rest_route=\/wp\/v2\/pages"}],"about":[{"href":"https:\/\/www.nina-sh.de\/index.php?rest_route=\/wp\/v2\/types\/page"}],"author":[{"embeddable":true,"href":"https:\/\/www.nina-sh.de\/index.php?rest_route=\/wp\/v2\/users\/1"}],"replies":[{"embeddable":true,"href":"https:\/\/www.nina-sh.de\/index.php?rest_route=%2Fwp%2Fv2%2Fcomments&post=1592"}],"version-history":[{"count":6,"href":"https:\/\/www.nina-sh.de\/index.php?rest_route=\/wp\/v2\/pages\/1592\/revisions"}],"predecessor-version":[{"id":5356,"href":"https:\/\/www.nina-sh.de\/index.php?rest_route=\/wp\/v2\/pages\/1592\/revisions\/5356"}],"wp:attachment":[{"href":"https:\/\/www.nina-sh.de\/index.php?rest_route=%2Fwp%2Fv2%2Fmedia&parent=1592"}],"curies":[{"name":"wp","href":"https:\/\/api.w.org\/{rel}","templated":true}]}}