{"id":13,"date":"2015-02-19T10:47:38","date_gmt":"2015-02-19T10:47:38","guid":{"rendered":"http:\/\/www.nina-sh.de\/?page_id=13"},"modified":"2024-06-24T09:50:34","modified_gmt":"2024-06-24T08:50:34","slug":"ueber-nina-sh-e-v","status":"publish","type":"page","link":"https:\/\/www.nina-sh.de\/?page_id=13","title":{"rendered":"\u00dcber NINa SH"},"content":{"rendered":"\t\t<div data-elementor-type=\"wp-page\" data-elementor-id=\"13\" class=\"elementor elementor-13\">\n\t\t\t\t\t\t<section class=\"elementor-section elementor-top-section elementor-element elementor-element-caafae0 elementor-section-boxed elementor-section-height-default elementor-section-height-default\" data-id=\"caafae0\" data-element_type=\"section\" data-e-type=\"section\">\n\t\t\t\t\t\t<div class=\"elementor-container elementor-column-gap-default\">\n\t\t\t\t\t<div class=\"elementor-column elementor-col-100 elementor-top-column elementor-element elementor-element-4a9d1c8\" data-id=\"4a9d1c8\" data-element_type=\"column\" data-e-type=\"column\">\n\t\t\t<div class=\"elementor-widget-wrap elementor-element-populated\">\n\t\t\t\t\t\t<div class=\"elementor-element elementor-element-7559061 elementor-widget-divider--view-line elementor-widget elementor-widget-divider\" data-id=\"7559061\" data-element_type=\"widget\" data-e-type=\"widget\" data-widget_type=\"divider.default\">\n\t\t\t\t<div class=\"elementor-widget-container\">\n\t\t\t\t\t\t\t<div class=\"elementor-divider\">\n\t\t\t<span class=\"elementor-divider-separator\">\n\t\t\t\t\t\t<\/span>\n\t\t<\/div>\n\t\t\t\t\t\t<\/div>\n\t\t\t\t<\/div>\n\t\t\t\t\t<\/div>\n\t\t<\/div>\n\t\t\t\t\t<\/div>\n\t\t<\/section>\n\t\t\t\t<section class=\"elementor-section elementor-top-section elementor-element elementor-element-f8b0061 elementor-section-boxed elementor-section-height-default elementor-section-height-default\" data-id=\"f8b0061\" data-element_type=\"section\" data-e-type=\"section\">\n\t\t\t\t\t\t<div class=\"elementor-container elementor-column-gap-default\">\n\t\t\t\t\t<div class=\"elementor-column elementor-col-100 elementor-top-column elementor-element elementor-element-af25960\" data-id=\"af25960\" data-element_type=\"column\" data-e-type=\"column\">\n\t\t\t<div class=\"elementor-widget-wrap elementor-element-populated\">\n\t\t\t\t\t\t<div class=\"elementor-element elementor-element-126ab7a elementor-widget elementor-widget-heading\" data-id=\"126ab7a\" data-element_type=\"widget\" data-e-type=\"widget\" data-widget_type=\"heading.default\">\n\t\t\t\t<div class=\"elementor-widget-container\">\n\t\t\t\t\t<h2 class=\"elementor-heading-title elementor-size-default\">Ziele der Initiative<\/h2>\t\t\t\t<\/div>\n\t\t\t\t<\/div>\n\t\t\t\t\t<\/div>\n\t\t<\/div>\n\t\t\t\t\t<\/div>\n\t\t<\/section>\n\t\t\t\t<section class=\"elementor-section elementor-top-section elementor-element elementor-element-081e677 elementor-section-boxed elementor-section-height-default elementor-section-height-default\" data-id=\"081e677\" data-element_type=\"section\" data-e-type=\"section\">\n\t\t\t\t\t\t<div class=\"elementor-container elementor-column-gap-default\">\n\t\t\t\t\t<div class=\"elementor-column elementor-col-100 elementor-top-column elementor-element elementor-element-45df3f2\" data-id=\"45df3f2\" data-element_type=\"column\" data-e-type=\"column\">\n\t\t\t<div class=\"elementor-widget-wrap elementor-element-populated\">\n\t\t\t\t\t\t<div class=\"elementor-element elementor-element-fe026b4 elementor-widget elementor-widget-text-editor\" data-id=\"fe026b4\" data-element_type=\"widget\" data-e-type=\"widget\" data-widget_type=\"text-editor.default\">\n\t\t\t\t<div class=\"elementor-widget-container\">\n\t\t\t\t\t\t\t\t\t<div class=\"wp-block-column\">\n<p>Ziel der &#8222;North European Initiative Nanotechnology e.V.&#8220;, kurz NINa SH e.V., ist die F\u00f6rderung von Wissenschaft und Forschung insbesondere auf dem Gebiet der Nanotechnologie und angrenzender Technologiebereiche in Schleswig-Holstein durch Vernetzung der Akteure in Schleswig-Holstein mit den Akteuren aus allen n\u00f6rdlichen Bundesl\u00e4ndern und den Ostseeanrainerstaaten. Im Rahmen der NINa SH tauschen wissenschaftliche Arbeitsgruppen, Unternehmen, Politik und Verb\u00e4nde regelm\u00e4\u00dfig ihre neuesten Erkenntnisse und Erfahrungen aus, kn\u00fcpfen Kontakte und entwickeln gemeinsam innovative Ideen und Strategien im Bereich der Nanotechnologie. Dar\u00fcber hinaus ist es ein Ziel des Vereins, ein \u00fcberregionales Kompetenznetzwerk zwischen Akteuren der Nanotechnologie aus allen n\u00f6rdlichen Bundesl\u00e4ndern und den Ostseeanrainerstaaten aufzubauen.<\/p>\n<\/div>\t\t\t\t\t\t\t\t<\/div>\n\t\t\t\t<\/div>\n\t\t\t\t\t<\/div>\n\t\t<\/div>\n\t\t\t\t\t<\/div>\n\t\t<\/section>\n\t\t\t\t<section class=\"elementor-section elementor-top-section elementor-element elementor-element-b24f051 elementor-section-boxed elementor-section-height-default elementor-section-height-default\" data-id=\"b24f051\" data-element_type=\"section\" data-e-type=\"section\">\n\t\t\t\t\t\t<div class=\"elementor-container elementor-column-gap-default\">\n\t\t\t\t\t<div class=\"elementor-column elementor-col-100 elementor-top-column elementor-element elementor-element-e793b85\" data-id=\"e793b85\" data-element_type=\"column\" data-e-type=\"column\">\n\t\t\t<div class=\"elementor-widget-wrap elementor-element-populated\">\n\t\t\t\t\t\t<div class=\"elementor-element elementor-element-ab455ce elementor-widget elementor-widget-spacer\" data-id=\"ab455ce\" data-element_type=\"widget\" data-e-type=\"widget\" data-widget_type=\"spacer.default\">\n\t\t\t\t<div class=\"elementor-widget-container\">\n\t\t\t\t\t\t\t<div class=\"elementor-spacer\">\n\t\t\t<div class=\"elementor-spacer-inner\"><\/div>\n\t\t<\/div>\n\t\t\t\t\t\t<\/div>\n\t\t\t\t<\/div>\n\t\t\t\t<div class=\"elementor-element elementor-element-8e51449 elementor-widget elementor-widget-heading\" data-id=\"8e51449\" data-element_type=\"widget\" data-e-type=\"widget\" data-widget_type=\"heading.default\">\n\t\t\t\t<div class=\"elementor-widget-container\">\n\t\t\t\t\t<h2 class=\"elementor-heading-title elementor-size-default\">Die Geschichte der NINa SH<\/h2>\t\t\t\t<\/div>\n\t\t\t\t<\/div>\n\t\t\t\t<div class=\"elementor-element elementor-element-d5059ca elementor-widget elementor-widget-text-editor\" data-id=\"d5059ca\" data-element_type=\"widget\" data-e-type=\"widget\" data-widget_type=\"text-editor.default\">\n\t\t\t\t<div class=\"elementor-widget-container\">\n\t\t\t\t\t\t\t\t\t<div class=\"wp-block-column\">\n<div class=\"wp-block-column\">\n<p>Die NINa SH e.V. wurde im August 2013 gegr\u00fcndet. Sie f\u00fchrt die Aktivit\u00e4ten der Norddeutschen Initiative Nanomaterialien (NINa) fort, die von der Innovationsstiftung Schleswig-Holstein (ISH) getragen wurde. Mit der Aufl\u00f6sung der ISH bot sich die Vereinsgr\u00fcndung an, die eine langfristige Fortsetzung der Arbeiten von NINa sichert und die M\u00f6glichkeit schafft, die Aktivit\u00e4ten auf die gesamte Nanotechnologie und alle norddeutschen Bundesl\u00e4nder sowie den Ostseeraum auszuweiten. Neben den Vereinsbeitr\u00e4gen finanziert sich NINa SH durch \u00f6ffentliche Zuwendungen.<\/p>\n<\/div>\n<\/div>\t\t\t\t\t\t\t\t<\/div>\n\t\t\t\t<\/div>\n\t\t\t\t\t<\/div>\n\t\t<\/div>\n\t\t\t\t\t<\/div>\n\t\t<\/section>\n\t\t\t\t<section class=\"elementor-section elementor-top-section elementor-element elementor-element-0d12728 elementor-section-stretched elementor-section-boxed elementor-section-height-default elementor-section-height-default\" data-id=\"0d12728\" data-element_type=\"section\" data-e-type=\"section\" data-settings=\"{&quot;stretch_section&quot;:&quot;section-stretched&quot;}\">\n\t\t\t\t\t\t<div class=\"elementor-container elementor-column-gap-default\">\n\t\t\t\t\t<div class=\"elementor-column elementor-col-100 elementor-top-column elementor-element elementor-element-5d9ec24\" data-id=\"5d9ec24\" data-element_type=\"column\" data-e-type=\"column\">\n\t\t\t<div class=\"elementor-widget-wrap elementor-element-populated\">\n\t\t\t\t\t\t<div class=\"elementor-element elementor-element-9546843 elementor-widget elementor-widget-text-editor\" data-id=\"9546843\" data-element_type=\"widget\" data-e-type=\"widget\" data-widget_type=\"text-editor.default\">\n\t\t\t\t<div class=\"elementor-widget-container\">\n\t\t\t\t\t\t\t\t\t<p><\/p>\n<p class=\"is-layout-flex wp-container-core-columns-is-layout-9d6595d7 wp-block-columns-is-layout-flex\"><\/p>\n<p><\/p>\n<p><\/p>\n<div class=\"wp-block-media-text alignfull has-background has-very-light-gray-background-color is-stacked-on-mobile is-vertically-aligned-center\">\n<figure class=\"wp-block-media-text__media\"><img fetchpriority=\"high\" decoding=\"async\" class=\"alignleft wp-image-2287 size-full\" src=\"http:\/\/www.nina-sh.de\/wp-content\/uploads\/2020\/05\/DSC_5767_PS_small-e1588429819109.jpg\" alt=\"\" width=\"1000\" height=\"575\" srcset=\"https:\/\/www.nina-sh.de\/wp-content\/uploads\/2020\/05\/DSC_5767_PS_small-e1588429819109.jpg 1000w, https:\/\/www.nina-sh.de\/wp-content\/uploads\/2020\/05\/DSC_5767_PS_small-e1588429819109-300x173.jpg 300w, https:\/\/www.nina-sh.de\/wp-content\/uploads\/2020\/05\/DSC_5767_PS_small-e1588429819109-768x442.jpg 768w, https:\/\/www.nina-sh.de\/wp-content\/uploads\/2020\/05\/DSC_5767_PS_small-e1588429819109-830x477.jpg 830w, https:\/\/www.nina-sh.de\/wp-content\/uploads\/2020\/05\/DSC_5767_PS_small-e1588429819109-230x132.jpg 230w, https:\/\/www.nina-sh.de\/wp-content\/uploads\/2020\/05\/DSC_5767_PS_small-e1588429819109-350x201.jpg 350w, https:\/\/www.nina-sh.de\/wp-content\/uploads\/2020\/05\/DSC_5767_PS_small-e1588429819109-480x276.jpg 480w\" sizes=\"(max-width: 1000px) 100vw, 1000px\" \/><\/figure>\n<div class=\"wp-block-media-text__content\">\n<p><\/p>\n<h4 class=\"wp-block-heading\">Im April 2019 \u00fcberreichte der Wirtschafts- und Technologieminister des Landes Schleswig-Holstein Dr. Bernd Buchholz eine Zuwendung in H\u00f6he von 515.000 \u20ac zur Fortf\u00fchrung der Aktivit\u00e4ten.<\/h4>\n<p>Minister Buchholz (2.v.r.) \u00fcberreichte den F\u00f6rderbescheid an Prof. Faupel (3.v.r.). Au\u00dferdem v.l.n.r: Dr. Urny (Vorstand NINa), Prof. Koch (Dekan der Technischen Fakult\u00e4t, CAU), Dr. D\u00f6hl-Oelze (Vorstand NINa), Dr. Ohrt (Gesch\u00e4ftsf\u00fchrer NINa)<\/p>\n<br \/>\n<p><\/p>\n<\/div>\n<\/div>\n<p><\/p>\n<p><\/p>\n<p><!-- \/wp:columns --><!-- wp:paragraph --><\/p>\n<p><!-- \/wp:paragraph --><!-- wp:media-text {\"mediaPosition\":\"right\",\"mediaId\":1626,\"mediaLink\":\"http:\/\/www.nina-sh.de\/?attachment_id=1626\",\"mediaType\":\"image\",\"verticalAlignment\":\"top\",\"imageFill\":true} --><\/p>\n<p><!-- \/wp:media-text --><!-- wp:paragraph --><\/p>\n<p><!-- \/wp:paragraph --><\/p>\t\t\t\t\t\t\t\t<\/div>\n\t\t\t\t<\/div>\n\t\t\t\t<div class=\"elementor-element elementor-element-8e0c763 elementor-widget elementor-widget-text-editor\" data-id=\"8e0c763\" data-element_type=\"widget\" data-e-type=\"widget\" data-widget_type=\"text-editor.default\">\n\t\t\t\t<div class=\"elementor-widget-container\">\n\t\t\t\t\t\t\t\t\t<p>Seit dem 01.01.2024 ist die Gesch\u00e4ftsstelle Nanotechnologie dauerhaft an der Christian-Albrechts-Universit\u00e4t verankert. Dank dieser neuen Struktur k\u00f6nnen die Aktivit\u00e4ten und Ziele des Vereins in Zukunft dauerhaft fortgef\u00fchrt werden.<\/p>\t\t\t\t\t\t\t\t<\/div>\n\t\t\t\t<\/div>\n\t\t\t\t\t<\/div>\n\t\t<\/div>\n\t\t\t\t\t<\/div>\n\t\t<\/section>\n\t\t\t\t<section class=\"elementor-section elementor-top-section elementor-element elementor-element-321620b3 elementor-section-stretched elementor-section-full_width elementor-section-height-default elementor-section-height-default\" data-id=\"321620b3\" data-element_type=\"section\" data-e-type=\"section\" data-settings=\"{&quot;stretch_section&quot;:&quot;section-stretched&quot;}\">\n\t\t\t\t\t\t<div class=\"elementor-container elementor-column-gap-default\">\n\t\t\t\t\t<div class=\"elementor-column elementor-col-100 elementor-top-column elementor-element elementor-element-79a3a758\" data-id=\"79a3a758\" data-element_type=\"column\" data-e-type=\"column\" data-settings=\"{&quot;background_background&quot;:&quot;gradient&quot;}\">\n\t\t\t<div class=\"elementor-widget-wrap elementor-element-populated\">\n\t\t\t\t\t\t<section class=\"elementor-section elementor-inner-section elementor-element elementor-element-15df63d4 elementor-section-boxed elementor-section-height-default elementor-section-height-default\" data-id=\"15df63d4\" data-element_type=\"section\" data-e-type=\"section\">\n\t\t\t\t\t\t<div class=\"elementor-container elementor-column-gap-default\">\n\t\t\t\t\t<div class=\"elementor-column elementor-col-50 elementor-inner-column elementor-element elementor-element-6a7dabf1\" data-id=\"6a7dabf1\" data-element_type=\"column\" data-e-type=\"column\">\n\t\t\t<div class=\"elementor-widget-wrap elementor-element-populated\">\n\t\t\t\t\t\t<div class=\"elementor-element elementor-element-62387d8e elementor-widget elementor-widget-image\" data-id=\"62387d8e\" data-element_type=\"widget\" data-e-type=\"widget\" data-widget_type=\"image.default\">\n\t\t\t\t<div class=\"elementor-widget-container\">\n\t\t\t\t\t\t\t\t\t\t\t\t\t\t\t\t<a href=\"http:\/\/www.nina-sh.de\/?page_id=25\">\n\t\t\t\t\t\t\t<img decoding=\"async\" width=\"300\" height=\"300\" src=\"https:\/\/www.nina-sh.de\/wp-content\/uploads\/2020\/05\/parts-1086747_640-300x300.png\" class=\"elementor-animation-grow attachment-medium size-medium wp-image-2237\" alt=\"\" srcset=\"https:\/\/www.nina-sh.de\/wp-content\/uploads\/2020\/05\/parts-1086747_640-300x300.png 300w, https:\/\/www.nina-sh.de\/wp-content\/uploads\/2020\/05\/parts-1086747_640-150x150.png 150w, https:\/\/www.nina-sh.de\/wp-content\/uploads\/2020\/05\/parts-1086747_640-230x230.png 230w, https:\/\/www.nina-sh.de\/wp-content\/uploads\/2020\/05\/parts-1086747_640-350x350.png 350w, https:\/\/www.nina-sh.de\/wp-content\/uploads\/2020\/05\/parts-1086747_640-480x480.png 480w, https:\/\/www.nina-sh.de\/wp-content\/uploads\/2020\/05\/parts-1086747_640.png 640w\" sizes=\"(max-width: 300px) 100vw, 300px\" \/>\t\t\t\t\t\t\t\t<\/a>\n\t\t\t\t\t\t\t\t\t\t\t\t\t\t\t<\/div>\n\t\t\t\t<\/div>\n\t\t\t\t\t<\/div>\n\t\t<\/div>\n\t\t\t\t<div class=\"elementor-column elementor-col-50 elementor-inner-column elementor-element elementor-element-1f2bc470\" data-id=\"1f2bc470\" data-element_type=\"column\" data-e-type=\"column\">\n\t\t\t<div class=\"elementor-widget-wrap elementor-element-populated\">\n\t\t\t\t\t\t<div class=\"elementor-element elementor-element-731e710d elementor-widget elementor-widget-heading\" data-id=\"731e710d\" data-element_type=\"widget\" data-e-type=\"widget\" data-widget_type=\"heading.default\">\n\t\t\t\t<div class=\"elementor-widget-container\">\n\t\t\t\t\t<h2 class=\"elementor-heading-title elementor-size-default\"><a href=\"http:\/\/www.nina-sh.de\/?page_id=25\">Werden Sie Mitglied bei NINa SH...<\/a><\/h2>\t\t\t\t<\/div>\n\t\t\t\t<\/div>\n\t\t\t\t<div class=\"elementor-element elementor-element-13dd7245 elementor-icon-list--layout-traditional elementor-list-item-link-full_width elementor-widget elementor-widget-icon-list\" data-id=\"13dd7245\" data-element_type=\"widget\" data-e-type=\"widget\" data-widget_type=\"icon-list.default\">\n\t\t\t\t<div class=\"elementor-widget-container\">\n\t\t\t\t\t\t\t<ul class=\"elementor-icon-list-items\">\n\t\t\t\t\t\t\t<li class=\"elementor-icon-list-item\">\n\t\t\t\t\t\t\t\t\t\t\t<a href=\"http:\/\/www.nina-sh.de\/?page_id=25\">\n\n\t\t\t\t\t\t\t\t\t\t\t\t<span class=\"elementor-icon-list-icon\">\n\t\t\t\t\t\t\t<i aria-hidden=\"true\" class=\"fas fa-check\"><\/i>\t\t\t\t\t\t<\/span>\n\t\t\t\t\t\t\t\t\t\t<span class=\"elementor-icon-list-text\">Interdisziplin\u00e4re Nanotechnologie-Kompetenz<\/span>\n\t\t\t\t\t\t\t\t\t\t\t<\/a>\n\t\t\t\t\t\t\t\t\t<\/li>\n\t\t\t\t\t\t\t\t<li class=\"elementor-icon-list-item\">\n\t\t\t\t\t\t\t\t\t\t\t<a href=\"http:\/\/www.nina-sh.de\/?page_id=25\">\n\n\t\t\t\t\t\t\t\t\t\t\t\t<span class=\"elementor-icon-list-icon\">\n\t\t\t\t\t\t\t<i aria-hidden=\"true\" class=\"fas fa-check\"><\/i>\t\t\t\t\t\t<\/span>\n\t\t\t\t\t\t\t\t\t\t<span class=\"elementor-icon-list-text\">Expertennetzwerk aus Forschung, Industrie und Politik<\/span>\n\t\t\t\t\t\t\t\t\t\t\t<\/a>\n\t\t\t\t\t\t\t\t\t<\/li>\n\t\t\t\t\t\t\t\t<li class=\"elementor-icon-list-item\">\n\t\t\t\t\t\t\t\t\t\t\t<a href=\"http:\/\/www.nina-sh.de\/?page_id=25\">\n\n\t\t\t\t\t\t\t\t\t\t\t\t<span class=\"elementor-icon-list-icon\">\n\t\t\t\t\t\t\t<i aria-hidden=\"true\" class=\"fas fa-check\"><\/i>\t\t\t\t\t\t<\/span>\n\t\t\t\t\t\t\t\t\t\t<span class=\"elementor-icon-list-text\">Interessenvertretung auf Bundes- und EU-Ebene<\/span>\n\t\t\t\t\t\t\t\t\t\t\t<\/a>\n\t\t\t\t\t\t\t\t\t<\/li>\n\t\t\t\t\t\t<\/ul>\n\t\t\t\t\t\t<\/div>\n\t\t\t\t<\/div>\n\t\t\t\t<div class=\"elementor-element elementor-element-578b721d elementor-button-warning elementor-align-center elementor-widget elementor-widget-button\" data-id=\"578b721d\" data-element_type=\"widget\" data-e-type=\"widget\" data-widget_type=\"button.default\">\n\t\t\t\t<div class=\"elementor-widget-container\">\n\t\t\t\t\t\t\t\t\t<div class=\"elementor-button-wrapper\">\n\t\t\t\t\t<a class=\"elementor-button elementor-button-link elementor-size-sm\" href=\"http:\/\/www.nina-sh.de\/?page_id=25\">\n\t\t\t\t\t\t<span class=\"elementor-button-content-wrapper\">\n\t\t\t\t\t\t\t\t\t<span class=\"elementor-button-text\">Information zur Mitgliedschaft<\/span>\n\t\t\t\t\t<\/span>\n\t\t\t\t\t<\/a>\n\t\t\t\t<\/div>\n\t\t\t\t\t\t\t\t<\/div>\n\t\t\t\t<\/div>\n\t\t\t\t\t<\/div>\n\t\t<\/div>\n\t\t\t\t\t<\/div>\n\t\t<\/section>\n\t\t\t\t\t<\/div>\n\t\t<\/div>\n\t\t\t\t\t<\/div>\n\t\t<\/section>\n\t\t\t\t<\/div>\n\t\t","protected":false},"excerpt":{"rendered":"<p>Ziele der Initiative Ziel der &#8222;North European Initiative Nanotechnology e.V.&#8220;, kurz NINa SH e.V., ist die F\u00f6rderung von Wissenschaft und Forschung insbesondere auf dem Gebiet der Nanotechnologie und angrenzender Technologiebereiche in Schleswig-Holstein durch Vernetzung der Akteure in Schleswig-Holstein mit den Akteuren aus allen n\u00f6rdlichen Bundesl\u00e4ndern und den Ostseeanrainerstaaten. Im Rahmen der NINa SH tauschen wissenschaftliche [&hellip;]<\/p>\n","protected":false},"author":1,"featured_media":0,"parent":0,"menu_order":0,"comment_status":"closed","ping_status":"closed","template":"page-templates\/page_fullwidth.php","meta":{"footnotes":""},"class_list":["post-13","page","type-page","status-publish","hentry"],"yoast_head":"<!-- This site is optimized with the Yoast SEO plugin v27.3 - https:\/\/yoast.com\/product\/yoast-seo-wordpress\/ -->\n<title>\u00dcber NINa SH - NINa e.V.<\/title>\n<meta name=\"robots\" content=\"index, follow, max-snippet:-1, max-image-preview:large, max-video-preview:-1\" \/>\n<link rel=\"canonical\" href=\"https:\/\/www.nina-sh.de\/?page_id=13\" \/>\n<meta property=\"og:locale\" content=\"de_DE\" \/>\n<meta property=\"og:type\" content=\"article\" \/>\n<meta property=\"og:title\" content=\"\u00dcber NINa SH - NINa e.V.\" \/>\n<meta property=\"og:description\" content=\"Ziele der Initiative Ziel der &#8222;North European Initiative Nanotechnology e.V.&#8220;, kurz NINa SH e.V., ist die F\u00f6rderung von Wissenschaft und Forschung insbesondere auf dem Gebiet der Nanotechnologie und angrenzender Technologiebereiche in Schleswig-Holstein durch Vernetzung der Akteure in Schleswig-Holstein mit den Akteuren aus allen n\u00f6rdlichen Bundesl\u00e4ndern und den Ostseeanrainerstaaten. Im Rahmen der NINa SH tauschen wissenschaftliche [&hellip;]\" \/>\n<meta property=\"og:url\" content=\"https:\/\/www.nina-sh.de\/?page_id=13\" \/>\n<meta property=\"og:site_name\" content=\"NINa e.V.\" \/>\n<meta property=\"article:modified_time\" content=\"2024-06-24T08:50:34+00:00\" \/>\n<meta property=\"og:image\" content=\"https:\/\/www.nina-sh.de\/wp-content\/uploads\/2020\/05\/DSC_5767_PS_small-e1588429819109.jpg\" \/>\n\t<meta property=\"og:image:width\" content=\"1000\" \/>\n\t<meta property=\"og:image:height\" content=\"575\" \/>\n\t<meta property=\"og:image:type\" content=\"image\/jpeg\" \/>\n<meta name=\"twitter:card\" content=\"summary_large_image\" \/>\n<meta name=\"twitter:label1\" content=\"Gesch\u00e4tzte Lesezeit\" \/>\n\t<meta name=\"twitter:data1\" content=\"2\u00a0Minuten\" \/>\n<script type=\"application\/ld+json\" class=\"yoast-schema-graph\">{\"@context\":\"https:\\\/\\\/schema.org\",\"@graph\":[{\"@type\":\"WebPage\",\"@id\":\"https:\\\/\\\/www.nina-sh.de\\\/?page_id=13\",\"url\":\"https:\\\/\\\/www.nina-sh.de\\\/?page_id=13\",\"name\":\"\u00dcber NINa SH - NINa e.V.\",\"isPartOf\":{\"@id\":\"https:\\\/\\\/www.nina-sh.de\\\/#website\"},\"primaryImageOfPage\":{\"@id\":\"https:\\\/\\\/www.nina-sh.de\\\/?page_id=13#primaryimage\"},\"image\":{\"@id\":\"https:\\\/\\\/www.nina-sh.de\\\/?page_id=13#primaryimage\"},\"thumbnailUrl\":\"http:\\\/\\\/www.nina-sh.de\\\/wp-content\\\/uploads\\\/2020\\\/05\\\/DSC_5767_PS_small-e1588429819109.jpg\",\"datePublished\":\"2015-02-19T10:47:38+00:00\",\"dateModified\":\"2024-06-24T08:50:34+00:00\",\"breadcrumb\":{\"@id\":\"https:\\\/\\\/www.nina-sh.de\\\/?page_id=13#breadcrumb\"},\"inLanguage\":\"de\",\"potentialAction\":[{\"@type\":\"ReadAction\",\"target\":[\"https:\\\/\\\/www.nina-sh.de\\\/?page_id=13\"]}]},{\"@type\":\"ImageObject\",\"inLanguage\":\"de\",\"@id\":\"https:\\\/\\\/www.nina-sh.de\\\/?page_id=13#primaryimage\",\"url\":\"https:\\\/\\\/www.nina-sh.de\\\/wp-content\\\/uploads\\\/2020\\\/05\\\/DSC_5767_PS_small-e1588429819109.jpg\",\"contentUrl\":\"https:\\\/\\\/www.nina-sh.de\\\/wp-content\\\/uploads\\\/2020\\\/05\\\/DSC_5767_PS_small-e1588429819109.jpg\",\"width\":1000,\"height\":575},{\"@type\":\"BreadcrumbList\",\"@id\":\"https:\\\/\\\/www.nina-sh.de\\\/?page_id=13#breadcrumb\",\"itemListElement\":[{\"@type\":\"ListItem\",\"position\":1,\"name\":\"Startseite\",\"item\":\"https:\\\/\\\/www.nina-sh.de\\\/?page_id=9\"},{\"@type\":\"ListItem\",\"position\":2,\"name\":\"\u00dcber NINa SH\"}]},{\"@type\":\"WebSite\",\"@id\":\"https:\\\/\\\/www.nina-sh.de\\\/#website\",\"url\":\"https:\\\/\\\/www.nina-sh.de\\\/\",\"name\":\"NINa e.V.\",\"description\":\"\",\"publisher\":{\"@id\":\"https:\\\/\\\/www.nina-sh.de\\\/#organization\"},\"potentialAction\":[{\"@type\":\"SearchAction\",\"target\":{\"@type\":\"EntryPoint\",\"urlTemplate\":\"https:\\\/\\\/www.nina-sh.de\\\/?s={search_term_string}\"},\"query-input\":{\"@type\":\"PropertyValueSpecification\",\"valueRequired\":true,\"valueName\":\"search_term_string\"}}],\"inLanguage\":\"de\"},{\"@type\":\"Organization\",\"@id\":\"https:\\\/\\\/www.nina-sh.de\\\/#organization\",\"name\":\"NINa e.V.\",\"url\":\"https:\\\/\\\/www.nina-sh.de\\\/\",\"logo\":{\"@type\":\"ImageObject\",\"inLanguage\":\"de\",\"@id\":\"https:\\\/\\\/www.nina-sh.de\\\/#\\\/schema\\\/logo\\\/image\\\/\",\"url\":\"https:\\\/\\\/www.nina-sh.de\\\/wp-content\\\/uploads\\\/2024\\\/10\\\/Logo_NINa-EU_var1-scaled.jpg\",\"contentUrl\":\"https:\\\/\\\/www.nina-sh.de\\\/wp-content\\\/uploads\\\/2024\\\/10\\\/Logo_NINa-EU_var1-scaled.jpg\",\"width\":2560,\"height\":805,\"caption\":\"NINa e.V.\"},\"image\":{\"@id\":\"https:\\\/\\\/www.nina-sh.de\\\/#\\\/schema\\\/logo\\\/image\\\/\"}}]}<\/script>\n<!-- \/ Yoast SEO plugin. -->","yoast_head_json":{"title":"\u00dcber NINa SH - NINa e.V.","robots":{"index":"index","follow":"follow","max-snippet":"max-snippet:-1","max-image-preview":"max-image-preview:large","max-video-preview":"max-video-preview:-1"},"canonical":"https:\/\/www.nina-sh.de\/?page_id=13","og_locale":"de_DE","og_type":"article","og_title":"\u00dcber NINa SH - NINa e.V.","og_description":"Ziele der Initiative Ziel der &#8222;North European Initiative Nanotechnology e.V.&#8220;, kurz NINa SH e.V., ist die F\u00f6rderung von Wissenschaft und Forschung insbesondere auf dem Gebiet der Nanotechnologie und angrenzender Technologiebereiche in Schleswig-Holstein durch Vernetzung der Akteure in Schleswig-Holstein mit den Akteuren aus allen n\u00f6rdlichen Bundesl\u00e4ndern und den Ostseeanrainerstaaten. Im Rahmen der NINa SH tauschen wissenschaftliche [&hellip;]","og_url":"https:\/\/www.nina-sh.de\/?page_id=13","og_site_name":"NINa e.V.","article_modified_time":"2024-06-24T08:50:34+00:00","og_image":[{"width":1000,"height":575,"url":"https:\/\/www.nina-sh.de\/wp-content\/uploads\/2020\/05\/DSC_5767_PS_small-e1588429819109.jpg","type":"image\/jpeg"}],"twitter_card":"summary_large_image","twitter_misc":{"Gesch\u00e4tzte Lesezeit":"2\u00a0Minuten"},"schema":{"@context":"https:\/\/schema.org","@graph":[{"@type":"WebPage","@id":"https:\/\/www.nina-sh.de\/?page_id=13","url":"https:\/\/www.nina-sh.de\/?page_id=13","name":"\u00dcber NINa SH - NINa e.V.","isPartOf":{"@id":"https:\/\/www.nina-sh.de\/#website"},"primaryImageOfPage":{"@id":"https:\/\/www.nina-sh.de\/?page_id=13#primaryimage"},"image":{"@id":"https:\/\/www.nina-sh.de\/?page_id=13#primaryimage"},"thumbnailUrl":"http:\/\/www.nina-sh.de\/wp-content\/uploads\/2020\/05\/DSC_5767_PS_small-e1588429819109.jpg","datePublished":"2015-02-19T10:47:38+00:00","dateModified":"2024-06-24T08:50:34+00:00","breadcrumb":{"@id":"https:\/\/www.nina-sh.de\/?page_id=13#breadcrumb"},"inLanguage":"de","potentialAction":[{"@type":"ReadAction","target":["https:\/\/www.nina-sh.de\/?page_id=13"]}]},{"@type":"ImageObject","inLanguage":"de","@id":"https:\/\/www.nina-sh.de\/?page_id=13#primaryimage","url":"https:\/\/www.nina-sh.de\/wp-content\/uploads\/2020\/05\/DSC_5767_PS_small-e1588429819109.jpg","contentUrl":"https:\/\/www.nina-sh.de\/wp-content\/uploads\/2020\/05\/DSC_5767_PS_small-e1588429819109.jpg","width":1000,"height":575},{"@type":"BreadcrumbList","@id":"https:\/\/www.nina-sh.de\/?page_id=13#breadcrumb","itemListElement":[{"@type":"ListItem","position":1,"name":"Startseite","item":"https:\/\/www.nina-sh.de\/?page_id=9"},{"@type":"ListItem","position":2,"name":"\u00dcber NINa SH"}]},{"@type":"WebSite","@id":"https:\/\/www.nina-sh.de\/#website","url":"https:\/\/www.nina-sh.de\/","name":"NINa e.V.","description":"","publisher":{"@id":"https:\/\/www.nina-sh.de\/#organization"},"potentialAction":[{"@type":"SearchAction","target":{"@type":"EntryPoint","urlTemplate":"https:\/\/www.nina-sh.de\/?s={search_term_string}"},"query-input":{"@type":"PropertyValueSpecification","valueRequired":true,"valueName":"search_term_string"}}],"inLanguage":"de"},{"@type":"Organization","@id":"https:\/\/www.nina-sh.de\/#organization","name":"NINa e.V.","url":"https:\/\/www.nina-sh.de\/","logo":{"@type":"ImageObject","inLanguage":"de","@id":"https:\/\/www.nina-sh.de\/#\/schema\/logo\/image\/","url":"https:\/\/www.nina-sh.de\/wp-content\/uploads\/2024\/10\/Logo_NINa-EU_var1-scaled.jpg","contentUrl":"https:\/\/www.nina-sh.de\/wp-content\/uploads\/2024\/10\/Logo_NINa-EU_var1-scaled.jpg","width":2560,"height":805,"caption":"NINa e.V."},"image":{"@id":"https:\/\/www.nina-sh.de\/#\/schema\/logo\/image\/"}}]}},"_links":{"self":[{"href":"https:\/\/www.nina-sh.de\/index.php?rest_route=\/wp\/v2\/pages\/13","targetHints":{"allow":["GET"]}}],"collection":[{"href":"https:\/\/www.nina-sh.de\/index.php?rest_route=\/wp\/v2\/pages"}],"about":[{"href":"https:\/\/www.nina-sh.de\/index.php?rest_route=\/wp\/v2\/types\/page"}],"author":[{"embeddable":true,"href":"https:\/\/www.nina-sh.de\/index.php?rest_route=\/wp\/v2\/users\/1"}],"replies":[{"embeddable":true,"href":"https:\/\/www.nina-sh.de\/index.php?rest_route=%2Fwp%2Fv2%2Fcomments&post=13"}],"version-history":[{"count":45,"href":"https:\/\/www.nina-sh.de\/index.php?rest_route=\/wp\/v2\/pages\/13\/revisions"}],"predecessor-version":[{"id":4947,"href":"https:\/\/www.nina-sh.de\/index.php?rest_route=\/wp\/v2\/pages\/13\/revisions\/4947"}],"wp:attachment":[{"href":"https:\/\/www.nina-sh.de\/index.php?rest_route=%2Fwp%2Fv2%2Fmedia&parent=13"}],"curies":[{"name":"wp","href":"https:\/\/api.w.org\/{rel}","templated":true}]}}