{"id":123,"date":"2015-02-19T10:27:54","date_gmt":"2015-02-19T10:27:54","guid":{"rendered":"http:\/\/www.nina-sh.de\/?page_id=123"},"modified":"2026-04-08T15:58:54","modified_gmt":"2026-04-08T14:58:54","slug":"impressum","status":"publish","type":"page","link":"https:\/\/www.nina-sh.de\/?page_id=123","title":{"rendered":"Impressum"},"content":{"rendered":"\t\t<div data-elementor-type=\"wp-page\" data-elementor-id=\"123\" class=\"elementor elementor-123\">\n\t\t\t\t\t\t<section class=\"elementor-section elementor-top-section elementor-element elementor-element-6c11720a elementor-section-boxed elementor-section-height-default elementor-section-height-default\" data-id=\"6c11720a\" data-element_type=\"section\" data-e-type=\"section\">\n\t\t\t\t\t\t<div class=\"elementor-container elementor-column-gap-default\">\n\t\t\t\t\t<div class=\"elementor-column elementor-col-100 elementor-top-column elementor-element elementor-element-72bc9447\" data-id=\"72bc9447\" data-element_type=\"column\" data-e-type=\"column\">\n\t\t\t<div class=\"elementor-widget-wrap elementor-element-populated\">\n\t\t\t\t\t\t<div class=\"elementor-element elementor-element-110b0d11 elementor-widget elementor-widget-text-editor\" data-id=\"110b0d11\" data-element_type=\"widget\" data-e-type=\"widget\" data-widget_type=\"text-editor.default\">\n\t\t\t\t<div class=\"elementor-widget-container\">\n\t\t\t\t\t\t\t\t\t<p><\/p>\n<hr class=\"wp-block-separator has-css-opacity is-style-wide; title-separator\" \/>\n<p><\/p>\n<p><strong>Anbieter<\/strong><\/p>\n<p>Anbieter dieser Internetpr\u00e4senz ist im Rechtssinne:<\/p>\n<p>North European Initiative Nanotechnology e.V. (NINa e.V.).<\/p>\n<p>Anschrift:<br \/>North European Initiative Nanotechnology e.V. <br \/>c\/o Dr. Christian Ohrt<br \/>Zentrum f\u00fcr Entrepreneurship<br \/>Christian-Albrechts-Universit\u00e4t zu Kiel<br \/>Westring 423<br \/>24118 Kiel<\/p>\n<p>Telefon: +49 (0)431 880-4771<br \/>E-Mail: info@nina-sh.de<\/p>\n<p>NINa e.V. ist ein eingetragener Verein mit Sitz in Kiel und wird gesetzlich vertreten durch den gesch\u00e4ftsf\u00fchrenden Vorstand:<\/p>\n<ul>\n<li>Prof. Dr. Rainer Adelung, 1. Vorsitzender<\/li>\n<li>Prof. Dr. Horst-G\u00fcnter Rubahn, 2. Vorsitzender<\/li>\n<li>Dr. Ralf Zimehl, Schatzmeister<\/li>\n<\/ul>\n<p><strong>Rechtliche Hinweise zur Organisationsform des Anbieters<\/strong><br \/>NINa e.V. ist ein eingetragener Verein mit Sitz in Kiel.<\/p>\n<p>Vereinsregisternummer: VR 6231 KI<br \/>Gl\u00e4ubiger-Identifikationsnummer: DE75ZZZ00001501537<\/p>\n<p><strong>Verantwortlich im Sinne des Pressegesetzes:<\/strong><br \/>Der gesch\u00e4ftsf\u00fchrende Vorstand.<\/p>\n<h3><strong>Haftungshinweise<\/strong><\/h3>\n<h4>1. Inhalt der Internetpr\u00e4senz<\/h4>\n<p class=\"block\">Der Anbieter \u00fcbernimmt trotz sorgf\u00e4ltiger inhaltlicher Kontrolle keine Haftung f\u00fcr Aktualit\u00e4t, Richtigkeit oder Vollst\u00e4ndigkeit der bereitgestellten Informationen. Die Nutzung der Website und deren Inhalte erfolgt auf eigene Gefahr durch den Nutzer. Alle Angebote sind unverbindlich und freibleibend.<\/p>\n<p class=\"block\">Der Anbieter beh\u00e4lt sich vor, die Webseiten teilweise oder gesamthaft ohne Ank\u00fcndigung zu ver\u00e4ndern, zu erg\u00e4nzen oder zu l\u00f6schen.<\/p>\n<h4>2. Verlinkungen<\/h4>\n<p class=\"block\">Der Anbieter ist f\u00fcr die eigenen Inhalte, die er zur Nutzung bereitstellt, nach den allgemeinen Gesetzen verantwortlich. Zu unterscheiden sind von diesen eigenen Inhalten externe Links, die auf Inhalte anderer Anbieter verweisen. Diese fremden Inhalte stammen nicht vom Anbieter und dienen lediglich der Information.<\/p>\n<h4>3. Urheberrecht<\/h4>\n<p class=\"block\">Das Copyright f\u00fcr die auf dieser Webseite durch den Anbieter ver\u00f6ffentlichten Inhalte liegt allein beim Anbieter. Eine Vervielf\u00e4ltigung oder Verwendung von durch den Anbieter erstellte Abbildungen, Audio- und Videodokumente sowie Texte in anderen elektronischen oder gedruckten Publikationen ist ohne aus\u00addr\u00fcckliche Zustimmung des Anbieters nicht gestattet.<br \/>Hiervon ausgenommen sind Einladungen und Informationen zu Veranstaltungen des Anbieters, die frei vervielf\u00e4ltigt und weitergegeben werden k\u00f6nnen.<\/p>\t\t\t\t\t\t\t\t<\/div>\n\t\t\t\t<\/div>\n\t\t\t\t\t<\/div>\n\t\t<\/div>\n\t\t\t\t\t<\/div>\n\t\t<\/section>\n\t\t\t\t<\/div>\n\t\t","protected":false},"excerpt":{"rendered":"<p>Anbieter Anbieter dieser Internetpr\u00e4senz ist im Rechtssinne: North European Initiative Nanotechnology e.V. (NINa e.V.). Anschrift:North European Initiative Nanotechnology e.V. c\/o Dr. Christian OhrtZentrum f\u00fcr EntrepreneurshipChristian-Albrechts-Universit\u00e4t zu KielWestring 42324118 Kiel Telefon: +49 (0)431 880-4771E-Mail: info@nina-sh.de NINa e.V. ist ein eingetragener Verein mit Sitz in Kiel und wird gesetzlich vertreten durch den gesch\u00e4ftsf\u00fchrenden Vorstand: Prof. Dr. Rainer [&hellip;]<\/p>\n","protected":false},"author":1,"featured_media":0,"parent":0,"menu_order":0,"comment_status":"closed","ping_status":"closed","template":"page-templates\/page_fullwidth.php","meta":{"footnotes":""},"class_list":["post-123","page","type-page","status-publish","hentry"],"yoast_head":"<!-- This site is optimized with the Yoast SEO plugin v27.3 - https:\/\/yoast.com\/product\/yoast-seo-wordpress\/ -->\n<title>Impressum - NINa e.V.<\/title>\n<meta name=\"robots\" content=\"index, follow, max-snippet:-1, max-image-preview:large, max-video-preview:-1\" \/>\n<link rel=\"canonical\" href=\"https:\/\/www.nina-sh.de\/?page_id=123\" \/>\n<meta property=\"og:locale\" content=\"de_DE\" \/>\n<meta property=\"og:type\" content=\"article\" \/>\n<meta property=\"og:title\" content=\"Impressum - NINa e.V.\" \/>\n<meta property=\"og:description\" content=\"Anbieter Anbieter dieser Internetpr\u00e4senz ist im Rechtssinne: North European Initiative Nanotechnology e.V. (NINa e.V.). Anschrift:North European Initiative Nanotechnology e.V. c\/o Dr. Christian OhrtZentrum f\u00fcr EntrepreneurshipChristian-Albrechts-Universit\u00e4t zu KielWestring 42324118 Kiel Telefon: +49 (0)431 880-4771E-Mail: info@nina-sh.de NINa e.V. ist ein eingetragener Verein mit Sitz in Kiel und wird gesetzlich vertreten durch den gesch\u00e4ftsf\u00fchrenden Vorstand: Prof. Dr. Rainer [&hellip;]\" \/>\n<meta property=\"og:url\" content=\"https:\/\/www.nina-sh.de\/?page_id=123\" \/>\n<meta property=\"og:site_name\" content=\"NINa e.V.\" \/>\n<meta property=\"article:modified_time\" content=\"2026-04-08T14:58:54+00:00\" \/>\n<meta name=\"twitter:card\" content=\"summary_large_image\" \/>\n<meta name=\"twitter:label1\" content=\"Gesch\u00e4tzte Lesezeit\" \/>\n\t<meta name=\"twitter:data1\" content=\"2\u00a0Minuten\" \/>\n<script type=\"application\/ld+json\" class=\"yoast-schema-graph\">{\"@context\":\"https:\\\/\\\/schema.org\",\"@graph\":[{\"@type\":\"WebPage\",\"@id\":\"https:\\\/\\\/www.nina-sh.de\\\/?page_id=123\",\"url\":\"https:\\\/\\\/www.nina-sh.de\\\/?page_id=123\",\"name\":\"Impressum - NINa e.V.\",\"isPartOf\":{\"@id\":\"https:\\\/\\\/www.nina-sh.de\\\/#website\"},\"datePublished\":\"2015-02-19T10:27:54+00:00\",\"dateModified\":\"2026-04-08T14:58:54+00:00\",\"breadcrumb\":{\"@id\":\"https:\\\/\\\/www.nina-sh.de\\\/?page_id=123#breadcrumb\"},\"inLanguage\":\"de\",\"potentialAction\":[{\"@type\":\"ReadAction\",\"target\":[\"https:\\\/\\\/www.nina-sh.de\\\/?page_id=123\"]}]},{\"@type\":\"BreadcrumbList\",\"@id\":\"https:\\\/\\\/www.nina-sh.de\\\/?page_id=123#breadcrumb\",\"itemListElement\":[{\"@type\":\"ListItem\",\"position\":1,\"name\":\"Startseite\",\"item\":\"https:\\\/\\\/www.nina-sh.de\\\/?page_id=9\"},{\"@type\":\"ListItem\",\"position\":2,\"name\":\"Impressum\"}]},{\"@type\":\"WebSite\",\"@id\":\"https:\\\/\\\/www.nina-sh.de\\\/#website\",\"url\":\"https:\\\/\\\/www.nina-sh.de\\\/\",\"name\":\"NINa e.V.\",\"description\":\"\",\"publisher\":{\"@id\":\"https:\\\/\\\/www.nina-sh.de\\\/#organization\"},\"potentialAction\":[{\"@type\":\"SearchAction\",\"target\":{\"@type\":\"EntryPoint\",\"urlTemplate\":\"https:\\\/\\\/www.nina-sh.de\\\/?s={search_term_string}\"},\"query-input\":{\"@type\":\"PropertyValueSpecification\",\"valueRequired\":true,\"valueName\":\"search_term_string\"}}],\"inLanguage\":\"de\"},{\"@type\":\"Organization\",\"@id\":\"https:\\\/\\\/www.nina-sh.de\\\/#organization\",\"name\":\"NINa e.V.\",\"url\":\"https:\\\/\\\/www.nina-sh.de\\\/\",\"logo\":{\"@type\":\"ImageObject\",\"inLanguage\":\"de\",\"@id\":\"https:\\\/\\\/www.nina-sh.de\\\/#\\\/schema\\\/logo\\\/image\\\/\",\"url\":\"https:\\\/\\\/www.nina-sh.de\\\/wp-content\\\/uploads\\\/2024\\\/10\\\/Logo_NINa-EU_var1-scaled.jpg\",\"contentUrl\":\"https:\\\/\\\/www.nina-sh.de\\\/wp-content\\\/uploads\\\/2024\\\/10\\\/Logo_NINa-EU_var1-scaled.jpg\",\"width\":2560,\"height\":805,\"caption\":\"NINa e.V.\"},\"image\":{\"@id\":\"https:\\\/\\\/www.nina-sh.de\\\/#\\\/schema\\\/logo\\\/image\\\/\"}}]}<\/script>\n<!-- \/ Yoast SEO plugin. -->","yoast_head_json":{"title":"Impressum - NINa e.V.","robots":{"index":"index","follow":"follow","max-snippet":"max-snippet:-1","max-image-preview":"max-image-preview:large","max-video-preview":"max-video-preview:-1"},"canonical":"https:\/\/www.nina-sh.de\/?page_id=123","og_locale":"de_DE","og_type":"article","og_title":"Impressum - NINa e.V.","og_description":"Anbieter Anbieter dieser Internetpr\u00e4senz ist im Rechtssinne: North European Initiative Nanotechnology e.V. (NINa e.V.). Anschrift:North European Initiative Nanotechnology e.V. c\/o Dr. Christian OhrtZentrum f\u00fcr EntrepreneurshipChristian-Albrechts-Universit\u00e4t zu KielWestring 42324118 Kiel Telefon: +49 (0)431 880-4771E-Mail: info@nina-sh.de NINa e.V. ist ein eingetragener Verein mit Sitz in Kiel und wird gesetzlich vertreten durch den gesch\u00e4ftsf\u00fchrenden Vorstand: Prof. Dr. Rainer [&hellip;]","og_url":"https:\/\/www.nina-sh.de\/?page_id=123","og_site_name":"NINa e.V.","article_modified_time":"2026-04-08T14:58:54+00:00","twitter_card":"summary_large_image","twitter_misc":{"Gesch\u00e4tzte Lesezeit":"2\u00a0Minuten"},"schema":{"@context":"https:\/\/schema.org","@graph":[{"@type":"WebPage","@id":"https:\/\/www.nina-sh.de\/?page_id=123","url":"https:\/\/www.nina-sh.de\/?page_id=123","name":"Impressum - NINa e.V.","isPartOf":{"@id":"https:\/\/www.nina-sh.de\/#website"},"datePublished":"2015-02-19T10:27:54+00:00","dateModified":"2026-04-08T14:58:54+00:00","breadcrumb":{"@id":"https:\/\/www.nina-sh.de\/?page_id=123#breadcrumb"},"inLanguage":"de","potentialAction":[{"@type":"ReadAction","target":["https:\/\/www.nina-sh.de\/?page_id=123"]}]},{"@type":"BreadcrumbList","@id":"https:\/\/www.nina-sh.de\/?page_id=123#breadcrumb","itemListElement":[{"@type":"ListItem","position":1,"name":"Startseite","item":"https:\/\/www.nina-sh.de\/?page_id=9"},{"@type":"ListItem","position":2,"name":"Impressum"}]},{"@type":"WebSite","@id":"https:\/\/www.nina-sh.de\/#website","url":"https:\/\/www.nina-sh.de\/","name":"NINa e.V.","description":"","publisher":{"@id":"https:\/\/www.nina-sh.de\/#organization"},"potentialAction":[{"@type":"SearchAction","target":{"@type":"EntryPoint","urlTemplate":"https:\/\/www.nina-sh.de\/?s={search_term_string}"},"query-input":{"@type":"PropertyValueSpecification","valueRequired":true,"valueName":"search_term_string"}}],"inLanguage":"de"},{"@type":"Organization","@id":"https:\/\/www.nina-sh.de\/#organization","name":"NINa e.V.","url":"https:\/\/www.nina-sh.de\/","logo":{"@type":"ImageObject","inLanguage":"de","@id":"https:\/\/www.nina-sh.de\/#\/schema\/logo\/image\/","url":"https:\/\/www.nina-sh.de\/wp-content\/uploads\/2024\/10\/Logo_NINa-EU_var1-scaled.jpg","contentUrl":"https:\/\/www.nina-sh.de\/wp-content\/uploads\/2024\/10\/Logo_NINa-EU_var1-scaled.jpg","width":2560,"height":805,"caption":"NINa e.V."},"image":{"@id":"https:\/\/www.nina-sh.de\/#\/schema\/logo\/image\/"}}]}},"_links":{"self":[{"href":"https:\/\/www.nina-sh.de\/index.php?rest_route=\/wp\/v2\/pages\/123","targetHints":{"allow":["GET"]}}],"collection":[{"href":"https:\/\/www.nina-sh.de\/index.php?rest_route=\/wp\/v2\/pages"}],"about":[{"href":"https:\/\/www.nina-sh.de\/index.php?rest_route=\/wp\/v2\/types\/page"}],"author":[{"embeddable":true,"href":"https:\/\/www.nina-sh.de\/index.php?rest_route=\/wp\/v2\/users\/1"}],"replies":[{"embeddable":true,"href":"https:\/\/www.nina-sh.de\/index.php?rest_route=%2Fwp%2Fv2%2Fcomments&post=123"}],"version-history":[{"count":23,"href":"https:\/\/www.nina-sh.de\/index.php?rest_route=\/wp\/v2\/pages\/123\/revisions"}],"predecessor-version":[{"id":5454,"href":"https:\/\/www.nina-sh.de\/index.php?rest_route=\/wp\/v2\/pages\/123\/revisions\/5454"}],"wp:attachment":[{"href":"https:\/\/www.nina-sh.de\/index.php?rest_route=%2Fwp%2Fv2%2Fmedia&parent=123"}],"curies":[{"name":"wp","href":"https:\/\/api.w.org\/{rel}","templated":true}]}}